{"id":19784,"date":"2025-02-25T18:28:32","date_gmt":"2025-02-25T18:28:32","guid":{"rendered":"https:\/\/www.reteleelectrice.ro\/funded-projects\/programul-dezvoltare-durabila\/"},"modified":"2025-09-20T13:51:01","modified_gmt":"2025-09-20T13:51:01","slug":"sustainable-development-program","status":"publish","type":"page","link":"https:\/\/www.reteleelectrice.ro\/en\/funded-projects\/sustainable-development-program\/","title":{"rendered":"Sustainable Development Program (PDD)"},"content":{"rendered":"<body><p><!--  ADD patern code from wp code editor --><\/p>\n\n    <section id=\"\" class=\"block-hero\">\n                    <div class=\"top-hero\">\n                <div class=\"left\">\n                                                                                    <h1 class=\"title-hero\">Sustainable Development Program (PDD)<\/h1>\n                                                                <div class=\"text-hero\"> The Sustainable Development Program (PDD) 2021-2027 is developed in accordance with the European Union\u2019s (EU) objective of conserving, protecting, and improving environmental quality and is aligned with Articles 11, 191, and 174 of the Treaty on the Functioning of the EU.<\/div>\n                                                        <\/div>\n                        <div class=\"right\">\n                <img loading=\"lazy\" decoding=\"async\" width=\"920\" height=\"400\" src=\"https:\/\/www.reteleelectrice.ro\/wp-content\/uploads\/pdd.webp?w=920&amp;h=400&amp;crop=1\" class=\"attachment-hero size-hero\" alt=\"St\u00e2lpi de \u00eenalt\u0103 tensiune pe c\u00e2mp.\" srcset=\"https:\/\/www.reteleelectrice.ro\/wp-content\/uploads\/pdd.webp 920w, https:\/\/www.reteleelectrice.ro\/wp-content\/uploads\/pdd.webp?resize=300,130 300w, https:\/\/www.reteleelectrice.ro\/wp-content\/uploads\/pdd.webp?resize=768,334 768w, https:\/\/www.reteleelectrice.ro\/wp-content\/uploads\/pdd.webp?resize=152,66 152w\" sizes=\"auto, (max-width: 920px) 100vw, 920px\">                <style type=\"text\/css\">\n                    @media only screen and (max-width: 1200px) {\n                        .block-hero .top-hero .main-slide .right img {\n                            object-position:\n                                                            % 0%;\n                        }\n                    }\n                <\/style>\n            <\/div>\n        <\/div>\n    <\/section>\n\n\n<section id=\"\" class=\"block-breadcrumbs\">\n    <ul id=\"breadcrumbs\" itemprop=\"breadcrumb\" class=\"breadcrumbs\"><li><a rel=\"home\" href=\"https:\/\/www.reteleelectrice.ro\/en\/\"><\/a><\/li><\/ul><\/section>\n\n<section id=\"\" class=\"block-whitecontainer\">\n    <div id=\"page-wrap\">\n        <div class=\"tabs\">\n            <div class=\"acf-innerblocks-container\">\n\n<div class=\"wp-block-columns is-layout-flex wp-container-core-columns-is-layout-28f84493 wp-block-columns-is-layout-flex\">\n<div class=\"wp-block-column is-layout-flow wp-block-column-is-layout-flow\" style=\"flex-basis:66.66%\">\n<p>PDD addresses the challenges identified under the second policy objective of EU Regulation No. 1060\/2021 of the European Parliament and the Council, \u2018A Greener Europe.\u2019<\/p>\n\n\n\n<p><\/p>\n\n\n\n<div style=\"height:20px\" aria-hidden=\"true\" class=\"wp-block-spacer\"><\/div>\n\n\n\n<p>Our ongoing projects fall under \u2018Priority 4 \u2013 Promoting energy efficiency, smart energy systems and networks, and reducing greenhouse gas emissions\u2019 and \u2018Action 4.3 \u2013 Reducing GHG emissions and increasing energy efficiency in systems. The amounts allocated for Priority 4 are 325 million euros through the European Regional Development Fund (ERDF), 523.76 million euros through the Cohesion Fund (CF), and 269.78 million euros as a national contribution.<\/p>\n<\/div>\n\n\n\n<div class=\"wp-block-column is-layout-flow wp-block-column-is-layout-flow\" style=\"flex-basis:33.33%\"><\/div>\n<\/div>\n\n\n\n<p><\/p>\n\n<\/div> \n        <\/div>\n    <\/div>\n<\/section>\n\n<section id=\"\" class=\"block-whitecontainer\">\n    <div id=\"page-wrap\">\n        <div class=\"tabs\">\n            <div class=\"acf-innerblocks-container\">\n\n<div class=\"wp-block-columns is-layout-flex wp-container-core-columns-is-layout-28f84493 wp-block-columns-is-layout-flex\">\n<div class=\"wp-block-column is-layout-flow wp-block-column-is-layout-flow\" style=\"flex-basis:66.66%\">\n<p>The specific objectives of the projects we are implementing are:<\/p>\n\n\n\n<div style=\"height:20px\" aria-hidden=\"true\" class=\"wp-block-spacer\"><\/div>\n\n\n\n<ul class=\"wp-block-list\">\n<li>promoting energy efficiency and reducing greenhouse gas emissions (ERDF and CF);<\/li>\n\n\n\n<li>promoting renewable energy sources in accordance with Directive (EU) 2018\/2001 of the European Parliament and the Council on renewable energy, including its sustainability criteria (ERDF);<\/li>\n\n\n\n<li>developing local smart energy systems, networks, and storage systems outside the trans-European energy network (ERDF and CF).<\/li>\n<\/ul>\n<\/div>\n\n\n\n<div class=\"wp-block-column is-layout-flow wp-block-column-is-layout-flow\" style=\"flex-basis:33.33%\"><\/div>\n<\/div>\n\n<\/div> \n        <\/div>\n    <\/div>\n<\/section>\n\n<section id=\"\" class=\"block-customcolumns \">\n    <div class=\"column-blocks\">\n\n<div class=\"wp-block-columns is-layout-flex wp-container-core-columns-is-layout-28f84493 wp-block-columns-is-layout-flex\">\n<div class=\"wp-block-column is-layout-flow wp-block-column-is-layout-flow\">\n<p style=\"font-size:24px\"><strong>Muntenia<\/strong><\/p>\n\n\n\n<p style=\"padding-top:16px;padding-bottom:16px\">Learn more about the projects we are implementing, funded through PDD, in the Muntenia region!<\/p>\n\n\n\n<p style=\"padding-top:16px;padding-bottom:16px\"><strong><a href=\"https:\/\/www.reteleelectrice.ro\/en\/funded-projects\/sustainable-development-program\/muntenia\/\">Find out more<\/a><\/strong><\/p>\n<\/div>\n\n\n\n<div class=\"wp-block-column is-layout-flow wp-block-column-is-layout-flow\">\n<p style=\"font-size:24px\"><strong>Banat<\/strong><\/p>\n\n\n\n<p style=\"padding-top:16px;padding-bottom:16px\">Learn more about the projects we are implementing, funded through PDD, in the Banat region!<\/p>\n\n\n\n<p style=\"padding-top:16px;padding-bottom:16px\"><strong><a href=\"https:\/\/www.reteleelectrice.ro\/en\/?page_id=19706\">Find out more<\/a><\/strong><\/p>\n<\/div>\n\n\n\n<div class=\"wp-block-column is-layout-flow wp-block-column-is-layout-flow\">\n<p style=\"font-size:24px\"><strong>Dobrogea<\/strong><\/p>\n\n\n\n<p style=\"padding-top:16px;padding-bottom:16px\">Learn more about the projects we are implementing, funded through PDD, in the Dobrogea region!<\/p>\n\n\n\n<p style=\"padding-top:8px\"><a href=\"https:\/\/www.reteleelectrice.ro\/en\/?page_id=19709\"><strong>Find out more<\/strong><\/a><\/p>\n<\/div>\n<\/div>\n\n<\/div>\n<\/section>\n\n    <div class=\"block-pdd\">\n\n                    <div class=\"pdd-container\">                                    <div class=\"pdd-image\">\n                        <img loading=\"lazy\" decoding=\"async\" width=\"9999\" height=\"66\" src=\"https:\/\/www.reteleelectrice.ro\/wp-content\/uploads\/Frame-1.svg?w=9999\" class=\"attachment-pdd size-pdd\" alt=\"Logo Uniunea European\u0103 \u0219i Guvernul Rom\u00e2niei.\">                    <\/div>\n                 \n                        <\/div>\n    <\/div>\n<\/body>","protected":false},"excerpt":{"rendered":"<p>Find out more about our investment projects in Banat, Muntenia, and Dobrogea through the Sustainable Development Program (PDD).<\/p>\n","protected":false},"author":18,"featured_media":0,"parent":19244,"menu_order":0,"comment_status":"closed","ping_status":"closed","template":"","meta":{"_acf_changed":false,"footnotes":""},"class_list":["post-19784","page","type-page","status-publish","hentry"],"acf":[],"yoast_head":"<!-- This site is optimized with the Yoast SEO Premium plugin v23.1 (Yoast SEO v27.1.1) - https:\/\/yoast.com\/product\/yoast-seo-premium-wordpress\/ -->\n<title>Sustainable Development Program | Retele Electrice<\/title>\n<meta name=\"description\" content=\"Find out more about our investment projects in Banat, Muntenia, and Dobrogea through the Sustainable Development Program (PDD).\" \/>\n<meta name=\"robots\" content=\"index, follow, max-snippet:-1, max-image-preview:large, max-video-preview:-1\" \/>\n<link rel=\"canonical\" href=\"https:\/\/www.reteleelectrice.ro\/en\/funded-projects\/sustainable-development-program\/\" \/>\n<meta property=\"og:locale\" content=\"en_US\" \/>\n<meta property=\"og:type\" content=\"article\" \/>\n<meta property=\"og:title\" content=\"Sustainable Development Program | Re\u021bele Electrice\" \/>\n<meta property=\"og:description\" content=\"Find out more about our investment projects in Banat, Muntenia, and Dobrogea through the Sustainable Development Program (PDD).\" \/>\n<meta property=\"og:url\" content=\"https:\/\/www.reteleelectrice.ro\/en\/funded-projects\/sustainable-development-program\/\" \/>\n<meta property=\"og:site_name\" content=\"reteleelectrice\" \/>\n<meta property=\"article:modified_time\" content=\"2025-09-20T13:51:01+00:00\" \/>\n<meta property=\"og:image\" content=\"https:\/\/www.reteleelectrice.ro\/wp-content\/uploads\/pdd.webp\" \/>\n\t<meta property=\"og:image:width\" content=\"920\" \/>\n\t<meta property=\"og:image:height\" content=\"400\" \/>\n\t<meta property=\"og:image:type\" content=\"image\/webp\" \/>\n<meta name=\"twitter:card\" content=\"summary_large_image\" \/>\n<meta name=\"twitter:title\" content=\"Sustainable Development Program | Re\u021bele Electrice\" \/>\n<meta name=\"twitter:description\" content=\"Find out more about our investment projects in Banat, Muntenia, and Dobrogea through the Sustainable Development Program (PDD).\" \/>\n<meta name=\"twitter:label1\" content=\"Est. reading time\" \/>\n\t<meta name=\"twitter:data1\" content=\"2 minutes\" \/>\n<script type=\"application\/ld+json\" class=\"yoast-schema-graph\">{\"@context\":\"https:\/\/schema.org\",\"@graph\":[{\"@type\":\"WebPage\",\"@id\":\"https:\/\/www.reteleelectrice.ro\/en\/funded-projects\/sustainable-development-program\/\",\"url\":\"https:\/\/www.reteleelectrice.ro\/en\/funded-projects\/sustainable-development-program\/\",\"name\":\"Sustainable Development Program | Retele Electrice\",\"isPartOf\":{\"@id\":\"https:\/\/www.reteleelectrice.ro\/#website\"},\"datePublished\":\"2025-02-25T18:28:32+00:00\",\"dateModified\":\"2025-09-20T13:51:01+00:00\",\"description\":\"Find out more about our investment projects in Banat, Muntenia, and Dobrogea through the Sustainable Development Program (PDD).\",\"breadcrumb\":{\"@id\":\"https:\/\/www.reteleelectrice.ro\/en\/funded-projects\/sustainable-development-program\/#breadcrumb\"},\"inLanguage\":\"en-US\",\"potentialAction\":[{\"@type\":\"ReadAction\",\"target\":[\"https:\/\/www.reteleelectrice.ro\/en\/funded-projects\/sustainable-development-program\/\"]}]},{\"@type\":\"BreadcrumbList\",\"@id\":\"https:\/\/www.reteleelectrice.ro\/en\/funded-projects\/sustainable-development-program\/#breadcrumb\",\"itemListElement\":[{\"@type\":\"ListItem\",\"position\":1,\"name\":\"Home\",\"item\":\"https:\/\/www.reteleelectrice.ro\/en\/\"},{\"@type\":\"ListItem\",\"position\":2,\"name\":\"Funded projects\",\"item\":\"https:\/\/www.reteleelectrice.ro\/en\/funded-projects\/\"},{\"@type\":\"ListItem\",\"position\":3,\"name\":\"Sustainable Development Program (PDD)\"}]},{\"@type\":\"WebSite\",\"@id\":\"https:\/\/www.reteleelectrice.ro\/#website\",\"url\":\"https:\/\/www.reteleelectrice.ro\/\",\"name\":\"reteleelectrice\",\"description\":\"\",\"potentialAction\":[{\"@type\":\"SearchAction\",\"target\":{\"@type\":\"EntryPoint\",\"urlTemplate\":\"https:\/\/www.reteleelectrice.ro\/?s={search_term_string}\"},\"query-input\":{\"@type\":\"PropertyValueSpecification\",\"valueRequired\":true,\"valueName\":\"search_term_string\"}}],\"inLanguage\":\"en-US\"}]}<\/script>\n<!-- \/ Yoast SEO Premium plugin. -->","yoast_head_json":{"title":"Sustainable Development Program | Retele Electrice","description":"Find out more about our investment projects in Banat, Muntenia, and Dobrogea through the Sustainable Development Program (PDD).","robots":{"index":"index","follow":"follow","max-snippet":"max-snippet:-1","max-image-preview":"max-image-preview:large","max-video-preview":"max-video-preview:-1"},"canonical":"https:\/\/www.reteleelectrice.ro\/en\/funded-projects\/sustainable-development-program\/","og_locale":"en_US","og_type":"article","og_title":"Sustainable Development Program | Re\u021bele Electrice","og_description":"Find out more about our investment projects in Banat, Muntenia, and Dobrogea through the Sustainable Development Program (PDD).","og_url":"https:\/\/www.reteleelectrice.ro\/en\/funded-projects\/sustainable-development-program\/","og_site_name":"reteleelectrice","article_modified_time":"2025-09-20T13:51:01+00:00","og_image":[{"width":920,"height":400,"url":"https:\/\/www.reteleelectrice.ro\/wp-content\/uploads\/pdd.webp","type":"image\/webp"}],"twitter_card":"summary_large_image","twitter_title":"Sustainable Development Program | Re\u021bele Electrice","twitter_description":"Find out more about our investment projects in Banat, Muntenia, and Dobrogea through the Sustainable Development Program (PDD).","twitter_misc":{"Est. reading time":"2 minutes"},"schema":{"@context":"https:\/\/schema.org","@graph":[{"@type":"WebPage","@id":"https:\/\/www.reteleelectrice.ro\/en\/funded-projects\/sustainable-development-program\/","url":"https:\/\/www.reteleelectrice.ro\/en\/funded-projects\/sustainable-development-program\/","name":"Sustainable Development Program | Retele Electrice","isPartOf":{"@id":"https:\/\/www.reteleelectrice.ro\/#website"},"datePublished":"2025-02-25T18:28:32+00:00","dateModified":"2025-09-20T13:51:01+00:00","description":"Find out more about our investment projects in Banat, Muntenia, and Dobrogea through the Sustainable Development Program (PDD).","breadcrumb":{"@id":"https:\/\/www.reteleelectrice.ro\/en\/funded-projects\/sustainable-development-program\/#breadcrumb"},"inLanguage":"en-US","potentialAction":[{"@type":"ReadAction","target":["https:\/\/www.reteleelectrice.ro\/en\/funded-projects\/sustainable-development-program\/"]}]},{"@type":"BreadcrumbList","@id":"https:\/\/www.reteleelectrice.ro\/en\/funded-projects\/sustainable-development-program\/#breadcrumb","itemListElement":[{"@type":"ListItem","position":1,"name":"Home","item":"https:\/\/www.reteleelectrice.ro\/en\/"},{"@type":"ListItem","position":2,"name":"Funded projects","item":"https:\/\/www.reteleelectrice.ro\/en\/funded-projects\/"},{"@type":"ListItem","position":3,"name":"Sustainable Development Program (PDD)"}]},{"@type":"WebSite","@id":"https:\/\/www.reteleelectrice.ro\/#website","url":"https:\/\/www.reteleelectrice.ro\/","name":"reteleelectrice","description":"","potentialAction":[{"@type":"SearchAction","target":{"@type":"EntryPoint","urlTemplate":"https:\/\/www.reteleelectrice.ro\/?s={search_term_string}"},"query-input":{"@type":"PropertyValueSpecification","valueRequired":true,"valueName":"search_term_string"}}],"inLanguage":"en-US"}]}},"parsely":{"version":"1.1.0","canonical_url":"https:\/\/reteleelectrice.ro\/en\/funded-projects\/sustainable-development-program\/","smart_links":{"inbound":0,"outbound":0},"traffic_boost_suggestions_count":0,"meta":{"@context":"https:\/\/schema.org","@type":"WebPage","headline":"Sustainable Development Program (PDD)","url":"http:\/\/www.reteleelectrice.ro\/en\/funded-projects\/sustainable-development-program\/","mainEntityOfPage":{"@type":"WebPage","@id":"http:\/\/www.reteleelectrice.ro\/en\/funded-projects\/sustainable-development-program\/"},"thumbnailUrl":"","image":{"@type":"ImageObject","url":""},"articleSection":"Uncategorized","author":[{"@type":"Person","name":"Liviu Florea"}],"creator":["Liviu Florea"],"publisher":{"@type":"Organization","name":"reteleelectrice","logo":""},"keywords":[],"dateCreated":"2025-02-25T18:28:32Z","datePublished":"2025-02-25T18:28:32Z","dateModified":"2025-09-20T13:51:01Z"},"rendered":"<script type=\"application\/ld+json\" class=\"wp-parsely-metadata\">{\"@context\":\"https:\\\/\\\/schema.org\",\"@type\":\"WebPage\",\"headline\":\"Sustainable Development Program (PDD)\",\"url\":\"http:\\\/\\\/www.reteleelectrice.ro\\\/en\\\/funded-projects\\\/sustainable-development-program\\\/\",\"mainEntityOfPage\":{\"@type\":\"WebPage\",\"@id\":\"http:\\\/\\\/www.reteleelectrice.ro\\\/en\\\/funded-projects\\\/sustainable-development-program\\\/\"},\"thumbnailUrl\":\"\",\"image\":{\"@type\":\"ImageObject\",\"url\":\"\"},\"articleSection\":\"Uncategorized\",\"author\":[{\"@type\":\"Person\",\"name\":\"Liviu Florea\"}],\"creator\":[\"Liviu Florea\"],\"publisher\":{\"@type\":\"Organization\",\"name\":\"reteleelectrice\",\"logo\":\"\"},\"keywords\":[],\"dateCreated\":\"2025-02-25T18:28:32Z\",\"datePublished\":\"2025-02-25T18:28:32Z\",\"dateModified\":\"2025-09-20T13:51:01Z\"}<\/script>","tracker_url":"https:\/\/cdn.parsely.com\/keys\/reteleelectrice.ro\/p.js"},"jetpack_sharing_enabled":true,"_links":{"self":[{"href":"https:\/\/www.reteleelectrice.ro\/en\/wp-json\/wp\/v2\/pages\/19784","targetHints":{"allow":["GET"]}}],"collection":[{"href":"https:\/\/www.reteleelectrice.ro\/en\/wp-json\/wp\/v2\/pages"}],"about":[{"href":"https:\/\/www.reteleelectrice.ro\/en\/wp-json\/wp\/v2\/types\/page"}],"author":[{"embeddable":true,"href":"https:\/\/www.reteleelectrice.ro\/en\/wp-json\/wp\/v2\/users\/18"}],"replies":[{"embeddable":true,"href":"https:\/\/www.reteleelectrice.ro\/en\/wp-json\/wp\/v2\/comments?post=19784"}],"version-history":[{"count":9,"href":"https:\/\/www.reteleelectrice.ro\/en\/wp-json\/wp\/v2\/pages\/19784\/revisions"}],"predecessor-version":[{"id":23187,"href":"https:\/\/www.reteleelectrice.ro\/en\/wp-json\/wp\/v2\/pages\/19784\/revisions\/23187"}],"up":[{"embeddable":true,"href":"https:\/\/www.reteleelectrice.ro\/en\/wp-json\/wp\/v2\/pages\/19244"}],"wp:attachment":[{"href":"https:\/\/www.reteleelectrice.ro\/en\/wp-json\/wp\/v2\/media?parent=19784"}],"curies":[{"name":"wp","href":"https:\/\/api.w.org\/{rel}","templated":true}]}}