{"id":19542,"date":"2024-10-23T13:05:42","date_gmt":"2024-10-23T13:05:42","guid":{"rendered":"https:\/\/www.reteleelectrice.ro\/masurare\/"},"modified":"2025-07-16T12:34:42","modified_gmt":"2025-07-16T12:34:42","slug":"measurement","status":"publish","type":"page","link":"https:\/\/www.reteleelectrice.ro\/en\/measurement\/","title":{"rendered":"Electricity consumption measurement"},"content":{"rendered":"<body><p><!--  ADD patern code from wp code editor --><\/p>\n\n\n<p><\/p>\n\n\n    <section id=\"\" class=\"block-hero\">\n                    <div class=\"top-hero\">\n                <div class=\"left\">\n                                                                                    <h1 class=\"title-hero\">Electricity consumption measurement<\/h1>\n                                                                <div class=\"text-hero\"> Stay informed! Update your knowledge about energy consumption measurement, places, and smart meters.<\/div>\n                                                        <\/div>\n                        <div class=\"right\">\n                <img loading=\"lazy\" decoding=\"async\" width=\"920\" height=\"400\" src=\"https:\/\/www.reteleelectrice.ro\/wp-content\/uploads\/masurarea-consumului-de-energie-electrica_7daf5a.webp?w=920&amp;h=400&amp;crop=1\" class=\"attachment-hero size-hero\" alt=\"Electrician cu casca de protectie inspectand un panou electric cu contoare digitale\" srcset=\"https:\/\/www.reteleelectrice.ro\/wp-content\/uploads\/masurarea-consumului-de-energie-electrica_7daf5a.webp 920w, https:\/\/www.reteleelectrice.ro\/wp-content\/uploads\/masurarea-consumului-de-energie-electrica_7daf5a.webp?resize=300,130 300w, https:\/\/www.reteleelectrice.ro\/wp-content\/uploads\/masurarea-consumului-de-energie-electrica_7daf5a.webp?resize=768,334 768w, https:\/\/www.reteleelectrice.ro\/wp-content\/uploads\/masurarea-consumului-de-energie-electrica_7daf5a.webp?resize=152,66 152w\" sizes=\"auto, (max-width: 920px) 100vw, 920px\">                <style type=\"text\/css\">\n                    @media only screen and (max-width: 1200px) {\n                        .block-hero .top-hero .main-slide .right img {\n                            object-position:\n                                                            % 0%;\n                        }\n                    }\n                <\/style>\n            <\/div>\n        <\/div>\n    <\/section>\n\n\n<section id=\"\" class=\"block-breadcrumbs\">\n    <ul id=\"breadcrumbs\" itemprop=\"breadcrumb\" class=\"breadcrumbs\"><li><a rel=\"home\" href=\"https:\/\/www.reteleelectrice.ro\/en\/\"><\/a><\/li><\/ul><\/section>\n\n<section id=\"\" class=\"block-whitecontainer\">\n    <div id=\"page-wrap\">\n        <div class=\"tabs\">\n            <div class=\"acf-innerblocks-container\">\n\n<div class=\"wp-block-columns is-layout-flex wp-container-core-columns-is-layout-28f84493 wp-block-columns-is-layout-flex\">\n<div class=\"wp-block-column is-layout-flow wp-block-column-is-layout-flow\" style=\"flex-basis:66.66%\">\n<p style=\"margin-top:0;padding-bottom:var(--wp--preset--spacing--30)\">Measuring electricity consumption and production is an important service we offer our customers. If you are connected to the power grid we manage, we are responsible for ensuring the continuity of your power supply and fulfilling our duties related to measuring your consumption, such as periodically reading your meter or replacing it in case of a malfunction or the need for modernization.<\/p>\n\n\n\n<p style=\"padding-bottom:16px\">All these services also facilitate the work of electricity suppliers, from which you receive invoices based on the offer you have chosen (free market) or the universal supply service (regulated market). You can find more details about the difference between electricity distribution and supply <a href=\"\/en\/?page_id=18683\">here<\/a>.<\/p>\n<\/div>\n\n\n\n<div class=\"wp-block-column is-layout-flow wp-block-column-is-layout-flow\" style=\"flex-basis:33.33%\"><\/div>\n<\/div>\n\n<\/div> \n        <\/div>\n    <\/div>\n<\/section>\n\n\n<div style=\"height:0px\" aria-hidden=\"true\" class=\"wp-block-spacer\"><\/div>\n\n\n<section id=\"\" class=\"block-whitecontainer\">\n    <div id=\"page-wrap\">\n        <div class=\"tabs\">\n            <div class=\"acf-innerblocks-container\">\n\n<div class=\"wp-block-columns is-layout-flex wp-container-core-columns-is-layout-28f84493 wp-block-columns-is-layout-flex\">\n<div class=\"wp-block-column is-layout-flow wp-block-column-is-layout-flow\" style=\"flex-basis:66.66%\">\n<h5 class=\"wp-block-heading\" id=\"h-pod-the-unique-code-that-identifies-your-consumption-point\">POD: the unique code that identifies your consumption point<\/h5>\n\n\n\n<p style=\"padding-top:var(--wp--preset--spacing--30);padding-bottom:var(--wp--preset--spacing--30)\">In our information systems, each consumption place has a unique identification code called POD (short for \u201c<em>Point of Delivery<\/em>\u201c). This unique code is automatically generated when a new metering place is activated, based on the technical grid connection approval, and remains valid for the entire lifespan of the connection installation. You can find it on your electricity bill from your supplier. If you live in one of the counties where our power grid is present, you can easily recognize the POD code on your bill, as it starts with RO00 (e.g., RO001E123456789).<\/p>\n\n\n\n<p><\/p>\n<\/div>\n\n\n\n<div class=\"wp-block-column is-layout-flow wp-block-column-is-layout-flow\" style=\"flex-basis:33.33%\"><\/div>\n<\/div>\n\n<\/div> \n        <\/div>\n    <\/div>\n<\/section>\n\n<section id=\"\" class=\"block-whitecontainer\">\n    <div id=\"page-wrap\">\n        <div class=\"tabs\">\n            <div class=\"acf-innerblocks-container\">\n<script>\n    window.getInfoTranslations = {\n        mandatory: null,\n        podFormat: null,\n        phoneRO: null,\n        noSpacesOnly: null,\n        mintwo: null    };\n<\/script>\n<section id=\"\" class=\"block-getinfo smartmeterinfo\">\n    <div>\n                    <div class=\"informations\">\n                <div class=\"image\"><\/div>\n                <div class=\"text-area\">\n                                            Find out what type of meter is installed at your address                                                                <p>\n                            Check if you already have a smart meter or when we will install one at your address according to the plans approved by ANRE.                        <\/p>\n                                    <\/div>\n            <\/div>\n            <\/div>\n\n    <div>\n                    <div class=\"pod\">\n                <p>POD<\/p>\n                <div class=\"tooltip\">\n                    <div class=\"tooltip-text\">\n                        <p><span data-sheets-root=\"1\">The POD code is an identification code for your electricity consumption point, as recorded in the distributor\u2019s system. Its format varies depending on your electricity distributor. You can find the POD code on your electricity bill from your supplier.<\/span><\/p>\n                    <\/div>\n                <\/div>\n            <\/div>\n        \n        <form action=\"https:\/\/www.reteleelectrice.ro\/wp-admin\/admin-ajax.php\" method=\"POST\" id=\"CustomGetInfoForm\" class=\"designform\" enctype=\"multipart\/form-data\">\n            <input type=\"hidden\" name=\"action\" value=\"global_get_info_form\">\n            <input type=\"hidden\" name=\"select_form_get_info\" value=\"smartmeterinfo\">\n            <input type=\"hidden\" name=\"second_form_succes_message_info\" value=\"In the coming period, a Re\u021bele Electrice Rom\u00e2nia representative will contact you to schedule the installation of a smart meter.\">\n            <input type=\"hidden\" name=\"second_form_fail_message_info\" value=\"Your data could not be retrieved due to a technical issue. Please try again later!\">\n            <input type=\"hidden\" name=\"title_get_info\" value=\"Find out what type of meter is installed at your address\">\n            <div class=\"input-box\">\n                <input type=\"text\" class=\"getinfo-pod\" placeholder=\"POD\" value=\"\" name=\"getinfo_pod\" data-error-pod=\"error\">\n            <\/div>\n            <input type=\"hidden\" name=\"g-recaptcha-response\" id=\"g-recaptcha-response\">\n            <input type=\"submit\" class=\"global-button global-button-white next-button\" value=\"Submit\">\n        <\/form>\n    <\/div>\n    <div class=\"response-popup\">\n        <div class=\"container\">\n            <div class=\"close\"><\/div>\n            <div id=\"response_getinfo\"><\/div>\n            <div class=\"smartmeter hidden\">\n                <form action=\"https:\/\/www.reteleelectrice.ro\/wp-admin\/admin-ajax.php\" method=\"POST\" id=\"CustomInstallSmartMeterForm\" class=\"designform\" enctype=\"multipart\/form-data\">\n                    <input type=\"hidden\" name=\"action\" value=\"global_find_out_info_pod\">\n                    <h3>Smart meter installation appointment<\/h3>\n                    <p class=\"custom-message\">A traditional meter is currently installed at your address, and this year a smart meter will be installed.<\/p><br>\n                    <p>Based on the submitted POD, you have the option to schedule a smart meter installation. Please fill in the fields below if you would like a Re\u021bele Electrice representative to contact you to arrange the details.<\/p>\n                    <div class=\"input-box\">\n                        <p>POD<\/p>\n                        <input type=\"text\" class=\"getinfo-pod\" placeholder=\"POD\" value=\"\" name=\"getinfo_pod\" data-error-pod=\"error\">\n                        <p>Name and surname<\/p>\n                        <input type=\"text\" id=\"fname\" name=\"fullname\" value=\"\" placeholder=\"Ex: Alex Popescu\">\n                        <p>Phone number<\/p>\n                        <input type=\"text\" id=\"phone\" name=\"telefon\" value=\"\" maxlength=\"10\" placeholder=\"ex. 07xxxxxxxx\">\n                    <\/div>\n                    <input type=\"hidden\" name=\"g-recaptcha-response\" id=\"g-recaptcha-response\">\n                    <input type=\"submit\" class=\"global-button global-button-white next-button\" value=\"Submit\">\n                <\/form>\n                <div class=\"smartmeter-response hidden\"><\/div>\n                <button class=\"global-button global-button-white next-button hidden\" id=\"btn-retry\">Retry<\/button>\n            <\/div>\n        <\/div>\n    <\/div>\n<\/section>\n<\/div> \n        <\/div>\n    <\/div>\n<\/section>\n\n    <section id=\"\" class=\"block-cardimage per-row-three\">\n                    <div class=\"card-image\">\n                <div class=\"image-cards\">\n                                        <img loading=\"lazy\" decoding=\"async\" width=\"392\" height=\"150\" src=\"https:\/\/www.reteleelectrice.ro\/wp-content\/uploads\/cum-masuram-consumul-de-energie.webp?w=392&amp;h=150&amp;crop=1\" class=\"attachment-cardsthree size-cardsthree\" alt=\"Tehnician verific\u00e2nd sau instal\u00e2nd un contor inteligent de energie electric\u0103.\" srcset=\"https:\/\/www.reteleelectrice.ro\/wp-content\/uploads\/cum-masuram-consumul-de-energie.webp 392w, https:\/\/www.reteleelectrice.ro\/wp-content\/uploads\/cum-masuram-consumul-de-energie.webp?resize=300,115 300w, https:\/\/www.reteleelectrice.ro\/wp-content\/uploads\/cum-masuram-consumul-de-energie.webp?resize=172,66 172w\" sizes=\"auto, (max-width: 392px) 100vw, 392px\">                <\/div>\n                <div class=\"text-container-cards\">\n                                            <div class=\"title-text\">\n                                                            <h3 class=\"title-cards\">\n                                    How do we measure energy consumption?                                <\/h3>\n                                                                                        <div class=\"text-cards\">\n                                    Find out how a meter works, what meter reading involves, and the information you need about your energy consumption data.                                <\/div>\n                                                    <\/div>\n                                                                <a class=\"global-button global-button-transparent button-arrow-transparent\" href=\"https:\/\/www.reteleelectrice.ro\/en\/measurement\/how-do-we-measure\" title=\"Find out more\" target=\"_self\">\n                               Find out more                        <\/a> \n                                        <\/div>\n            <\/div>\n                    <div class=\"card-image\">\n                <div class=\"image-cards\">\n                                        <img loading=\"lazy\" decoding=\"async\" width=\"392\" height=\"150\" src=\"https:\/\/www.reteleelectrice.ro\/wp-content\/uploads\/contor-inteligent_522b45.webp?w=392&amp;h=150&amp;crop=1\" class=\"attachment-cardsthree size-cardsthree\" alt=\"Trei contoare electrice digitale instalate \u00eentr-un panou electric.\" srcset=\"https:\/\/www.reteleelectrice.ro\/wp-content\/uploads\/contor-inteligent_522b45.webp 392w, https:\/\/www.reteleelectrice.ro\/wp-content\/uploads\/contor-inteligent_522b45.webp?resize=300,115 300w, https:\/\/www.reteleelectrice.ro\/wp-content\/uploads\/contor-inteligent_522b45.webp?resize=172,66 172w\" sizes=\"auto, (max-width: 392px) 100vw, 392px\">                <\/div>\n                <div class=\"text-container-cards\">\n                                            <div class=\"title-text\">\n                                                            <h3 class=\"title-cards\">\n                                    Smart meter                                <\/h3>\n                                                                                        <div class=\"text-cards\">\n                                    Get to know the technology that has already been widely adopted across Europe, a key element in the digitalization of energy networks.                                <\/div>\n                                                    <\/div>\n                                                                <a class=\"global-button global-button-transparent button-arrow-transparent\" href=\"https:\/\/www.reteleelectrice.ro\/en\/measurement\/smart-meter\" title=\"Find out more\" target=\"_self\">\n                               Find out more                        <\/a> \n                                        <\/div>\n            <\/div>\n                    <div class=\"card-image\">\n                <div class=\"image-cards\">\n                                        <img loading=\"lazy\" decoding=\"async\" width=\"392\" height=\"150\" src=\"https:\/\/www.reteleelectrice.ro\/wp-content\/uploads\/tarife-pentru-servicii-de-masurare-si-de-distributie.webp?w=392&amp;h=150&amp;crop=1\" class=\"attachment-cardsthree size-cardsthree\" alt=\"Femeie care verific\u0103 tarifele pentru serviciile de m\u0103surare \u0219i de distribu\u021bie.\" srcset=\"https:\/\/www.reteleelectrice.ro\/wp-content\/uploads\/tarife-pentru-servicii-de-masurare-si-de-distributie.webp 392w, https:\/\/www.reteleelectrice.ro\/wp-content\/uploads\/tarife-pentru-servicii-de-masurare-si-de-distributie.webp?resize=300,115 300w, https:\/\/www.reteleelectrice.ro\/wp-content\/uploads\/tarife-pentru-servicii-de-masurare-si-de-distributie.webp?resize=172,66 172w\" sizes=\"auto, (max-width: 392px) 100vw, 392px\">                <\/div>\n                <div class=\"text-container-cards\">\n                                            <div class=\"title-text\">\n                                                            <h3 class=\"title-cards\">\n                                    Rates for measurement and distribution services                                <\/h3>\n                                                                                        <div class=\"text-cards\">\n                                    Discover our rates for electricity consumption measurement and the ANRE-regulated distribution service rates, depending on your region.                                <\/div>\n                                                    <\/div>\n                                                                <a class=\"global-button global-button-transparent button-arrow-transparent\" href=\"https:\/\/www.reteleelectrice.ro\/en\/measurement\/how-do-we-measure\/rates\" title=\"Find out more\" target=\"_self\">\n                               Find out more                        <\/a> \n                                        <\/div>\n            <\/div>\n            <\/section>\n<\/body>","protected":false},"excerpt":{"rendered":"<p>Stay informed! Learn more about energy consumption measurement, consumption points, and smart meters.<\/p>\n","protected":false},"author":15,"featured_media":0,"parent":0,"menu_order":0,"comment_status":"closed","ping_status":"closed","template":"","meta":{"_acf_changed":false,"footnotes":""},"class_list":["post-19542","page","type-page","status-publish","hentry"],"acf":[],"yoast_head":"<!-- This site is optimized with the Yoast SEO Premium plugin v23.1 (Yoast SEO v27.1.1) - https:\/\/yoast.com\/product\/yoast-seo-premium-wordpress\/ -->\n<title>Electricity consumption measurement | Retele Electrice<\/title>\n<meta name=\"description\" content=\"Stay informed! Learn more about energy consumption measurement, consumption places, and smart meters.\" \/>\n<meta name=\"robots\" content=\"index, follow, max-snippet:-1, max-image-preview:large, max-video-preview:-1\" \/>\n<link rel=\"canonical\" href=\"https:\/\/www.reteleelectrice.ro\/en\/measurement\/\" \/>\n<meta property=\"og:locale\" content=\"en_US\" \/>\n<meta property=\"og:type\" content=\"article\" \/>\n<meta property=\"og:title\" content=\"Electricity consumption measurement | Re\u021bele Electrice\" \/>\n<meta property=\"og:description\" content=\"Stay informed! Learn more about energy consumption measurement, consumption places, and smart meters.\" \/>\n<meta property=\"og:url\" content=\"https:\/\/www.reteleelectrice.ro\/en\/measurement\/\" \/>\n<meta property=\"og:site_name\" content=\"reteleelectrice\" \/>\n<meta property=\"article:modified_time\" content=\"2025-07-16T12:34:42+00:00\" \/>\n<meta property=\"og:image\" content=\"https:\/\/www.reteleelectrice.ro\/wp-content\/uploads\/masurarea-consumului-de-energie-electrica_7daf5a.webp\" \/>\n\t<meta property=\"og:image:width\" content=\"920\" \/>\n\t<meta property=\"og:image:height\" content=\"400\" \/>\n\t<meta property=\"og:image:type\" content=\"image\/webp\" \/>\n<meta name=\"twitter:card\" content=\"summary_large_image\" \/>\n<meta name=\"twitter:title\" content=\"Electricity consumption measurement | Re\u021bele Electrice\" \/>\n<meta name=\"twitter:description\" content=\"Stay informed! Learn more about energy consumption measurement, consumption places, and smart meters.\" \/>\n<meta name=\"twitter:label1\" content=\"Est. reading time\" \/>\n\t<meta name=\"twitter:data1\" content=\"2 minutes\" \/>\n<script type=\"application\/ld+json\" class=\"yoast-schema-graph\">{\"@context\":\"https:\/\/schema.org\",\"@graph\":[{\"@type\":\"WebPage\",\"@id\":\"https:\/\/www.reteleelectrice.ro\/en\/measurement\/\",\"url\":\"https:\/\/www.reteleelectrice.ro\/en\/measurement\/\",\"name\":\"Electricity consumption measurement | Retele Electrice\",\"isPartOf\":{\"@id\":\"https:\/\/www.reteleelectrice.ro\/#website\"},\"datePublished\":\"2024-10-23T13:05:42+00:00\",\"dateModified\":\"2025-07-16T12:34:42+00:00\",\"description\":\"Stay informed! Learn more about energy consumption measurement, consumption places, and smart meters.\",\"breadcrumb\":{\"@id\":\"https:\/\/www.reteleelectrice.ro\/en\/measurement\/#breadcrumb\"},\"inLanguage\":\"en-US\",\"potentialAction\":[{\"@type\":\"ReadAction\",\"target\":[\"https:\/\/www.reteleelectrice.ro\/en\/measurement\/\"]}]},{\"@type\":\"BreadcrumbList\",\"@id\":\"https:\/\/www.reteleelectrice.ro\/en\/measurement\/#breadcrumb\",\"itemListElement\":[{\"@type\":\"ListItem\",\"position\":1,\"name\":\"Home\",\"item\":\"https:\/\/www.reteleelectrice.ro\/en\/\"},{\"@type\":\"ListItem\",\"position\":2,\"name\":\"Electricity consumption measurement\"}]},{\"@type\":\"WebSite\",\"@id\":\"https:\/\/www.reteleelectrice.ro\/#website\",\"url\":\"https:\/\/www.reteleelectrice.ro\/\",\"name\":\"reteleelectrice\",\"description\":\"\",\"potentialAction\":[{\"@type\":\"SearchAction\",\"target\":{\"@type\":\"EntryPoint\",\"urlTemplate\":\"https:\/\/www.reteleelectrice.ro\/?s={search_term_string}\"},\"query-input\":{\"@type\":\"PropertyValueSpecification\",\"valueRequired\":true,\"valueName\":\"search_term_string\"}}],\"inLanguage\":\"en-US\"}]}<\/script>\n<!-- \/ Yoast SEO Premium plugin. -->","yoast_head_json":{"title":"Electricity consumption measurement | Retele Electrice","description":"Stay informed! Learn more about energy consumption measurement, consumption places, and smart meters.","robots":{"index":"index","follow":"follow","max-snippet":"max-snippet:-1","max-image-preview":"max-image-preview:large","max-video-preview":"max-video-preview:-1"},"canonical":"https:\/\/www.reteleelectrice.ro\/en\/measurement\/","og_locale":"en_US","og_type":"article","og_title":"Electricity consumption measurement | Re\u021bele Electrice","og_description":"Stay informed! Learn more about energy consumption measurement, consumption places, and smart meters.","og_url":"https:\/\/www.reteleelectrice.ro\/en\/measurement\/","og_site_name":"reteleelectrice","article_modified_time":"2025-07-16T12:34:42+00:00","og_image":[{"width":920,"height":400,"url":"https:\/\/www.reteleelectrice.ro\/wp-content\/uploads\/masurarea-consumului-de-energie-electrica_7daf5a.webp","type":"image\/webp"}],"twitter_card":"summary_large_image","twitter_title":"Electricity consumption measurement | Re\u021bele Electrice","twitter_description":"Stay informed! Learn more about energy consumption measurement, consumption places, and smart meters.","twitter_misc":{"Est. reading time":"2 minutes"},"schema":{"@context":"https:\/\/schema.org","@graph":[{"@type":"WebPage","@id":"https:\/\/www.reteleelectrice.ro\/en\/measurement\/","url":"https:\/\/www.reteleelectrice.ro\/en\/measurement\/","name":"Electricity consumption measurement | Retele Electrice","isPartOf":{"@id":"https:\/\/www.reteleelectrice.ro\/#website"},"datePublished":"2024-10-23T13:05:42+00:00","dateModified":"2025-07-16T12:34:42+00:00","description":"Stay informed! Learn more about energy consumption measurement, consumption places, and smart meters.","breadcrumb":{"@id":"https:\/\/www.reteleelectrice.ro\/en\/measurement\/#breadcrumb"},"inLanguage":"en-US","potentialAction":[{"@type":"ReadAction","target":["https:\/\/www.reteleelectrice.ro\/en\/measurement\/"]}]},{"@type":"BreadcrumbList","@id":"https:\/\/www.reteleelectrice.ro\/en\/measurement\/#breadcrumb","itemListElement":[{"@type":"ListItem","position":1,"name":"Home","item":"https:\/\/www.reteleelectrice.ro\/en\/"},{"@type":"ListItem","position":2,"name":"Electricity consumption measurement"}]},{"@type":"WebSite","@id":"https:\/\/www.reteleelectrice.ro\/#website","url":"https:\/\/www.reteleelectrice.ro\/","name":"reteleelectrice","description":"","potentialAction":[{"@type":"SearchAction","target":{"@type":"EntryPoint","urlTemplate":"https:\/\/www.reteleelectrice.ro\/?s={search_term_string}"},"query-input":{"@type":"PropertyValueSpecification","valueRequired":true,"valueName":"search_term_string"}}],"inLanguage":"en-US"}]}},"parsely":{"version":"1.1.0","canonical_url":"https:\/\/reteleelectrice.ro\/en\/measurement\/","smart_links":{"inbound":0,"outbound":0},"traffic_boost_suggestions_count":0,"meta":{"@context":"https:\/\/schema.org","@type":"WebPage","headline":"Electricity consumption measurement","url":"http:\/\/www.reteleelectrice.ro\/en\/measurement\/","mainEntityOfPage":{"@type":"WebPage","@id":"http:\/\/www.reteleelectrice.ro\/en\/measurement\/"},"thumbnailUrl":"","image":{"@type":"ImageObject","url":""},"articleSection":"Uncategorized","author":[{"@type":"Person","name":"Ancuta Ciocoiu"}],"creator":["Ancuta Ciocoiu"],"publisher":{"@type":"Organization","name":"reteleelectrice","logo":""},"keywords":[],"dateCreated":"2024-10-23T13:05:42Z","datePublished":"2024-10-23T13:05:42Z","dateModified":"2025-07-16T12:34:42Z"},"rendered":"<script type=\"application\/ld+json\" class=\"wp-parsely-metadata\">{\"@context\":\"https:\\\/\\\/schema.org\",\"@type\":\"WebPage\",\"headline\":\"Electricity consumption measurement\",\"url\":\"http:\\\/\\\/www.reteleelectrice.ro\\\/en\\\/measurement\\\/\",\"mainEntityOfPage\":{\"@type\":\"WebPage\",\"@id\":\"http:\\\/\\\/www.reteleelectrice.ro\\\/en\\\/measurement\\\/\"},\"thumbnailUrl\":\"\",\"image\":{\"@type\":\"ImageObject\",\"url\":\"\"},\"articleSection\":\"Uncategorized\",\"author\":[{\"@type\":\"Person\",\"name\":\"Ancuta Ciocoiu\"}],\"creator\":[\"Ancuta Ciocoiu\"],\"publisher\":{\"@type\":\"Organization\",\"name\":\"reteleelectrice\",\"logo\":\"\"},\"keywords\":[],\"dateCreated\":\"2024-10-23T13:05:42Z\",\"datePublished\":\"2024-10-23T13:05:42Z\",\"dateModified\":\"2025-07-16T12:34:42Z\"}<\/script>","tracker_url":"https:\/\/cdn.parsely.com\/keys\/reteleelectrice.ro\/p.js"},"jetpack_sharing_enabled":true,"_links":{"self":[{"href":"https:\/\/www.reteleelectrice.ro\/en\/wp-json\/wp\/v2\/pages\/19542","targetHints":{"allow":["GET"]}}],"collection":[{"href":"https:\/\/www.reteleelectrice.ro\/en\/wp-json\/wp\/v2\/pages"}],"about":[{"href":"https:\/\/www.reteleelectrice.ro\/en\/wp-json\/wp\/v2\/types\/page"}],"author":[{"embeddable":true,"href":"https:\/\/www.reteleelectrice.ro\/en\/wp-json\/wp\/v2\/users\/15"}],"replies":[{"embeddable":true,"href":"https:\/\/www.reteleelectrice.ro\/en\/wp-json\/wp\/v2\/comments?post=19542"}],"version-history":[{"count":4,"href":"https:\/\/www.reteleelectrice.ro\/en\/wp-json\/wp\/v2\/pages\/19542\/revisions"}],"predecessor-version":[{"id":21795,"href":"https:\/\/www.reteleelectrice.ro\/en\/wp-json\/wp\/v2\/pages\/19542\/revisions\/21795"}],"wp:attachment":[{"href":"https:\/\/www.reteleelectrice.ro\/en\/wp-json\/wp\/v2\/media?parent=19542"}],"curies":[{"name":"wp","href":"https:\/\/api.w.org\/{rel}","templated":true}]}}