{"id":19244,"date":"2024-10-15T14:32:11","date_gmt":"2024-10-15T14:32:11","guid":{"rendered":"https:\/\/www.reteleelectrice.ro\/proiecte-cu-finantare\/"},"modified":"2025-09-20T09:00:07","modified_gmt":"2025-09-20T09:00:07","slug":"funded-projects","status":"publish","type":"page","link":"https:\/\/www.reteleelectrice.ro\/en\/funded-projects\/","title":{"rendered":"Funded projects"},"content":{"rendered":"<body><section id=\"\" class=\"block-hero\">\n                    <div class=\"top-hero\">\n                <div class=\"left\">\n                                                                                    <h1 class=\"title-hero\">Funded projects<\/h1>\n                                                                <div class=\"text-hero\"> We constantly attract non-refundable funds and invest in the optimal solutions for modernizing the power grid, for the benefit of our customers and the energy system.<\/div>\n                                                        <\/div>\n                        <div class=\"right\">\n                <img loading=\"lazy\" decoding=\"async\" width=\"920\" height=\"400\" src=\"https:\/\/www.reteleelectrice.ro\/wp-content\/uploads\/proiecte-cu-finantare_5beee1.webp?w=920&amp;h=400&amp;crop=1\" class=\"attachment-hero size-hero\" alt=\"St\u00e2lpi de \u00eenalt\u0103 tensiune.\" srcset=\"https:\/\/www.reteleelectrice.ro\/wp-content\/uploads\/proiecte-cu-finantare_5beee1.webp 920w, https:\/\/www.reteleelectrice.ro\/wp-content\/uploads\/proiecte-cu-finantare_5beee1.webp?resize=300,130 300w, https:\/\/www.reteleelectrice.ro\/wp-content\/uploads\/proiecte-cu-finantare_5beee1.webp?resize=768,334 768w, https:\/\/www.reteleelectrice.ro\/wp-content\/uploads\/proiecte-cu-finantare_5beee1.webp?resize=152,66 152w\" sizes=\"auto, (max-width: 920px) 100vw, 920px\">                <style type=\"text\/css\">\n                    @media only screen and (max-width: 1200px) {\n                        .block-hero .top-hero .main-slide .right img {\n                            object-position:\n                            20                                % 0%;\n                        }\n                    }\n                <\/style>\n            <\/div>\n        <\/div>\n    <\/section>\n\n\n<section id=\"\" class=\"block-breadcrumbs\">\n    <ul id=\"breadcrumbs\" itemprop=\"breadcrumb\" class=\"breadcrumbs\"><li><a rel=\"home\" href=\"https:\/\/www.reteleelectrice.ro\/en\/\"><\/a><\/li><\/ul><\/section>\n\n<section id=\"\" class=\"block-whitecontainer\">\n    <div id=\"page-wrap\">\n        <div class=\"tabs\">\n            <div class=\"acf-innerblocks-container\">\n\n<div class=\"wp-block-columns is-layout-flex wp-container-core-columns-is-layout-28f84493 wp-block-columns-is-layout-flex\">\n<div class=\"wp-block-column is-layout-flow wp-block-column-is-layout-flow\" style=\"flex-basis:66%\">\n<h6 class=\"wp-block-heading\" id=\"h-discover-the-projects-we-carry-out-at-re\u021bele-electrice-romania-funded-through-the-large-infrastructure-operational-program-the-modernization-fund-and-the-sustainable-development-program\">Discover the projects we carry out at Re\u021bele Electrice Rom\u00e2nia, funded through the Large Infrastructure Operational Program, the Modernization Fund, and the Sustainable Development Program.<\/h6>\n<\/div>\n<\/div>\n\n\n    <section id=\"\" class=\"block-cardimage per-row-two\">\n                    <div class=\"card-image\">\n                <div class=\"image-cards\">\n                                        <img loading=\"lazy\" decoding=\"async\" width=\"224\" height=\"268\" src=\"https:\/\/www.reteleelectrice.ro\/wp-content\/uploads\/programul-operational-infrastructura-mare.webp?w=224&amp;h=268&amp;crop=1\" class=\"attachment-cardstwo size-cardstwo\" alt=\"Stalp de inalta tensiune rosu si alb intr-un peisaj arid, cu linii electrice extinzandu-se in departare.\" srcset=\"https:\/\/www.reteleelectrice.ro\/wp-content\/uploads\/programul-operational-infrastructura-mare.webp 224w, https:\/\/www.reteleelectrice.ro\/wp-content\/uploads\/programul-operational-infrastructura-mare.webp?resize=55,66 55w\" sizes=\"auto, (max-width: 224px) 100vw, 224px\">                <\/div>\n                <div class=\"text-container-cards\">\n                                            <div class=\"title-text\">\n                                                            <h3 class=\"title-cards\">\n                                    Large Infrastructure Operational Program (POIM)                                <\/h3>\n                                                                                        <div class=\"text-cards\">\n                                    The Large Infrastructure Operational Program (POIM) was developed to address Romania's development needs, as identified in the Partnership Agreement 2014-2020 and in line with the Common Strategic Framework and the European Commission's Service Position Paper. Learn more about the projects carried out by Re\u021bele Electrice Romania through POIM!                                <\/div>\n                                                    <\/div>\n                                                                <a class=\"global-button global-button-white\" href=\"https:\/\/www.reteleelectrice.ro\/en\/funded-projects\/poim\" title=\"Learn more\" target=\"_self\">\n                               Learn more                        <\/a> \n                                        <\/div>\n            <\/div>\n                    <div class=\"card-image\">\n                <div class=\"image-cards\">\n                                        <img loading=\"lazy\" decoding=\"async\" width=\"224\" height=\"268\" src=\"https:\/\/www.reteleelectrice.ro\/wp-content\/uploads\/fond-de-modernizare.webp?w=224&amp;h=268&amp;crop=1\" class=\"attachment-cardstwo size-cardstwo\" alt=\"St\u00e2lpi de \u00eenalt\u0103 tensiune.\" srcset=\"https:\/\/www.reteleelectrice.ro\/wp-content\/uploads\/fond-de-modernizare.webp 224w, https:\/\/www.reteleelectrice.ro\/wp-content\/uploads\/fond-de-modernizare.webp?resize=55,66 55w\" sizes=\"auto, (max-width: 224px) 100vw, 224px\">                <\/div>\n                <div class=\"text-container-cards\">\n                                            <div class=\"title-text\">\n                                                            <h3 class=\"title-cards\">\n                                    The modernization fund                                <\/h3>\n                                                                                        <div class=\"text-cards\">\n                                    The Modernization Fund was established as a financing mechanism under Directive 2003\/87\/EC of 13 October 2003 of the European Parliament and of the European Council, for establishing a system for trading greenhouse gas emission allowances within the European Union and for amending Directive 96\/61\/EC. Read more about the projects carried out by Re\u021bele Electrice Romania through the Modernization Fund!                                <\/div>\n                                                    <\/div>\n                                                                <a class=\"global-button global-button-white\" href=\"https:\/\/www.reteleelectrice.ro\/en\/funded-projects\/modernization-fund\" title=\"Learn more\" target=\"_self\">\n                               Learn more                        <\/a> \n                                        <\/div>\n            <\/div>\n                    <div class=\"card-image\">\n                <div class=\"image-cards\">\n                                        <img loading=\"lazy\" decoding=\"async\" width=\"224\" height=\"268\" src=\"https:\/\/www.reteleelectrice.ro\/wp-content\/uploads\/pdd-proiecte-finantare.png?w=224&amp;h=268&amp;crop=1\" class=\"attachment-cardstwo size-cardstwo\" alt=\"High-voltage pole\" srcset=\"https:\/\/www.reteleelectrice.ro\/wp-content\/uploads\/pdd-proiecte-finantare.png 224w, https:\/\/www.reteleelectrice.ro\/wp-content\/uploads\/pdd-proiecte-finantare.png?resize=55,66 55w\" sizes=\"auto, (max-width: 224px) 100vw, 224px\">                <\/div>\n                <div class=\"text-container-cards\">\n                                            <div class=\"title-text\">\n                                                            <h3 class=\"title-cards\">\n                                    Sustainable Development Program                                <\/h3>\n                                                                                        <div class=\"text-cards\">\n                                    The Sustainable Development Program (PDD) 2021-2027 is developed in accordance with the European Union's (EU) objective of conserving, protecting, and improving environmental quality and is aligned with Articles 11, 191, and 174 of the Treaty on the Functioning of the EU. Read more about the projects carried out by Re\u021bele Electrice Romania through PDD!                                <\/div>\n                                                    <\/div>\n                                                                <a class=\"global-button global-button-white\" href=\"https:\/\/www.reteleelectrice.ro\/en\/funded-projects\/sustainable-development-program\" title=\"Learn more \" target=\"_self\">\n                               Learn more                         <\/a> \n                                        <\/div>\n            <\/div>\n            <\/section>\n\n<\/div> \n        <\/div>\n    <\/div>\n<\/section><\/body>","protected":false},"excerpt":{"rendered":"<p>We constantly attract non-refundable funds and invest in the optimal solutions for modernizing the power grid, for the benefit of our customers and the energy system.<\/p>\n","protected":false},"author":15,"featured_media":13731,"parent":0,"menu_order":0,"comment_status":"closed","ping_status":"closed","template":"","meta":{"_acf_changed":false,"footnotes":""},"class_list":["post-19244","page","type-page","status-publish","has-post-thumbnail","hentry"],"acf":[],"yoast_head":"<!-- This site is optimized with the Yoast SEO Premium plugin v23.1 (Yoast SEO v27.1.1) - https:\/\/yoast.com\/product\/yoast-seo-premium-wordpress\/ -->\n<title>Funded projects | Retele Electrice<\/title>\n<meta name=\"description\" content=\"We constantly attract non-refundable funds and invest in solutions for modernizing electrical networks, for the benefit of our customers and the energy system.\" \/>\n<meta name=\"robots\" content=\"index, follow, max-snippet:-1, max-image-preview:large, max-video-preview:-1\" \/>\n<link rel=\"canonical\" href=\"https:\/\/www.reteleelectrice.ro\/en\/funded-projects\/\" \/>\n<meta property=\"og:locale\" content=\"en_US\" \/>\n<meta property=\"og:type\" content=\"article\" \/>\n<meta property=\"og:title\" content=\"Funded projects | Re\u021bele Electrice\" \/>\n<meta property=\"og:description\" content=\"We constantly attract non-refundable funds and invest in solutions for modernizing electrical networks, for the benefit of our customers and the energy system.\" \/>\n<meta property=\"og:url\" content=\"https:\/\/www.reteleelectrice.ro\/en\/funded-projects\/\" \/>\n<meta property=\"og:site_name\" content=\"reteleelectrice\" \/>\n<meta property=\"article:modified_time\" content=\"2025-09-20T09:00:07+00:00\" \/>\n<meta property=\"og:image\" content=\"https:\/\/www.reteleelectrice.ro\/wp-content\/uploads\/proiecte-cu-finantare_5beee1.webp\" \/>\n\t<meta property=\"og:image:width\" content=\"920\" \/>\n\t<meta property=\"og:image:height\" content=\"400\" \/>\n\t<meta property=\"og:image:type\" content=\"image\/webp\" \/>\n<meta name=\"twitter:card\" content=\"summary_large_image\" \/>\n<meta name=\"twitter:title\" content=\"Funded projects | Re\u021bele Electrice\" \/>\n<meta name=\"twitter:description\" content=\"We constantly attract non-refundable funds and invest in solutions for modernizing electrical networks, for the benefit of our customers and the energy system.\" \/>\n<meta name=\"twitter:label1\" content=\"Est. reading time\" \/>\n\t<meta name=\"twitter:data1\" content=\"1 minute\" \/>\n<script type=\"application\/ld+json\" class=\"yoast-schema-graph\">{\"@context\":\"https:\/\/schema.org\",\"@graph\":[{\"@type\":\"WebPage\",\"@id\":\"https:\/\/www.reteleelectrice.ro\/en\/funded-projects\/\",\"url\":\"https:\/\/www.reteleelectrice.ro\/en\/funded-projects\/\",\"name\":\"Funded projects | Retele Electrice\",\"isPartOf\":{\"@id\":\"https:\/\/www.reteleelectrice.ro\/#website\"},\"primaryImageOfPage\":{\"@id\":\"https:\/\/www.reteleelectrice.ro\/en\/funded-projects\/#primaryimage\"},\"image\":{\"@id\":\"https:\/\/www.reteleelectrice.ro\/en\/funded-projects\/#primaryimage\"},\"thumbnailUrl\":\"https:\/\/www.reteleelectrice.ro\/wp-content\/uploads\/proiecte-cu-finantare_5beee1.webp\",\"datePublished\":\"2024-10-15T14:32:11+00:00\",\"dateModified\":\"2025-09-20T09:00:07+00:00\",\"description\":\"We constantly attract non-refundable funds and invest in solutions for modernizing electrical networks, for the benefit of our customers and the energy system.\",\"breadcrumb\":{\"@id\":\"https:\/\/www.reteleelectrice.ro\/en\/funded-projects\/#breadcrumb\"},\"inLanguage\":\"en-US\",\"potentialAction\":[{\"@type\":\"ReadAction\",\"target\":[\"https:\/\/www.reteleelectrice.ro\/en\/funded-projects\/\"]}]},{\"@type\":\"ImageObject\",\"inLanguage\":\"en-US\",\"@id\":\"https:\/\/www.reteleelectrice.ro\/en\/funded-projects\/#primaryimage\",\"url\":\"https:\/\/www.reteleelectrice.ro\/wp-content\/uploads\/proiecte-cu-finantare_5beee1.webp\",\"contentUrl\":\"https:\/\/www.reteleelectrice.ro\/wp-content\/uploads\/proiecte-cu-finantare_5beee1.webp\",\"width\":920,\"height\":400,\"caption\":\"High-voltage pylons.\"},{\"@type\":\"BreadcrumbList\",\"@id\":\"https:\/\/www.reteleelectrice.ro\/en\/funded-projects\/#breadcrumb\",\"itemListElement\":[{\"@type\":\"ListItem\",\"position\":1,\"name\":\"Home\",\"item\":\"https:\/\/www.reteleelectrice.ro\/en\/\"},{\"@type\":\"ListItem\",\"position\":2,\"name\":\"Funded projects\"}]},{\"@type\":\"WebSite\",\"@id\":\"https:\/\/www.reteleelectrice.ro\/#website\",\"url\":\"https:\/\/www.reteleelectrice.ro\/\",\"name\":\"reteleelectrice\",\"description\":\"\",\"potentialAction\":[{\"@type\":\"SearchAction\",\"target\":{\"@type\":\"EntryPoint\",\"urlTemplate\":\"https:\/\/www.reteleelectrice.ro\/?s={search_term_string}\"},\"query-input\":{\"@type\":\"PropertyValueSpecification\",\"valueRequired\":true,\"valueName\":\"search_term_string\"}}],\"inLanguage\":\"en-US\"}]}<\/script>\n<!-- \/ Yoast SEO Premium plugin. -->","yoast_head_json":{"title":"Funded projects | Retele Electrice","description":"We constantly attract non-refundable funds and invest in solutions for modernizing electrical networks, for the benefit of our customers and the energy system.","robots":{"index":"index","follow":"follow","max-snippet":"max-snippet:-1","max-image-preview":"max-image-preview:large","max-video-preview":"max-video-preview:-1"},"canonical":"https:\/\/www.reteleelectrice.ro\/en\/funded-projects\/","og_locale":"en_US","og_type":"article","og_title":"Funded projects | Re\u021bele Electrice","og_description":"We constantly attract non-refundable funds and invest in solutions for modernizing electrical networks, for the benefit of our customers and the energy system.","og_url":"https:\/\/www.reteleelectrice.ro\/en\/funded-projects\/","og_site_name":"reteleelectrice","article_modified_time":"2025-09-20T09:00:07+00:00","og_image":[{"width":920,"height":400,"url":"https:\/\/www.reteleelectrice.ro\/wp-content\/uploads\/proiecte-cu-finantare_5beee1.webp","type":"image\/webp"}],"twitter_card":"summary_large_image","twitter_title":"Funded projects | Re\u021bele Electrice","twitter_description":"We constantly attract non-refundable funds and invest in solutions for modernizing electrical networks, for the benefit of our customers and the energy system.","twitter_misc":{"Est. reading time":"1 minute"},"schema":{"@context":"https:\/\/schema.org","@graph":[{"@type":"WebPage","@id":"https:\/\/www.reteleelectrice.ro\/en\/funded-projects\/","url":"https:\/\/www.reteleelectrice.ro\/en\/funded-projects\/","name":"Funded projects | Retele Electrice","isPartOf":{"@id":"https:\/\/www.reteleelectrice.ro\/#website"},"primaryImageOfPage":{"@id":"https:\/\/www.reteleelectrice.ro\/en\/funded-projects\/#primaryimage"},"image":{"@id":"https:\/\/www.reteleelectrice.ro\/en\/funded-projects\/#primaryimage"},"thumbnailUrl":"https:\/\/www.reteleelectrice.ro\/wp-content\/uploads\/proiecte-cu-finantare_5beee1.webp","datePublished":"2024-10-15T14:32:11+00:00","dateModified":"2025-09-20T09:00:07+00:00","description":"We constantly attract non-refundable funds and invest in solutions for modernizing electrical networks, for the benefit of our customers and the energy system.","breadcrumb":{"@id":"https:\/\/www.reteleelectrice.ro\/en\/funded-projects\/#breadcrumb"},"inLanguage":"en-US","potentialAction":[{"@type":"ReadAction","target":["https:\/\/www.reteleelectrice.ro\/en\/funded-projects\/"]}]},{"@type":"ImageObject","inLanguage":"en-US","@id":"https:\/\/www.reteleelectrice.ro\/en\/funded-projects\/#primaryimage","url":"https:\/\/www.reteleelectrice.ro\/wp-content\/uploads\/proiecte-cu-finantare_5beee1.webp","contentUrl":"https:\/\/www.reteleelectrice.ro\/wp-content\/uploads\/proiecte-cu-finantare_5beee1.webp","width":920,"height":400,"caption":"High-voltage pylons."},{"@type":"BreadcrumbList","@id":"https:\/\/www.reteleelectrice.ro\/en\/funded-projects\/#breadcrumb","itemListElement":[{"@type":"ListItem","position":1,"name":"Home","item":"https:\/\/www.reteleelectrice.ro\/en\/"},{"@type":"ListItem","position":2,"name":"Funded projects"}]},{"@type":"WebSite","@id":"https:\/\/www.reteleelectrice.ro\/#website","url":"https:\/\/www.reteleelectrice.ro\/","name":"reteleelectrice","description":"","potentialAction":[{"@type":"SearchAction","target":{"@type":"EntryPoint","urlTemplate":"https:\/\/www.reteleelectrice.ro\/?s={search_term_string}"},"query-input":{"@type":"PropertyValueSpecification","valueRequired":true,"valueName":"search_term_string"}}],"inLanguage":"en-US"}]}},"parsely":{"version":"1.1.0","canonical_url":"https:\/\/reteleelectrice.ro\/en\/funded-projects\/","smart_links":{"inbound":0,"outbound":0},"traffic_boost_suggestions_count":0,"meta":{"@context":"https:\/\/schema.org","@type":"WebPage","headline":"Funded projects","url":"http:\/\/www.reteleelectrice.ro\/en\/funded-projects\/","mainEntityOfPage":{"@type":"WebPage","@id":"http:\/\/www.reteleelectrice.ro\/en\/funded-projects\/"},"thumbnailUrl":"https:\/\/www.reteleelectrice.ro\/wp-content\/uploads\/proiecte-cu-finantare_5beee1.webp?w=150&h=150&crop=1","image":{"@type":"ImageObject","url":"https:\/\/www.reteleelectrice.ro\/wp-content\/uploads\/proiecte-cu-finantare_5beee1.webp"},"articleSection":"Uncategorized","author":[{"@type":"Person","name":"Ancuta Ciocoiu"}],"creator":["Ancuta Ciocoiu"],"publisher":{"@type":"Organization","name":"reteleelectrice","logo":""},"keywords":[],"dateCreated":"2024-10-15T14:32:11Z","datePublished":"2024-10-15T14:32:11Z","dateModified":"2025-09-20T09:00:07Z"},"rendered":"<script type=\"application\/ld+json\" class=\"wp-parsely-metadata\">{\"@context\":\"https:\\\/\\\/schema.org\",\"@type\":\"WebPage\",\"headline\":\"Funded projects\",\"url\":\"http:\\\/\\\/www.reteleelectrice.ro\\\/en\\\/funded-projects\\\/\",\"mainEntityOfPage\":{\"@type\":\"WebPage\",\"@id\":\"http:\\\/\\\/www.reteleelectrice.ro\\\/en\\\/funded-projects\\\/\"},\"thumbnailUrl\":\"https:\\\/\\\/www.reteleelectrice.ro\\\/wp-content\\\/uploads\\\/proiecte-cu-finantare_5beee1.webp?w=150&h=150&crop=1\",\"image\":{\"@type\":\"ImageObject\",\"url\":\"https:\\\/\\\/www.reteleelectrice.ro\\\/wp-content\\\/uploads\\\/proiecte-cu-finantare_5beee1.webp\"},\"articleSection\":\"Uncategorized\",\"author\":[{\"@type\":\"Person\",\"name\":\"Ancuta Ciocoiu\"}],\"creator\":[\"Ancuta Ciocoiu\"],\"publisher\":{\"@type\":\"Organization\",\"name\":\"reteleelectrice\",\"logo\":\"\"},\"keywords\":[],\"dateCreated\":\"2024-10-15T14:32:11Z\",\"datePublished\":\"2024-10-15T14:32:11Z\",\"dateModified\":\"2025-09-20T09:00:07Z\"}<\/script>","tracker_url":"https:\/\/cdn.parsely.com\/keys\/reteleelectrice.ro\/p.js"},"jetpack_sharing_enabled":true,"_links":{"self":[{"href":"https:\/\/www.reteleelectrice.ro\/en\/wp-json\/wp\/v2\/pages\/19244","targetHints":{"allow":["GET"]}}],"collection":[{"href":"https:\/\/www.reteleelectrice.ro\/en\/wp-json\/wp\/v2\/pages"}],"about":[{"href":"https:\/\/www.reteleelectrice.ro\/en\/wp-json\/wp\/v2\/types\/page"}],"author":[{"embeddable":true,"href":"https:\/\/www.reteleelectrice.ro\/en\/wp-json\/wp\/v2\/users\/15"}],"replies":[{"embeddable":true,"href":"https:\/\/www.reteleelectrice.ro\/en\/wp-json\/wp\/v2\/comments?post=19244"}],"version-history":[{"count":6,"href":"https:\/\/www.reteleelectrice.ro\/en\/wp-json\/wp\/v2\/pages\/19244\/revisions"}],"predecessor-version":[{"id":23078,"href":"https:\/\/www.reteleelectrice.ro\/en\/wp-json\/wp\/v2\/pages\/19244\/revisions\/23078"}],"wp:featuredmedia":[{"embeddable":true,"href":"https:\/\/www.reteleelectrice.ro\/en\/wp-json\/wp\/v2\/media\/13731"}],"wp:attachment":[{"href":"https:\/\/www.reteleelectrice.ro\/en\/wp-json\/wp\/v2\/media?parent=19244"}],"curies":[{"name":"wp","href":"https:\/\/api.w.org\/{rel}","templated":true}]}}