{"id":19241,"date":"2024-10-16T08:38:59","date_gmt":"2024-10-16T08:38:59","guid":{"rendered":"https:\/\/www.reteleelectrice.ro\/fond-modernizare\/"},"modified":"2025-10-10T13:33:29","modified_gmt":"2025-10-10T13:33:29","slug":"modernization-fund","status":"publish","type":"page","link":"https:\/\/www.reteleelectrice.ro\/en\/funded-projects\/modernization-fund\/","title":{"rendered":"The Modernization Fund"},"content":{"rendered":"<body><p><!--  ADD patern code from wp code editor --><\/p>\n\n    <section id=\"\" class=\"block-hero\">\n                    <div class=\"top-hero\">\n                <div class=\"left\">\n                                                                                    <h1 class=\"title-hero\">The Modernization Fund<\/h1>\n                                                                <div class=\"text-hero\"> We are implementing a series of projects, supported by the European funding program Modernization Fund and focused on developing energy infrastructure in the areas where we are present. We invite you to discover them in the following pages!<\/div>\n                                                        <\/div>\n                        <div class=\"right\">\n                <img loading=\"lazy\" decoding=\"async\" width=\"920\" height=\"400\" src=\"https:\/\/www.reteleelectrice.ro\/wp-content\/uploads\/fondul-pentru-modernizare.webp?w=920&amp;h=400&amp;crop=1\" class=\"attachment-hero size-hero\" alt=\"St\u00e2lpi de \u00eenalt\u0103 tensiune. Modernizarea re\u021belei energetice \u0219i dezvoltarea infrastructurii finan\u021bate prin Fondul pentru Modernizare.\" srcset=\"https:\/\/www.reteleelectrice.ro\/wp-content\/uploads\/fondul-pentru-modernizare.webp 920w, https:\/\/www.reteleelectrice.ro\/wp-content\/uploads\/fondul-pentru-modernizare.webp?resize=300,130 300w, https:\/\/www.reteleelectrice.ro\/wp-content\/uploads\/fondul-pentru-modernizare.webp?resize=768,334 768w, https:\/\/www.reteleelectrice.ro\/wp-content\/uploads\/fondul-pentru-modernizare.webp?resize=152,66 152w\" sizes=\"auto, (max-width: 920px) 100vw, 920px\">                <style type=\"text\/css\">\n                    @media only screen and (max-width: 1200px) {\n                        .block-hero .top-hero .main-slide .right img {\n                            object-position:\n                                                            % 0%;\n                        }\n                    }\n                <\/style>\n            <\/div>\n        <\/div>\n    <\/section>\n\n\n<section id=\"\" class=\"block-breadcrumbs\">\n    <ul id=\"breadcrumbs\" itemprop=\"breadcrumb\" class=\"breadcrumbs\"><li><a rel=\"home\" href=\"https:\/\/www.reteleelectrice.ro\/en\/\"><\/a><\/li><\/ul><\/section>\n\n<section id=\"\" class=\"block-whitecontainer\">\n    <div id=\"page-wrap\">\n        <div class=\"tabs\">\n            <div class=\"acf-innerblocks-container\">\n\n<div class=\"wp-block-columns is-layout-flex wp-container-core-columns-is-layout-28f84493 wp-block-columns-is-layout-flex\">\n<div class=\"wp-block-column is-layout-flow wp-block-column-is-layout-flow\" style=\"flex-basis:66.66%\">\n<p style=\"font-size:16px\">The Modernization Fund was established as a financing mechanism under Directive 2003\/87\/EC of 13 October 2003 of the European Parliament and of the European Council, for establishing a system for trading greenhouse gas emission allowances within the European Union and for amending Directive 96\/61\/EC (referred to here as the ETS Directive). Discover the projects carried out by Re\u021bele Electrice Romania through the Modernization Fund!<\/p>\n\n\n\n<p><\/p>\n\n\n\n<p style=\"padding-top:var(--wp--preset--spacing--30);padding-bottom:var(--wp--preset--spacing--30)\">The presented projects are implemented through the Modernization Fund \u2013 <em>3 Modernization and construction of new segments of energy infrastructure \u2013 3.2 Energy infrastructure \u2013 Support for the expansion and modernization of the power grid.<\/em><\/p>\n\n\n\n<p style=\"padding-top:var(--wp--preset--spacing--30);padding-bottom:var(--wp--preset--spacing--30)\"><strong>Call<\/strong>: Non-competitive procedure for supporting investments for the expansion and modernization of the power grid.<\/p>\n\n\n\n<p style=\"padding-top:0rem;padding-bottom:0rem\">The budget allocated for the call for projects is \u20ac1.103.442.829 through COM Decision no. MF 2022-1 RO 0-017\/23.05.2022. The financing of projects under this call is non-refundable and consists of the reimbursement of eligible expenses incurred for the implementation of the project at the value and under the conditions established by the financing contract. The estimated public support from the Modernization Fund is 80% of the eligible expenses.<\/p>\n<\/div>\n\n\n\n<div class=\"wp-block-column is-layout-flow wp-container-core-column-is-layout-9f862740 wp-block-column-is-layout-flow\" style=\"padding-top:0;padding-right:var(--wp--preset--spacing--40);padding-bottom:0;padding-left:var(--wp--preset--spacing--40);flex-basis:33.33%\">\n<figure class=\"wp-block-image size-large is-resized\"><img loading=\"lazy\" decoding=\"async\" width=\"224\" height=\"268\" src=\"http:\/\/www.reteleelectrice.ro\/wp-content\/uploads\/fondul-pentru-modernizare-a.webp?w=224\" alt=\"Stalpi de inalta tensiune la apus, simbol al infrastructurii moderne de transport al energiei pe reteleelectrice.ro\" class=\"wp-image-9814\" style=\"width:414px;height:auto\" srcset=\"https:\/\/www.reteleelectrice.ro\/wp-content\/uploads\/fondul-pentru-modernizare-a.webp 224w, https:\/\/www.reteleelectrice.ro\/wp-content\/uploads\/fondul-pentru-modernizare-a.webp?resize=55,66 55w\" sizes=\"auto, (max-width: 224px) 100vw, 224px\" \/><\/figure>\n<\/div>\n<\/div>\n\n<\/div> \n        <\/div>\n    <\/div>\n<\/section>\n\n\n<h5 class=\"wp-block-heading\" id=\"h-learn-more-about-the-projects-we-implement-through-the-modernization-fund\" style=\"padding-top:20px;padding-bottom:16px\">Learn more about the projects we implement through the modernization Fund!<\/h5>\n\n\n<section id=\"\" class=\"block-customcolumns \">\n    <div class=\"column-blocks\">\n\n<div class=\"wp-block-columns is-layout-flex wp-container-core-columns-is-layout-28f84493 wp-block-columns-is-layout-flex\">\n<div class=\"wp-block-column is-layout-flow wp-block-column-is-layout-flow\">\n<p style=\"padding-bottom:20px;font-size:24px\"><strong>Muntenia<\/strong><\/p>\n\n\n\n<p>Discover our projects carried out through the Modernization Fund in the Muntenia area.<\/p>\n\n\n\n<p style=\"padding-top:16px;padding-bottom:8px\"><strong><a href=\"https:\/\/www.reteleelectrice.ro\/en\/funded-projects\/modernization-fund\/muntenia-dascalu-petrachioaia\/\">Dasc\u0103lu and Petr\u0103chioaia, Ilfov<\/a><\/strong><\/p>\n\n\n\n<p style=\"padding-bottom:8px\"><strong><a href=\"https:\/\/www.reteleelectrice.ro\/en\/funded-projects\/modernization-fund\/muntenia-balotesti\/\">Balote\u0219ti, Ilfov<\/a><\/strong><\/p>\n\n\n\n<p style=\"padding-bottom:8px\"><strong><a href=\"https:\/\/www.reteleelectrice.ro\/en\/funded-projects\/modernization-fund\/muntenia-mogosoaia\/\">Mogo\u0219oaia, Ilfov<\/a><\/strong><\/p>\n\n\n\n<p style=\"padding-bottom:8px\"><strong><a href=\"https:\/\/www.reteleelectrice.ro\/en\/funded-projects\/modernization-fund\/muntenia-ianculesti-calugareni\/\">Iancule\u0219ti and C\u0103lug\u0103reni, Giurgiu<\/a><\/strong><\/p>\n<\/div>\n\n\n\n<div class=\"wp-block-column is-layout-flow wp-block-column-is-layout-flow\">\n<p style=\"padding-bottom:20px;font-size:24px\"><strong>Banat<\/strong><\/p>\n\n\n\n<p style=\"padding-bottom:16px\">Discover our projects carried out through the Modernization Fund in the Banat area.<\/p>\n\n\n\n<p style=\"padding-bottom:8px\"><strong><a href=\"https:\/\/www.reteleelectrice.ro\/en\/funded-projects\/modernization-fund\/banat-cetate-fratelia\/\">Cetate and Fratelia, Ti<\/a><a href=\"\/proiecte-cu-finantare\/fond-modernizare\/banat-cetatea-fratelia\/\">mi\u0219<\/a><\/strong><\/p>\n\n\n\n<p style=\"padding-bottom:8px\"><strong><a href=\"https:\/\/www.reteleelectrice.ro\/en\/funded-projects\/modernization-fund\/banat-cenad\/\">Cenad, Timi\u0219<\/a><\/strong><\/p>\n\n\n\n<p style=\"padding-bottom:8px\"><strong><a href=\"https:\/\/www.reteleelectrice.ro\/en\/funded-projects\/modernization-fund\/banat-resita-caransebes\/\">Re\u0219i\u021ba and Caransebe\u0219, Cara\u0219-Severin<\/a><\/strong><\/p>\n\n\n\n<p style=\"padding-bottom:8px\"><strong><a href=\"https:\/\/www.reteleelectrice.ro\/en\/funded-projects\/modernization-fund\/banat-bocsa-ramna-farliug\/\">Boc\u0219a, R\u00e2mna \u0219i Farliug, Cara\u0219-Severin<\/a><\/strong><\/p>\n\n\n\n<p style=\"padding-right:0;padding-bottom:8px;padding-left:0\"><strong><a href=\"https:\/\/www.reteleelectrice.ro\/en\/funded-projects\/modernization-fund\/banat-geoagiu\/\">Geoagiu, Hunedoara<\/a><\/strong><\/p>\n\n\n\n<p style=\"padding-bottom:8px\"><a href=\"https:\/\/www.reteleelectrice.ro\/en\/funded-projects\/modernization-fund\/banat-arad\/\"><strong>Arad, Arad<\/strong><\/a><\/p>\n\n\n\n<p style=\"padding-bottom:8px\"><strong><a href=\"https:\/\/www.reteleelectrice.ro\/en\/funded-projects\/modernization-fund\/banat-nadlac\/\">N\u0103dlac, Arad<\/a><\/strong><\/p>\n\n\n\n<p style=\"padding-bottom:8px\"><strong><a href=\"https:\/\/www.reteleelectrice.ro\/en\/funded-projects\/modernization-fund\/banat-bocsa\/\">Boc\u0219a, Cara\u0219-Severin<\/a><\/strong><\/p>\n<\/div>\n\n\n\n<div class=\"wp-block-column is-layout-flow wp-block-column-is-layout-flow\">\n<p style=\"padding-bottom:20px;font-size:24px\"><strong>Dobrogea<\/strong><\/p>\n\n\n\n<p style=\"padding-bottom:16px\">Discover our projects carried out through the Modernization Fund in the Dobrogea area.<\/p>\n\n\n\n<p style=\"padding-bottom:8px\"><a href=\"https:\/\/www.reteleelectrice.ro\/en\/funded-projects\/modernization-fund\/dobrogea-navodari\/\"><strong>N\u0103vodari, Constan\u021ba<\/strong><\/a><\/p>\n\n\n\n<p style=\"padding-bottom:8px\"><strong><a href=\"https:\/\/www.reteleelectrice.ro\/en\/funded-projects\/modernization-fund\/dobrogea-murfatlar-valu-lui-traian\/\">Murfatlar and Valu lui Traian, Constan\u021ba<\/a><\/strong><\/p>\n\n\n\n<p style=\"padding-bottom:8px\"><strong><a href=\"https:\/\/www.reteleelectrice.ro\/en\/funded-projects\/modernization-fund\/dobrogea-manasia\/\">Manasia, Ialomi\u021ba<\/a><\/strong><\/p>\n\n\n\n<p style=\"padding-bottom:8px\"><strong><a href=\"https:\/\/www.reteleelectrice.ro\/en\/funded-projects\/modernization-fund\/dobrogea-frumusani-vasilati-galbinasi-plataresti-fundeni\/\">Frumu\u0219ani, Vasila\u021bi, G\u0103lbina\u0219i, Pl\u0103t\u0103re\u0219ti and Fundeni, C\u0103l\u0103ra\u0219i<\/a><\/strong><\/p>\n\n\n\n<p style=\"padding-bottom:8px\"><strong><a href=\"https:\/\/www.reteleelectrice.ro\/en\/funded-projects\/modernization-fund\/dobrogea-perisoru\/\">Peri\u0219oru, C\u0103l\u0103ra\u0219i<\/a><\/strong><\/p>\n\n\n\n<p style=\"padding-bottom:8px\"><a href=\"#\"><br><\/a><\/p>\n\n\n\n<p style=\"padding-bottom:8px\"><\/p>\n<\/div>\n<\/div>\n\n<\/div>\n<\/section>\n\n\n<p><\/p>\n<\/body>","protected":false},"excerpt":{"rendered":"<p>Read more about the projects carried out by Re\u021bele Electrice Romania through the Modernization Fund!<\/p>\n","protected":false},"author":13,"featured_media":9812,"parent":19244,"menu_order":0,"comment_status":"closed","ping_status":"closed","template":"","meta":{"_acf_changed":false,"footnotes":""},"class_list":["post-19241","page","type-page","status-publish","has-post-thumbnail","hentry"],"acf":[],"yoast_head":"<!-- This site is optimized with the Yoast SEO Premium plugin v23.1 (Yoast SEO v27.1.1) - https:\/\/yoast.com\/product\/yoast-seo-premium-wordpress\/ -->\n<title>The Modernization Fund | Retele Electrice<\/title>\n<meta name=\"description\" content=\"Discover the projects carried out by Retele Electrice Romania through the Modernization Fund!\" \/>\n<meta name=\"robots\" content=\"index, follow, max-snippet:-1, max-image-preview:large, max-video-preview:-1\" \/>\n<link rel=\"canonical\" href=\"https:\/\/www.reteleelectrice.ro\/en\/funded-projects\/modernization-fund\/\" \/>\n<meta property=\"og:locale\" content=\"en_US\" \/>\n<meta property=\"og:type\" content=\"article\" \/>\n<meta property=\"og:title\" content=\"The Modernization Fund | Re\u021bele Electrice\" \/>\n<meta property=\"og:description\" content=\"Discover the projects carried out by Re\u021bele Electrice Rom\u00e2nia through the Modernization Fund!\" \/>\n<meta property=\"og:url\" content=\"https:\/\/www.reteleelectrice.ro\/en\/funded-projects\/modernization-fund\/\" \/>\n<meta property=\"og:site_name\" content=\"reteleelectrice\" \/>\n<meta property=\"article:modified_time\" content=\"2025-10-10T13:33:29+00:00\" \/>\n<meta property=\"og:image\" content=\"https:\/\/www.reteleelectrice.ro\/wp-content\/uploads\/fondul-pentru-modernizare.webp\" \/>\n\t<meta property=\"og:image:width\" content=\"920\" \/>\n\t<meta property=\"og:image:height\" content=\"400\" \/>\n\t<meta property=\"og:image:type\" content=\"image\/webp\" \/>\n<meta name=\"twitter:card\" content=\"summary_large_image\" \/>\n<meta name=\"twitter:title\" content=\"The Modernization Fund | Re\u021bele Electrice\" \/>\n<meta name=\"twitter:description\" content=\"Discover the projects carried out by Re\u021bele Electrice Rom\u00e2nia through the Modernization Fund!\" \/>\n<meta name=\"twitter:label1\" content=\"Est. reading time\" \/>\n\t<meta name=\"twitter:data1\" content=\"2 minutes\" \/>\n<script type=\"application\/ld+json\" class=\"yoast-schema-graph\">{\"@context\":\"https:\/\/schema.org\",\"@graph\":[{\"@type\":\"WebPage\",\"@id\":\"https:\/\/www.reteleelectrice.ro\/en\/funded-projects\/modernization-fund\/\",\"url\":\"https:\/\/www.reteleelectrice.ro\/en\/funded-projects\/modernization-fund\/\",\"name\":\"The Modernization Fund | Retele Electrice\",\"isPartOf\":{\"@id\":\"https:\/\/www.reteleelectrice.ro\/#website\"},\"primaryImageOfPage\":{\"@id\":\"https:\/\/www.reteleelectrice.ro\/en\/funded-projects\/modernization-fund\/#primaryimage\"},\"image\":{\"@id\":\"https:\/\/www.reteleelectrice.ro\/en\/funded-projects\/modernization-fund\/#primaryimage\"},\"thumbnailUrl\":\"https:\/\/www.reteleelectrice.ro\/wp-content\/uploads\/fondul-pentru-modernizare.webp\",\"datePublished\":\"2024-10-16T08:38:59+00:00\",\"dateModified\":\"2025-10-10T13:33:29+00:00\",\"description\":\"Discover the projects carried out by Retele Electrice Romania through the Modernization Fund!\",\"breadcrumb\":{\"@id\":\"https:\/\/www.reteleelectrice.ro\/en\/funded-projects\/modernization-fund\/#breadcrumb\"},\"inLanguage\":\"en-US\",\"potentialAction\":[{\"@type\":\"ReadAction\",\"target\":[\"https:\/\/www.reteleelectrice.ro\/en\/funded-projects\/modernization-fund\/\"]}]},{\"@type\":\"ImageObject\",\"inLanguage\":\"en-US\",\"@id\":\"https:\/\/www.reteleelectrice.ro\/en\/funded-projects\/modernization-fund\/#primaryimage\",\"url\":\"https:\/\/www.reteleelectrice.ro\/wp-content\/uploads\/fondul-pentru-modernizare.webp\",\"contentUrl\":\"https:\/\/www.reteleelectrice.ro\/wp-content\/uploads\/fondul-pentru-modernizare.webp\",\"width\":920,\"height\":400,\"caption\":\"High-voltage power lines. Modernization of the energy grid and infrastructure development funded through the Modernisation Fund.\"},{\"@type\":\"BreadcrumbList\",\"@id\":\"https:\/\/www.reteleelectrice.ro\/en\/funded-projects\/modernization-fund\/#breadcrumb\",\"itemListElement\":[{\"@type\":\"ListItem\",\"position\":1,\"name\":\"Home\",\"item\":\"https:\/\/www.reteleelectrice.ro\/en\/\"},{\"@type\":\"ListItem\",\"position\":2,\"name\":\"Funded projects\",\"item\":\"https:\/\/www.reteleelectrice.ro\/en\/funded-projects\/\"},{\"@type\":\"ListItem\",\"position\":3,\"name\":\"The Modernization Fund\"}]},{\"@type\":\"WebSite\",\"@id\":\"https:\/\/www.reteleelectrice.ro\/#website\",\"url\":\"https:\/\/www.reteleelectrice.ro\/\",\"name\":\"reteleelectrice\",\"description\":\"\",\"potentialAction\":[{\"@type\":\"SearchAction\",\"target\":{\"@type\":\"EntryPoint\",\"urlTemplate\":\"https:\/\/www.reteleelectrice.ro\/?s={search_term_string}\"},\"query-input\":{\"@type\":\"PropertyValueSpecification\",\"valueRequired\":true,\"valueName\":\"search_term_string\"}}],\"inLanguage\":\"en-US\"}]}<\/script>\n<!-- \/ Yoast SEO Premium plugin. -->","yoast_head_json":{"title":"The Modernization Fund | Retele Electrice","description":"Discover the projects carried out by Retele Electrice Romania through the Modernization Fund!","robots":{"index":"index","follow":"follow","max-snippet":"max-snippet:-1","max-image-preview":"max-image-preview:large","max-video-preview":"max-video-preview:-1"},"canonical":"https:\/\/www.reteleelectrice.ro\/en\/funded-projects\/modernization-fund\/","og_locale":"en_US","og_type":"article","og_title":"The Modernization Fund | Re\u021bele Electrice","og_description":"Discover the projects carried out by Re\u021bele Electrice Rom\u00e2nia through the Modernization Fund!","og_url":"https:\/\/www.reteleelectrice.ro\/en\/funded-projects\/modernization-fund\/","og_site_name":"reteleelectrice","article_modified_time":"2025-10-10T13:33:29+00:00","og_image":[{"width":920,"height":400,"url":"https:\/\/www.reteleelectrice.ro\/wp-content\/uploads\/fondul-pentru-modernizare.webp","type":"image\/webp"}],"twitter_card":"summary_large_image","twitter_title":"The Modernization Fund | Re\u021bele Electrice","twitter_description":"Discover the projects carried out by Re\u021bele Electrice Rom\u00e2nia through the Modernization Fund!","twitter_misc":{"Est. reading time":"2 minutes"},"schema":{"@context":"https:\/\/schema.org","@graph":[{"@type":"WebPage","@id":"https:\/\/www.reteleelectrice.ro\/en\/funded-projects\/modernization-fund\/","url":"https:\/\/www.reteleelectrice.ro\/en\/funded-projects\/modernization-fund\/","name":"The Modernization Fund | Retele Electrice","isPartOf":{"@id":"https:\/\/www.reteleelectrice.ro\/#website"},"primaryImageOfPage":{"@id":"https:\/\/www.reteleelectrice.ro\/en\/funded-projects\/modernization-fund\/#primaryimage"},"image":{"@id":"https:\/\/www.reteleelectrice.ro\/en\/funded-projects\/modernization-fund\/#primaryimage"},"thumbnailUrl":"https:\/\/www.reteleelectrice.ro\/wp-content\/uploads\/fondul-pentru-modernizare.webp","datePublished":"2024-10-16T08:38:59+00:00","dateModified":"2025-10-10T13:33:29+00:00","description":"Discover the projects carried out by Retele Electrice Romania through the Modernization Fund!","breadcrumb":{"@id":"https:\/\/www.reteleelectrice.ro\/en\/funded-projects\/modernization-fund\/#breadcrumb"},"inLanguage":"en-US","potentialAction":[{"@type":"ReadAction","target":["https:\/\/www.reteleelectrice.ro\/en\/funded-projects\/modernization-fund\/"]}]},{"@type":"ImageObject","inLanguage":"en-US","@id":"https:\/\/www.reteleelectrice.ro\/en\/funded-projects\/modernization-fund\/#primaryimage","url":"https:\/\/www.reteleelectrice.ro\/wp-content\/uploads\/fondul-pentru-modernizare.webp","contentUrl":"https:\/\/www.reteleelectrice.ro\/wp-content\/uploads\/fondul-pentru-modernizare.webp","width":920,"height":400,"caption":"High-voltage power lines. Modernization of the energy grid and infrastructure development funded through the Modernisation Fund."},{"@type":"BreadcrumbList","@id":"https:\/\/www.reteleelectrice.ro\/en\/funded-projects\/modernization-fund\/#breadcrumb","itemListElement":[{"@type":"ListItem","position":1,"name":"Home","item":"https:\/\/www.reteleelectrice.ro\/en\/"},{"@type":"ListItem","position":2,"name":"Funded projects","item":"https:\/\/www.reteleelectrice.ro\/en\/funded-projects\/"},{"@type":"ListItem","position":3,"name":"The Modernization Fund"}]},{"@type":"WebSite","@id":"https:\/\/www.reteleelectrice.ro\/#website","url":"https:\/\/www.reteleelectrice.ro\/","name":"reteleelectrice","description":"","potentialAction":[{"@type":"SearchAction","target":{"@type":"EntryPoint","urlTemplate":"https:\/\/www.reteleelectrice.ro\/?s={search_term_string}"},"query-input":{"@type":"PropertyValueSpecification","valueRequired":true,"valueName":"search_term_string"}}],"inLanguage":"en-US"}]}},"parsely":{"version":"1.1.0","canonical_url":"https:\/\/reteleelectrice.ro\/en\/funded-projects\/modernization-fund\/","smart_links":{"inbound":0,"outbound":0},"traffic_boost_suggestions_count":0,"meta":{"@context":"https:\/\/schema.org","@type":"WebPage","headline":"The Modernization Fund","url":"http:\/\/www.reteleelectrice.ro\/en\/funded-projects\/modernization-fund\/","mainEntityOfPage":{"@type":"WebPage","@id":"http:\/\/www.reteleelectrice.ro\/en\/funded-projects\/modernization-fund\/"},"thumbnailUrl":"https:\/\/www.reteleelectrice.ro\/wp-content\/uploads\/fondul-pentru-modernizare.webp?w=150&h=150&crop=1","image":{"@type":"ImageObject","url":"https:\/\/www.reteleelectrice.ro\/wp-content\/uploads\/fondul-pentru-modernizare.webp"},"articleSection":"Uncategorized","author":[{"@type":"Person","name":"Dan Voitasec"}],"creator":["Dan Voitasec"],"publisher":{"@type":"Organization","name":"reteleelectrice","logo":""},"keywords":[],"dateCreated":"2024-10-16T08:38:59Z","datePublished":"2024-10-16T08:38:59Z","dateModified":"2025-10-10T13:33:29Z"},"rendered":"<script type=\"application\/ld+json\" class=\"wp-parsely-metadata\">{\"@context\":\"https:\\\/\\\/schema.org\",\"@type\":\"WebPage\",\"headline\":\"The Modernization Fund\",\"url\":\"http:\\\/\\\/www.reteleelectrice.ro\\\/en\\\/funded-projects\\\/modernization-fund\\\/\",\"mainEntityOfPage\":{\"@type\":\"WebPage\",\"@id\":\"http:\\\/\\\/www.reteleelectrice.ro\\\/en\\\/funded-projects\\\/modernization-fund\\\/\"},\"thumbnailUrl\":\"https:\\\/\\\/www.reteleelectrice.ro\\\/wp-content\\\/uploads\\\/fondul-pentru-modernizare.webp?w=150&h=150&crop=1\",\"image\":{\"@type\":\"ImageObject\",\"url\":\"https:\\\/\\\/www.reteleelectrice.ro\\\/wp-content\\\/uploads\\\/fondul-pentru-modernizare.webp\"},\"articleSection\":\"Uncategorized\",\"author\":[{\"@type\":\"Person\",\"name\":\"Dan Voitasec\"}],\"creator\":[\"Dan Voitasec\"],\"publisher\":{\"@type\":\"Organization\",\"name\":\"reteleelectrice\",\"logo\":\"\"},\"keywords\":[],\"dateCreated\":\"2024-10-16T08:38:59Z\",\"datePublished\":\"2024-10-16T08:38:59Z\",\"dateModified\":\"2025-10-10T13:33:29Z\"}<\/script>","tracker_url":"https:\/\/cdn.parsely.com\/keys\/reteleelectrice.ro\/p.js"},"jetpack_sharing_enabled":true,"_links":{"self":[{"href":"https:\/\/www.reteleelectrice.ro\/en\/wp-json\/wp\/v2\/pages\/19241","targetHints":{"allow":["GET"]}}],"collection":[{"href":"https:\/\/www.reteleelectrice.ro\/en\/wp-json\/wp\/v2\/pages"}],"about":[{"href":"https:\/\/www.reteleelectrice.ro\/en\/wp-json\/wp\/v2\/types\/page"}],"author":[{"embeddable":true,"href":"https:\/\/www.reteleelectrice.ro\/en\/wp-json\/wp\/v2\/users\/13"}],"replies":[{"embeddable":true,"href":"https:\/\/www.reteleelectrice.ro\/en\/wp-json\/wp\/v2\/comments?post=19241"}],"version-history":[{"count":13,"href":"https:\/\/www.reteleelectrice.ro\/en\/wp-json\/wp\/v2\/pages\/19241\/revisions"}],"predecessor-version":[{"id":23763,"href":"https:\/\/www.reteleelectrice.ro\/en\/wp-json\/wp\/v2\/pages\/19241\/revisions\/23763"}],"up":[{"embeddable":true,"href":"https:\/\/www.reteleelectrice.ro\/en\/wp-json\/wp\/v2\/pages\/19244"}],"wp:featuredmedia":[{"embeddable":true,"href":"https:\/\/www.reteleelectrice.ro\/en\/wp-json\/wp\/v2\/media\/9812"}],"wp:attachment":[{"href":"https:\/\/www.reteleelectrice.ro\/en\/wp-json\/wp\/v2\/media?parent=19241"}],"curies":[{"name":"wp","href":"https:\/\/api.w.org\/{rel}","templated":true}]}}