{"id":19217,"date":"2024-09-03T13:10:50","date_gmt":"2024-09-03T13:10:50","guid":{"rendered":"https:\/\/www.reteleelectrice.ro\/media\/"},"modified":"2025-07-16T12:41:28","modified_gmt":"2025-07-16T12:41:28","slug":"media","status":"publish","type":"page","link":"https:\/\/www.reteleelectrice.ro\/en\/media\/","title":{"rendered":"Media"},"content":{"rendered":"<body><section id=\"\" class=\"block-hero\">\n                    <div class=\"top-hero\">\n                <div class=\"left\">\n                                                                                    <h1 class=\"title-hero\">Media<\/h1>\n                                                                <div class=\"text-hero\"> Find out our latest news through press releases, field reports, and audiovisual materials.<\/div>\n                                                        <\/div>\n                        <div class=\"right\">\n                <img loading=\"lazy\" decoding=\"async\" width=\"920\" height=\"400\" src=\"https:\/\/www.reteleelectrice.ro\/wp-content\/uploads\/media.webp?w=920&amp;h=400&amp;crop=1\" class=\"attachment-hero size-hero\" alt=\"St\u00e2lp electric iluminat pe timp de noapte.\" srcset=\"https:\/\/www.reteleelectrice.ro\/wp-content\/uploads\/media.webp 920w, https:\/\/www.reteleelectrice.ro\/wp-content\/uploads\/media.webp?resize=300,130 300w, https:\/\/www.reteleelectrice.ro\/wp-content\/uploads\/media.webp?resize=768,334 768w, https:\/\/www.reteleelectrice.ro\/wp-content\/uploads\/media.webp?resize=152,66 152w\" sizes=\"auto, (max-width: 920px) 100vw, 920px\">                <style type=\"text\/css\">\n                    @media only screen and (max-width: 1200px) {\n                        .block-hero .top-hero .main-slide .right img {\n                            object-position:\n                                                            % 0%;\n                        }\n                    }\n                <\/style>\n            <\/div>\n        <\/div>\n    <\/section>\n\n\n<section id=\"\" class=\"block-breadcrumbs\">\n    <ul id=\"breadcrumbs\" itemprop=\"breadcrumb\" class=\"breadcrumbs\"><li><a rel=\"home\" href=\"https:\/\/www.reteleelectrice.ro\/en\/\"><\/a><\/li><\/ul><\/section>\n\n    <section id=\"\" class=\"block-cardimage per-row-three\">\n                    <div class=\"card-image\">\n                <div class=\"image-cards\">\n                                        <img loading=\"lazy\" decoding=\"async\" width=\"392\" height=\"150\" src=\"https:\/\/www.reteleelectrice.ro\/wp-content\/uploads\/comunicate-de-presa.webp?w=392&amp;h=150&amp;crop=1\" class=\"attachment-cardsthree size-cardsthree\" alt=\"St\u00e2lp de \u00eenalt\u0103 tensiune vopsit \u00een ro\u0219u \u0219i alb, pe un fundal de cer albastru.\" srcset=\"https:\/\/www.reteleelectrice.ro\/wp-content\/uploads\/comunicate-de-presa.webp 392w, https:\/\/www.reteleelectrice.ro\/wp-content\/uploads\/comunicate-de-presa.webp?resize=300,115 300w, https:\/\/www.reteleelectrice.ro\/wp-content\/uploads\/comunicate-de-presa.webp?resize=172,66 172w\" sizes=\"auto, (max-width: 392px) 100vw, 392px\">                <\/div>\n                <div class=\"text-container-cards\">\n                                            <div class=\"title-text\">\n                                                            <h3 class=\"title-cards\">\n                                    Press releases                                <\/h3>\n                                                                                        <div class=\"text-cards\">\n                                    Check out our press releases!                                <\/div>\n                                                    <\/div>\n                                                                <a class=\"global-button global-button-transparent button-arrow-transparent\" href=\"https:\/\/www.reteleelectrice.ro\/en\/media\/press-releases\" title=\"Find out more\" target=\"_self\">\n                               Find out more                        <\/a> \n                                        <\/div>\n            <\/div>\n                    <div class=\"card-image\">\n                <div class=\"image-cards\">\n                                        <img loading=\"lazy\" decoding=\"async\" width=\"392\" height=\"150\" src=\"https:\/\/www.reteleelectrice.ro\/wp-content\/uploads\/stories.webp?w=392&amp;h=150&amp;crop=1\" class=\"attachment-cardsthree size-cardsthree\" alt=\"St\u00e2lpi de \u00eenalt\u0103 tensiune.\" srcset=\"https:\/\/www.reteleelectrice.ro\/wp-content\/uploads\/stories.webp 392w, https:\/\/www.reteleelectrice.ro\/wp-content\/uploads\/stories.webp?resize=300,115 300w, https:\/\/www.reteleelectrice.ro\/wp-content\/uploads\/stories.webp?resize=172,66 172w\" sizes=\"auto, (max-width: 392px) 100vw, 392px\">                <\/div>\n                <div class=\"text-container-cards\">\n                                            <div class=\"title-text\">\n                                                            <h3 class=\"title-cards\">\n                                    Articles                                <\/h3>\n                                                                                        <div class=\"text-cards\">\n                                    Discover our initiatives and how we take action in the communities where we are present.                                <\/div>\n                                                    <\/div>\n                                                                <a class=\"global-button global-button-transparent button-arrow-transparent\" href=\"https:\/\/www.reteleelectrice.ro\/en\/media\/articles\" title=\"Find out more\" target=\"_self\">\n                               Find out more                        <\/a> \n                                        <\/div>\n            <\/div>\n                    <div class=\"card-image\">\n                <div class=\"image-cards\">\n                                        <img loading=\"lazy\" decoding=\"async\" width=\"392\" height=\"150\" src=\"https:\/\/www.reteleelectrice.ro\/wp-content\/uploads\/video.webp?w=392&amp;h=150&amp;crop=1\" class=\"attachment-cardsthree size-cardsthree\" alt=\"Video interven\u021bii pe teren - Re\u021bele Electrice.\" srcset=\"https:\/\/www.reteleelectrice.ro\/wp-content\/uploads\/video.webp 392w, https:\/\/www.reteleelectrice.ro\/wp-content\/uploads\/video.webp?resize=300,115 300w, https:\/\/www.reteleelectrice.ro\/wp-content\/uploads\/video.webp?resize=172,66 172w\" sizes=\"auto, (max-width: 392px) 100vw, 392px\">                <\/div>\n                <div class=\"text-container-cards\">\n                                            <div class=\"title-text\">\n                                                            <h3 class=\"title-cards\">\n                                    Video                                <\/h3>\n                                                                                        <div class=\"text-cards\">\n                                    We have prepared a series of video materials about our field interventions.                                <\/div>\n                                                    <\/div>\n                                                                <a class=\"global-button global-button-transparent button-arrow-transparent\" href=\"https:\/\/www.reteleelectrice.ro\/en\/media\/video\" title=\"Find out more\" target=\"_self\">\n                               Find out more                        <\/a> \n                                        <\/div>\n            <\/div>\n            <\/section>\n<\/body>","protected":false},"excerpt":{"rendered":"<p>Find out our latest news through press releases, field reports, and audiovisual materials.<\/p>\n","protected":false},"author":5,"featured_media":9426,"parent":0,"menu_order":0,"comment_status":"closed","ping_status":"closed","template":"","meta":{"_acf_changed":false,"footnotes":""},"class_list":["post-19217","page","type-page","status-publish","has-post-thumbnail","hentry"],"acf":[],"yoast_head":"<!-- This site is optimized with the Yoast SEO Premium plugin v23.1 (Yoast SEO v27.1.1) - https:\/\/yoast.com\/product\/yoast-seo-premium-wordpress\/ -->\n<title>Media | Retele Electrice<\/title>\n<meta name=\"description\" content=\"Check out press releases, announcements, and useful audiovisual materials from Retele Electrice.\" \/>\n<meta name=\"robots\" content=\"index, follow, max-snippet:-1, max-image-preview:large, max-video-preview:-1\" \/>\n<link rel=\"canonical\" href=\"https:\/\/www.reteleelectrice.ro\/en\/media\/\" \/>\n<meta property=\"og:locale\" content=\"en_US\" \/>\n<meta property=\"og:type\" content=\"article\" \/>\n<meta property=\"og:title\" content=\"Media | Re\u021bele Electrice\" \/>\n<meta property=\"og:description\" content=\"Check out press releases, announcements, and useful audiovisual materials from Re\u021bele Electrice.\" \/>\n<meta property=\"og:url\" content=\"https:\/\/www.reteleelectrice.ro\/en\/media\/\" \/>\n<meta property=\"og:site_name\" content=\"reteleelectrice\" \/>\n<meta property=\"article:modified_time\" content=\"2025-07-16T12:41:28+00:00\" \/>\n<meta property=\"og:image\" content=\"https:\/\/www.reteleelectrice.ro\/wp-content\/uploads\/media.webp\" \/>\n\t<meta property=\"og:image:width\" content=\"920\" \/>\n\t<meta property=\"og:image:height\" content=\"400\" \/>\n\t<meta property=\"og:image:type\" content=\"image\/webp\" \/>\n<meta name=\"twitter:card\" content=\"summary_large_image\" \/>\n<meta name=\"twitter:title\" content=\"Media | Re\u021bele Electrice\" \/>\n<meta name=\"twitter:description\" content=\"Check out press releases, announcements, and useful audiovisual materials from Re\u021bele Electrice.\" \/>\n<meta name=\"twitter:label1\" content=\"Est. reading time\" \/>\n\t<meta name=\"twitter:data1\" content=\"1 minute\" \/>\n<script type=\"application\/ld+json\" class=\"yoast-schema-graph\">{\"@context\":\"https:\/\/schema.org\",\"@graph\":[{\"@type\":\"WebPage\",\"@id\":\"https:\/\/www.reteleelectrice.ro\/en\/media\/\",\"url\":\"https:\/\/www.reteleelectrice.ro\/en\/media\/\",\"name\":\"Media | Retele Electrice\",\"isPartOf\":{\"@id\":\"https:\/\/www.reteleelectrice.ro\/#website\"},\"primaryImageOfPage\":{\"@id\":\"https:\/\/www.reteleelectrice.ro\/en\/media\/#primaryimage\"},\"image\":{\"@id\":\"https:\/\/www.reteleelectrice.ro\/en\/media\/#primaryimage\"},\"thumbnailUrl\":\"https:\/\/www.reteleelectrice.ro\/wp-content\/uploads\/media.webp\",\"datePublished\":\"2024-09-03T13:10:50+00:00\",\"dateModified\":\"2025-07-16T12:41:28+00:00\",\"description\":\"Check out press releases, announcements, and useful audiovisual materials from Retele Electrice.\",\"breadcrumb\":{\"@id\":\"https:\/\/www.reteleelectrice.ro\/en\/media\/#breadcrumb\"},\"inLanguage\":\"en-US\",\"potentialAction\":[{\"@type\":\"ReadAction\",\"target\":[\"https:\/\/www.reteleelectrice.ro\/en\/media\/\"]}]},{\"@type\":\"ImageObject\",\"inLanguage\":\"en-US\",\"@id\":\"https:\/\/www.reteleelectrice.ro\/en\/media\/#primaryimage\",\"url\":\"https:\/\/www.reteleelectrice.ro\/wp-content\/uploads\/media.webp\",\"contentUrl\":\"https:\/\/www.reteleelectrice.ro\/wp-content\/uploads\/media.webp\",\"width\":920,\"height\":400,\"caption\":\"Power lines and an illuminated pole at night.\"},{\"@type\":\"BreadcrumbList\",\"@id\":\"https:\/\/www.reteleelectrice.ro\/en\/media\/#breadcrumb\",\"itemListElement\":[{\"@type\":\"ListItem\",\"position\":1,\"name\":\"Home\",\"item\":\"https:\/\/www.reteleelectrice.ro\/en\/\"},{\"@type\":\"ListItem\",\"position\":2,\"name\":\"Media\"}]},{\"@type\":\"WebSite\",\"@id\":\"https:\/\/www.reteleelectrice.ro\/#website\",\"url\":\"https:\/\/www.reteleelectrice.ro\/\",\"name\":\"reteleelectrice\",\"description\":\"\",\"potentialAction\":[{\"@type\":\"SearchAction\",\"target\":{\"@type\":\"EntryPoint\",\"urlTemplate\":\"https:\/\/www.reteleelectrice.ro\/?s={search_term_string}\"},\"query-input\":{\"@type\":\"PropertyValueSpecification\",\"valueRequired\":true,\"valueName\":\"search_term_string\"}}],\"inLanguage\":\"en-US\"}]}<\/script>\n<!-- \/ Yoast SEO Premium plugin. -->","yoast_head_json":{"title":"Media | Retele Electrice","description":"Check out press releases, announcements, and useful audiovisual materials from Retele Electrice.","robots":{"index":"index","follow":"follow","max-snippet":"max-snippet:-1","max-image-preview":"max-image-preview:large","max-video-preview":"max-video-preview:-1"},"canonical":"https:\/\/www.reteleelectrice.ro\/en\/media\/","og_locale":"en_US","og_type":"article","og_title":"Media | Re\u021bele Electrice","og_description":"Check out press releases, announcements, and useful audiovisual materials from Re\u021bele Electrice.","og_url":"https:\/\/www.reteleelectrice.ro\/en\/media\/","og_site_name":"reteleelectrice","article_modified_time":"2025-07-16T12:41:28+00:00","og_image":[{"width":920,"height":400,"url":"https:\/\/www.reteleelectrice.ro\/wp-content\/uploads\/media.webp","type":"image\/webp"}],"twitter_card":"summary_large_image","twitter_title":"Media | Re\u021bele Electrice","twitter_description":"Check out press releases, announcements, and useful audiovisual materials from Re\u021bele Electrice.","twitter_misc":{"Est. reading time":"1 minute"},"schema":{"@context":"https:\/\/schema.org","@graph":[{"@type":"WebPage","@id":"https:\/\/www.reteleelectrice.ro\/en\/media\/","url":"https:\/\/www.reteleelectrice.ro\/en\/media\/","name":"Media | Retele Electrice","isPartOf":{"@id":"https:\/\/www.reteleelectrice.ro\/#website"},"primaryImageOfPage":{"@id":"https:\/\/www.reteleelectrice.ro\/en\/media\/#primaryimage"},"image":{"@id":"https:\/\/www.reteleelectrice.ro\/en\/media\/#primaryimage"},"thumbnailUrl":"https:\/\/www.reteleelectrice.ro\/wp-content\/uploads\/media.webp","datePublished":"2024-09-03T13:10:50+00:00","dateModified":"2025-07-16T12:41:28+00:00","description":"Check out press releases, announcements, and useful audiovisual materials from Retele Electrice.","breadcrumb":{"@id":"https:\/\/www.reteleelectrice.ro\/en\/media\/#breadcrumb"},"inLanguage":"en-US","potentialAction":[{"@type":"ReadAction","target":["https:\/\/www.reteleelectrice.ro\/en\/media\/"]}]},{"@type":"ImageObject","inLanguage":"en-US","@id":"https:\/\/www.reteleelectrice.ro\/en\/media\/#primaryimage","url":"https:\/\/www.reteleelectrice.ro\/wp-content\/uploads\/media.webp","contentUrl":"https:\/\/www.reteleelectrice.ro\/wp-content\/uploads\/media.webp","width":920,"height":400,"caption":"Power lines and an illuminated pole at night."},{"@type":"BreadcrumbList","@id":"https:\/\/www.reteleelectrice.ro\/en\/media\/#breadcrumb","itemListElement":[{"@type":"ListItem","position":1,"name":"Home","item":"https:\/\/www.reteleelectrice.ro\/en\/"},{"@type":"ListItem","position":2,"name":"Media"}]},{"@type":"WebSite","@id":"https:\/\/www.reteleelectrice.ro\/#website","url":"https:\/\/www.reteleelectrice.ro\/","name":"reteleelectrice","description":"","potentialAction":[{"@type":"SearchAction","target":{"@type":"EntryPoint","urlTemplate":"https:\/\/www.reteleelectrice.ro\/?s={search_term_string}"},"query-input":{"@type":"PropertyValueSpecification","valueRequired":true,"valueName":"search_term_string"}}],"inLanguage":"en-US"}]}},"parsely":{"version":"1.1.0","canonical_url":"https:\/\/reteleelectrice.ro\/en\/media\/","smart_links":{"inbound":0,"outbound":0},"traffic_boost_suggestions_count":0,"meta":{"@context":"https:\/\/schema.org","@type":"WebPage","headline":"Media","url":"http:\/\/www.reteleelectrice.ro\/en\/media\/","mainEntityOfPage":{"@type":"WebPage","@id":"http:\/\/www.reteleelectrice.ro\/en\/media\/"},"thumbnailUrl":"https:\/\/www.reteleelectrice.ro\/wp-content\/uploads\/media.webp?w=150&h=150&crop=1","image":{"@type":"ImageObject","url":"https:\/\/www.reteleelectrice.ro\/wp-content\/uploads\/media.webp"},"articleSection":"Uncategorized","author":[{"@type":"Person","name":"valexe"}],"creator":["valexe"],"publisher":{"@type":"Organization","name":"reteleelectrice","logo":""},"keywords":[],"dateCreated":"2024-09-03T13:10:50Z","datePublished":"2024-09-03T13:10:50Z","dateModified":"2025-07-16T12:41:28Z"},"rendered":"<script type=\"application\/ld+json\" class=\"wp-parsely-metadata\">{\"@context\":\"https:\\\/\\\/schema.org\",\"@type\":\"WebPage\",\"headline\":\"Media\",\"url\":\"http:\\\/\\\/www.reteleelectrice.ro\\\/en\\\/media\\\/\",\"mainEntityOfPage\":{\"@type\":\"WebPage\",\"@id\":\"http:\\\/\\\/www.reteleelectrice.ro\\\/en\\\/media\\\/\"},\"thumbnailUrl\":\"https:\\\/\\\/www.reteleelectrice.ro\\\/wp-content\\\/uploads\\\/media.webp?w=150&h=150&crop=1\",\"image\":{\"@type\":\"ImageObject\",\"url\":\"https:\\\/\\\/www.reteleelectrice.ro\\\/wp-content\\\/uploads\\\/media.webp\"},\"articleSection\":\"Uncategorized\",\"author\":[{\"@type\":\"Person\",\"name\":\"valexe\"}],\"creator\":[\"valexe\"],\"publisher\":{\"@type\":\"Organization\",\"name\":\"reteleelectrice\",\"logo\":\"\"},\"keywords\":[],\"dateCreated\":\"2024-09-03T13:10:50Z\",\"datePublished\":\"2024-09-03T13:10:50Z\",\"dateModified\":\"2025-07-16T12:41:28Z\"}<\/script>","tracker_url":"https:\/\/cdn.parsely.com\/keys\/reteleelectrice.ro\/p.js"},"jetpack_sharing_enabled":true,"_links":{"self":[{"href":"https:\/\/www.reteleelectrice.ro\/en\/wp-json\/wp\/v2\/pages\/19217","targetHints":{"allow":["GET"]}}],"collection":[{"href":"https:\/\/www.reteleelectrice.ro\/en\/wp-json\/wp\/v2\/pages"}],"about":[{"href":"https:\/\/www.reteleelectrice.ro\/en\/wp-json\/wp\/v2\/types\/page"}],"author":[{"embeddable":true,"href":"https:\/\/www.reteleelectrice.ro\/en\/wp-json\/wp\/v2\/users\/5"}],"replies":[{"embeddable":true,"href":"https:\/\/www.reteleelectrice.ro\/en\/wp-json\/wp\/v2\/comments?post=19217"}],"version-history":[{"count":7,"href":"https:\/\/www.reteleelectrice.ro\/en\/wp-json\/wp\/v2\/pages\/19217\/revisions"}],"predecessor-version":[{"id":20639,"href":"https:\/\/www.reteleelectrice.ro\/en\/wp-json\/wp\/v2\/pages\/19217\/revisions\/20639"}],"wp:featuredmedia":[{"embeddable":true,"href":"https:\/\/www.reteleelectrice.ro\/en\/wp-json\/wp\/v2\/media\/9426"}],"wp:attachment":[{"href":"https:\/\/www.reteleelectrice.ro\/en\/wp-json\/wp\/v2\/media?parent=19217"}],"curies":[{"name":"wp","href":"https:\/\/api.w.org\/{rel}","templated":true}]}}