{"id":19200,"date":"2024-10-23T14:47:29","date_gmt":"2024-10-23T14:47:29","guid":{"rendered":"https:\/\/www.reteleelectrice.ro\/information\/tarife-inchiriere-active\/"},"modified":"2025-09-18T12:06:53","modified_gmt":"2025-09-18T12:06:53","slug":"renting-equipment-rates","status":"publish","type":"page","link":"https:\/\/www.reteleelectrice.ro\/en\/information\/renting-equipment-rates\/","title":{"rendered":"Rates for renting our equipment"},"content":{"rendered":"<body><section id=\"\" class=\"block-hero\">\n                    <div class=\"top-hero\">\n                <div class=\"left\">\n                                                                                    <h1 class=\"title-hero\">Rates for renting our equipment<\/h1>\n                                                                <div class=\"text-hero\"> See below for details on the costs of renting our equipment.<\/div>\n                                                        <\/div>\n                        <div class=\"right\">\n                <img loading=\"lazy\" decoding=\"async\" width=\"920\" height=\"400\" src=\"https:\/\/www.reteleelectrice.ro\/wp-content\/uploads\/tarife-pentru-inchirierea-echipamentelor-noastre_14e8dc.webp?w=920&amp;h=400&amp;crop=1\" class=\"attachment-hero size-hero\" alt=\"St\u00e2lpi de \u00eenalt\u0103 tensiune pe un c\u00e2mp.\" srcset=\"https:\/\/www.reteleelectrice.ro\/wp-content\/uploads\/tarife-pentru-inchirierea-echipamentelor-noastre_14e8dc.webp 920w, https:\/\/www.reteleelectrice.ro\/wp-content\/uploads\/tarife-pentru-inchirierea-echipamentelor-noastre_14e8dc.webp?resize=300,130 300w, https:\/\/www.reteleelectrice.ro\/wp-content\/uploads\/tarife-pentru-inchirierea-echipamentelor-noastre_14e8dc.webp?resize=768,334 768w, https:\/\/www.reteleelectrice.ro\/wp-content\/uploads\/tarife-pentru-inchirierea-echipamentelor-noastre_14e8dc.webp?resize=152,66 152w\" sizes=\"auto, (max-width: 920px) 100vw, 920px\">                <style type=\"text\/css\">\n                    @media only screen and (max-width: 1200px) {\n                        .block-hero .top-hero .main-slide .right img {\n                            object-position:\n                                                            % 0%;\n                        }\n                    }\n                <\/style>\n            <\/div>\n        <\/div>\n    <\/section>\n\n\n<section id=\"\" class=\"block-breadcrumbs\">\n    <ul id=\"breadcrumbs\" itemprop=\"breadcrumb\" class=\"breadcrumbs\"><li><a rel=\"home\" href=\"https:\/\/www.reteleelectrice.ro\/en\/\"><\/a><\/li><\/ul><\/section>\n\n<section id=\"\" class=\"block-whitecontainer\">\n    <div id=\"page-wrap\">\n        <div class=\"tabs\">\n            <div class=\"acf-innerblocks-container\">\n\n<div class=\"wp-block-columns is-layout-flex wp-container-core-columns-is-layout-28f84493 wp-block-columns-is-layout-flex\">\n<div class=\"wp-block-column is-layout-flow wp-block-column-is-layout-flow\" style=\"flex-basis:66%\">\n<p>Are you representing a company and need to rent some of our distribution equipment?<\/p>\n\n\n\n<p>Check the document on the page, where you will find information about renting low, medium, and high voltage poles, power transformers, and antenna towers.<\/p>\n\n\n\n<div style=\"height:18px\" aria-hidden=\"true\" class=\"wp-block-spacer\"><\/div>\n\n\n    <section id=\"\" class=\"block-document\">\n        <div class=\"document\">\n            <div class=\"left-document\">\n                 \n                \n                <div class=\"title-document\">Rates valid in 2025 for renting our assets<\/div>\n                \n                                    <div class=\"document-type-download\">\n                                                    <div class=\"size-document size-document-type-pdf\">\n                                pdf (233.63 KB)                            <\/div>\n                                            <\/div>\n                            <\/div>\n            \n                            <a href=\"https:\/\/www.reteleelectrice.ro\/wp-content\/uploads\/tarife-2025-inchiriere-active.pdf\" download class=\"right-document global-button global-button-transparent button-arrow-transparent\">Download<\/a>\n            <\/div>\n            <\/section><\/div>\n    \n<\/div>\n<\/div>\n\n<\/div> \n        <\/div>\n    \n<\/section><\/body>","protected":false},"excerpt":{"rendered":"<p>Are you representing a company and need to rent some of our distribution equipment? See below for details on the costs of renting our equipment.<\/p>\n","protected":false},"author":10,"featured_media":12854,"parent":18819,"menu_order":0,"comment_status":"closed","ping_status":"closed","template":"","meta":{"_acf_changed":false,"footnotes":""},"class_list":["post-19200","page","type-page","status-publish","has-post-thumbnail","hentry"],"acf":[],"yoast_head":"<!-- This site is optimized with the Yoast SEO Premium plugin v23.1 (Yoast SEO v27.1.1) - https:\/\/yoast.com\/product\/yoast-seo-premium-wordpress\/ -->\n<title>Rates for renting our equipment | Retele Electrice<\/title>\n<meta name=\"description\" content=\"Are you representing a company and need to rent some of our distribution equipment? Find out details about the equipment and costs.\" \/>\n<meta name=\"robots\" content=\"index, follow, max-snippet:-1, max-image-preview:large, max-video-preview:-1\" \/>\n<link rel=\"canonical\" href=\"https:\/\/www.reteleelectrice.ro\/en\/information\/renting-equipment-rates\/\" \/>\n<meta property=\"og:locale\" content=\"en_US\" \/>\n<meta property=\"og:type\" content=\"article\" \/>\n<meta property=\"og:title\" content=\"Rates for renting our equipment | Re\u021bele Electrice\" \/>\n<meta property=\"og:description\" content=\"Are you representing a company and need to rent some of our distribution equipment? Find out details about the equipment and costs.\" \/>\n<meta property=\"og:url\" content=\"https:\/\/www.reteleelectrice.ro\/en\/information\/renting-equipment-rates\/\" \/>\n<meta property=\"og:site_name\" content=\"reteleelectrice\" \/>\n<meta property=\"article:modified_time\" content=\"2025-09-18T12:06:53+00:00\" \/>\n<meta property=\"og:image\" content=\"https:\/\/www.reteleelectrice.ro\/wp-content\/uploads\/tarife-pentru-inchirierea-echipamentelor-noastre_14e8dc.webp\" \/>\n\t<meta property=\"og:image:width\" content=\"920\" \/>\n\t<meta property=\"og:image:height\" content=\"400\" \/>\n\t<meta property=\"og:image:type\" content=\"image\/webp\" \/>\n<meta name=\"twitter:card\" content=\"summary_large_image\" \/>\n<meta name=\"twitter:title\" content=\"Rates for renting our equipment | Re\u021bele Electrice\" \/>\n<meta name=\"twitter:description\" content=\"Are you representing a company and need to rent some of our distribution equipment? Find out details about the equipment and costs.\" \/>\n<meta name=\"twitter:label1\" content=\"Est. reading time\" \/>\n\t<meta name=\"twitter:data1\" content=\"1 minute\" \/>\n<script type=\"application\/ld+json\" class=\"yoast-schema-graph\">{\"@context\":\"https:\/\/schema.org\",\"@graph\":[{\"@type\":\"WebPage\",\"@id\":\"https:\/\/www.reteleelectrice.ro\/en\/information\/renting-equipment-rates\/\",\"url\":\"https:\/\/www.reteleelectrice.ro\/en\/information\/renting-equipment-rates\/\",\"name\":\"Rates for renting our equipment | Retele Electrice\",\"isPartOf\":{\"@id\":\"https:\/\/www.reteleelectrice.ro\/#website\"},\"primaryImageOfPage\":{\"@id\":\"https:\/\/www.reteleelectrice.ro\/en\/information\/renting-equipment-rates\/#primaryimage\"},\"image\":{\"@id\":\"https:\/\/www.reteleelectrice.ro\/en\/information\/renting-equipment-rates\/#primaryimage\"},\"thumbnailUrl\":\"https:\/\/www.reteleelectrice.ro\/wp-content\/uploads\/tarife-pentru-inchirierea-echipamentelor-noastre_14e8dc.webp\",\"datePublished\":\"2024-10-23T14:47:29+00:00\",\"dateModified\":\"2025-09-18T12:06:53+00:00\",\"description\":\"Are you representing a company and need to rent some of our distribution equipment? Find out details about the equipment and costs.\",\"breadcrumb\":{\"@id\":\"https:\/\/www.reteleelectrice.ro\/en\/information\/renting-equipment-rates\/#breadcrumb\"},\"inLanguage\":\"en-US\",\"potentialAction\":[{\"@type\":\"ReadAction\",\"target\":[\"https:\/\/www.reteleelectrice.ro\/en\/information\/renting-equipment-rates\/\"]}]},{\"@type\":\"ImageObject\",\"inLanguage\":\"en-US\",\"@id\":\"https:\/\/www.reteleelectrice.ro\/en\/information\/renting-equipment-rates\/#primaryimage\",\"url\":\"https:\/\/www.reteleelectrice.ro\/wp-content\/uploads\/tarife-pentru-inchirierea-echipamentelor-noastre_14e8dc.webp\",\"contentUrl\":\"https:\/\/www.reteleelectrice.ro\/wp-content\/uploads\/tarife-pentru-inchirierea-echipamentelor-noastre_14e8dc.webp\",\"width\":920,\"height\":400,\"caption\":\"High-voltage poles in a field.\"},{\"@type\":\"BreadcrumbList\",\"@id\":\"https:\/\/www.reteleelectrice.ro\/en\/information\/renting-equipment-rates\/#breadcrumb\",\"itemListElement\":[{\"@type\":\"ListItem\",\"position\":1,\"name\":\"Home\",\"item\":\"https:\/\/www.reteleelectrice.ro\/en\/\"},{\"@type\":\"ListItem\",\"position\":2,\"name\":\"Information\",\"item\":\"https:\/\/www.reteleelectrice.ro\/en\/information\/\"},{\"@type\":\"ListItem\",\"position\":3,\"name\":\"Rates for renting our equipment\"}]},{\"@type\":\"WebSite\",\"@id\":\"https:\/\/www.reteleelectrice.ro\/#website\",\"url\":\"https:\/\/www.reteleelectrice.ro\/\",\"name\":\"reteleelectrice\",\"description\":\"\",\"potentialAction\":[{\"@type\":\"SearchAction\",\"target\":{\"@type\":\"EntryPoint\",\"urlTemplate\":\"https:\/\/www.reteleelectrice.ro\/?s={search_term_string}\"},\"query-input\":{\"@type\":\"PropertyValueSpecification\",\"valueRequired\":true,\"valueName\":\"search_term_string\"}}],\"inLanguage\":\"en-US\"}]}<\/script>\n<!-- \/ Yoast SEO Premium plugin. -->","yoast_head_json":{"title":"Rates for renting our equipment | Retele Electrice","description":"Are you representing a company and need to rent some of our distribution equipment? Find out details about the equipment and costs.","robots":{"index":"index","follow":"follow","max-snippet":"max-snippet:-1","max-image-preview":"max-image-preview:large","max-video-preview":"max-video-preview:-1"},"canonical":"https:\/\/www.reteleelectrice.ro\/en\/information\/renting-equipment-rates\/","og_locale":"en_US","og_type":"article","og_title":"Rates for renting our equipment | Re\u021bele Electrice","og_description":"Are you representing a company and need to rent some of our distribution equipment? Find out details about the equipment and costs.","og_url":"https:\/\/www.reteleelectrice.ro\/en\/information\/renting-equipment-rates\/","og_site_name":"reteleelectrice","article_modified_time":"2025-09-18T12:06:53+00:00","og_image":[{"width":920,"height":400,"url":"https:\/\/www.reteleelectrice.ro\/wp-content\/uploads\/tarife-pentru-inchirierea-echipamentelor-noastre_14e8dc.webp","type":"image\/webp"}],"twitter_card":"summary_large_image","twitter_title":"Rates for renting our equipment | Re\u021bele Electrice","twitter_description":"Are you representing a company and need to rent some of our distribution equipment? Find out details about the equipment and costs.","twitter_misc":{"Est. reading time":"1 minute"},"schema":{"@context":"https:\/\/schema.org","@graph":[{"@type":"WebPage","@id":"https:\/\/www.reteleelectrice.ro\/en\/information\/renting-equipment-rates\/","url":"https:\/\/www.reteleelectrice.ro\/en\/information\/renting-equipment-rates\/","name":"Rates for renting our equipment | Retele Electrice","isPartOf":{"@id":"https:\/\/www.reteleelectrice.ro\/#website"},"primaryImageOfPage":{"@id":"https:\/\/www.reteleelectrice.ro\/en\/information\/renting-equipment-rates\/#primaryimage"},"image":{"@id":"https:\/\/www.reteleelectrice.ro\/en\/information\/renting-equipment-rates\/#primaryimage"},"thumbnailUrl":"https:\/\/www.reteleelectrice.ro\/wp-content\/uploads\/tarife-pentru-inchirierea-echipamentelor-noastre_14e8dc.webp","datePublished":"2024-10-23T14:47:29+00:00","dateModified":"2025-09-18T12:06:53+00:00","description":"Are you representing a company and need to rent some of our distribution equipment? Find out details about the equipment and costs.","breadcrumb":{"@id":"https:\/\/www.reteleelectrice.ro\/en\/information\/renting-equipment-rates\/#breadcrumb"},"inLanguage":"en-US","potentialAction":[{"@type":"ReadAction","target":["https:\/\/www.reteleelectrice.ro\/en\/information\/renting-equipment-rates\/"]}]},{"@type":"ImageObject","inLanguage":"en-US","@id":"https:\/\/www.reteleelectrice.ro\/en\/information\/renting-equipment-rates\/#primaryimage","url":"https:\/\/www.reteleelectrice.ro\/wp-content\/uploads\/tarife-pentru-inchirierea-echipamentelor-noastre_14e8dc.webp","contentUrl":"https:\/\/www.reteleelectrice.ro\/wp-content\/uploads\/tarife-pentru-inchirierea-echipamentelor-noastre_14e8dc.webp","width":920,"height":400,"caption":"High-voltage poles in a field."},{"@type":"BreadcrumbList","@id":"https:\/\/www.reteleelectrice.ro\/en\/information\/renting-equipment-rates\/#breadcrumb","itemListElement":[{"@type":"ListItem","position":1,"name":"Home","item":"https:\/\/www.reteleelectrice.ro\/en\/"},{"@type":"ListItem","position":2,"name":"Information","item":"https:\/\/www.reteleelectrice.ro\/en\/information\/"},{"@type":"ListItem","position":3,"name":"Rates for renting our equipment"}]},{"@type":"WebSite","@id":"https:\/\/www.reteleelectrice.ro\/#website","url":"https:\/\/www.reteleelectrice.ro\/","name":"reteleelectrice","description":"","potentialAction":[{"@type":"SearchAction","target":{"@type":"EntryPoint","urlTemplate":"https:\/\/www.reteleelectrice.ro\/?s={search_term_string}"},"query-input":{"@type":"PropertyValueSpecification","valueRequired":true,"valueName":"search_term_string"}}],"inLanguage":"en-US"}]}},"parsely":{"version":"1.1.0","canonical_url":"https:\/\/reteleelectrice.ro\/en\/information\/renting-equipment-rates\/","smart_links":{"inbound":0,"outbound":0},"traffic_boost_suggestions_count":0,"meta":{"@context":"https:\/\/schema.org","@type":"WebPage","headline":"Rates for renting our equipment","url":"http:\/\/www.reteleelectrice.ro\/en\/information\/renting-equipment-rates\/","mainEntityOfPage":{"@type":"WebPage","@id":"http:\/\/www.reteleelectrice.ro\/en\/information\/renting-equipment-rates\/"},"thumbnailUrl":"https:\/\/www.reteleelectrice.ro\/wp-content\/uploads\/tarife-pentru-inchirierea-echipamentelor-noastre_14e8dc.webp?w=150&h=150&crop=1","image":{"@type":"ImageObject","url":"https:\/\/www.reteleelectrice.ro\/wp-content\/uploads\/tarife-pentru-inchirierea-echipamentelor-noastre_14e8dc.webp"},"articleSection":"Uncategorized","author":[{"@type":"Person","name":"Andreea Sauciuc"}],"creator":["Andreea Sauciuc"],"publisher":{"@type":"Organization","name":"reteleelectrice","logo":""},"keywords":[],"dateCreated":"2024-10-23T14:47:29Z","datePublished":"2024-10-23T14:47:29Z","dateModified":"2025-09-18T12:06:53Z"},"rendered":"<script type=\"application\/ld+json\" class=\"wp-parsely-metadata\">{\"@context\":\"https:\\\/\\\/schema.org\",\"@type\":\"WebPage\",\"headline\":\"Rates for renting our equipment\",\"url\":\"http:\\\/\\\/www.reteleelectrice.ro\\\/en\\\/information\\\/renting-equipment-rates\\\/\",\"mainEntityOfPage\":{\"@type\":\"WebPage\",\"@id\":\"http:\\\/\\\/www.reteleelectrice.ro\\\/en\\\/information\\\/renting-equipment-rates\\\/\"},\"thumbnailUrl\":\"https:\\\/\\\/www.reteleelectrice.ro\\\/wp-content\\\/uploads\\\/tarife-pentru-inchirierea-echipamentelor-noastre_14e8dc.webp?w=150&h=150&crop=1\",\"image\":{\"@type\":\"ImageObject\",\"url\":\"https:\\\/\\\/www.reteleelectrice.ro\\\/wp-content\\\/uploads\\\/tarife-pentru-inchirierea-echipamentelor-noastre_14e8dc.webp\"},\"articleSection\":\"Uncategorized\",\"author\":[{\"@type\":\"Person\",\"name\":\"Andreea Sauciuc\"}],\"creator\":[\"Andreea Sauciuc\"],\"publisher\":{\"@type\":\"Organization\",\"name\":\"reteleelectrice\",\"logo\":\"\"},\"keywords\":[],\"dateCreated\":\"2024-10-23T14:47:29Z\",\"datePublished\":\"2024-10-23T14:47:29Z\",\"dateModified\":\"2025-09-18T12:06:53Z\"}<\/script>","tracker_url":"https:\/\/cdn.parsely.com\/keys\/reteleelectrice.ro\/p.js"},"jetpack_sharing_enabled":true,"_links":{"self":[{"href":"https:\/\/www.reteleelectrice.ro\/en\/wp-json\/wp\/v2\/pages\/19200","targetHints":{"allow":["GET"]}}],"collection":[{"href":"https:\/\/www.reteleelectrice.ro\/en\/wp-json\/wp\/v2\/pages"}],"about":[{"href":"https:\/\/www.reteleelectrice.ro\/en\/wp-json\/wp\/v2\/types\/page"}],"author":[{"embeddable":true,"href":"https:\/\/www.reteleelectrice.ro\/en\/wp-json\/wp\/v2\/users\/10"}],"replies":[{"embeddable":true,"href":"https:\/\/www.reteleelectrice.ro\/en\/wp-json\/wp\/v2\/comments?post=19200"}],"version-history":[{"count":4,"href":"https:\/\/www.reteleelectrice.ro\/en\/wp-json\/wp\/v2\/pages\/19200\/revisions"}],"predecessor-version":[{"id":22953,"href":"https:\/\/www.reteleelectrice.ro\/en\/wp-json\/wp\/v2\/pages\/19200\/revisions\/22953"}],"up":[{"embeddable":true,"href":"https:\/\/www.reteleelectrice.ro\/en\/wp-json\/wp\/v2\/pages\/18819"}],"wp:featuredmedia":[{"embeddable":true,"href":"https:\/\/www.reteleelectrice.ro\/en\/wp-json\/wp\/v2\/media\/12854"}],"wp:attachment":[{"href":"https:\/\/www.reteleelectrice.ro\/en\/wp-json\/wp\/v2\/media?parent=19200"}],"curies":[{"name":"wp","href":"https:\/\/api.w.org\/{rel}","templated":true}]}}