{"id":18923,"date":"2024-08-08T09:50:16","date_gmt":"2024-08-08T09:50:16","guid":{"rendered":"https:\/\/www.reteleelectrice.ro\/intreruperi\/"},"modified":"2025-09-18T12:11:58","modified_gmt":"2025-09-18T12:11:58","slug":"outages","status":"publish","type":"page","link":"https:\/\/www.reteleelectrice.ro\/en\/outages\/","title":{"rendered":"Power outages"},"content":{"rendered":"<body><p><!--  ADD patern code from wp code editor --><\/p>\n\n    <section id=\"\" class=\"block-hero\">\n                    <div class=\"top-hero\">\n                <div class=\"left\">\n                                                                                    <h1 class=\"title-hero\">Power outages<\/h1>\n                                                                <div class=\"text-hero\"> Did your TV turn off, the outlets stop working, and the lights won\u2019t turn on? If that\u2019s the case, it means the space you are in \u2013 at home or at the office \u2013 is experiencing a power outage.<\/div>\n                                                        <\/div>\n                        <div class=\"right\">\n                <img loading=\"lazy\" decoding=\"async\" width=\"920\" height=\"400\" src=\"https:\/\/www.reteleelectrice.ro\/wp-content\/uploads\/intreruperi-in-alimentarea-cu-energie-electrica.webp?w=920&amp;h=400&amp;crop=1\" class=\"attachment-hero size-hero\" alt=\"Electrician \u00een nacel\u0103, efectu\u00e2nd lucr\u0103ri de \u00eentre\u021binere la re\u021beaua electric\u0103 dintr-o zon\u0103 rural\u0103.\" srcset=\"https:\/\/www.reteleelectrice.ro\/wp-content\/uploads\/intreruperi-in-alimentarea-cu-energie-electrica.webp 920w, https:\/\/www.reteleelectrice.ro\/wp-content\/uploads\/intreruperi-in-alimentarea-cu-energie-electrica.webp?resize=300,130 300w, https:\/\/www.reteleelectrice.ro\/wp-content\/uploads\/intreruperi-in-alimentarea-cu-energie-electrica.webp?resize=768,334 768w, https:\/\/www.reteleelectrice.ro\/wp-content\/uploads\/intreruperi-in-alimentarea-cu-energie-electrica.webp?resize=152,66 152w\" sizes=\"auto, (max-width: 920px) 100vw, 920px\">                <style type=\"text\/css\">\n                    @media only screen and (max-width: 1200px) {\n                        .block-hero .top-hero .main-slide .right img {\n                            object-position:\n                                                            % 0%;\n                        }\n                    }\n                <\/style>\n            <\/div>\n        <\/div>\n    <\/section>\n\n\n<section id=\"\" class=\"block-breadcrumbs\">\n    <ul id=\"breadcrumbs\" itemprop=\"breadcrumb\" class=\"breadcrumbs\"><li><a rel=\"home\" href=\"https:\/\/www.reteleelectrice.ro\/en\/\"><\/a><\/li><\/ul><\/section>\n\n<section id=\"\" class=\"block-customcolumns \">\n    <div class=\"column-blocks\">\n\n<div class=\"wp-block-columns is-layout-flex wp-container-core-columns-is-layout-28f84493 wp-block-columns-is-layout-flex\">\n<div class=\"wp-block-column is-layout-flow wp-block-column-is-layout-flow\" style=\"flex-basis:70%\"><script>\n    window.getInfoTranslations = {\n        mandatory: null,\n        podFormat: null,\n        phoneRO: null,\n        noSpacesOnly: null,\n        mintwo: null    };\n<\/script>\n<section id=\"\" class=\"block-getinfo checkpoweroutage\">\n    <div>\n                    <div class=\"informations\">\n                <div class=\"image\"><\/div>\n                <div class=\"text-area\">\n                                            Check for power outages at your address                                                                <p>\n                            Enter your POD in the field below to check if there is a scheduled or accidental power outage at your address.                        <\/p>\n                                    <\/div>\n            <\/div>\n            <\/div>\n\n    <div>\n                    <div class=\"pod\">\n                <p>POD<\/p>\n                <div class=\"tooltip\">\n                    <div class=\"tooltip-text\">\n                        <p>The POD is an identification code for your electricity consumption point, as recorded by the distributor. Its format varies depending on your electricity distributor. You can find the POD on the bill you receive from your electricity supplier.<\/p>\n                    <\/div>\n                <\/div>\n            <\/div>\n        \n        <form action=\"https:\/\/www.reteleelectrice.ro\/wp-admin\/admin-ajax.php\" method=\"POST\" id=\"CustomGetInfoForm\" class=\"designform\" enctype=\"multipart\/form-data\">\n            <input type=\"hidden\" name=\"action\" value=\"global_get_info_form\">\n            <input type=\"hidden\" name=\"select_form_get_info\" value=\"checkpoweroutage\">\n            <input type=\"hidden\" name=\"second_form_succes_message_info\" value=\"Test 1 \">\n            <input type=\"hidden\" name=\"second_form_fail_message_info\" value=\"Test 2\">\n            <input type=\"hidden\" name=\"title_get_info\" value=\"Check for power outages at your address\">\n            <div class=\"input-box\">\n                <input type=\"text\" class=\"getinfo-pod\" placeholder=\"POD\" value=\"\" name=\"getinfo_pod\" data-error-pod=\"error\">\n            <\/div>\n            <input type=\"hidden\" name=\"g-recaptcha-response\" id=\"g-recaptcha-response\">\n            <input type=\"submit\" class=\"global-button global-button-white next-button\" value=\"Submit\">\n        <\/form>\n    <\/div>\n    <div class=\"response-popup\">\n        <div class=\"container\">\n            <div class=\"close\"><\/div>\n            <div id=\"response_getinfo\"><\/div>\n            <div class=\"smartmeter hidden\">\n                <form action=\"https:\/\/www.reteleelectrice.ro\/wp-admin\/admin-ajax.php\" method=\"POST\" id=\"CustomInstallSmartMeterForm\" class=\"designform\" enctype=\"multipart\/form-data\">\n                    <input type=\"hidden\" name=\"action\" value=\"global_find_out_info_pod\">\n                    <h3>Smart meter installation appointment<\/h3>\n                    <p class=\"custom-message\">A traditional meter is currently installed at your address, and this year a smart meter will be installed.<\/p><br>\n                    <p>Based on the submitted POD, you have the option to schedule a smart meter installation. Please fill in the fields below if you would like a Re\u021bele Electrice representative to contact you to arrange the details.<\/p>\n                    <div class=\"input-box\">\n                        <p>POD<\/p>\n                        <input type=\"text\" class=\"getinfo-pod\" placeholder=\"POD\" value=\"\" name=\"getinfo_pod\" data-error-pod=\"error\">\n                        <p>Name and surname<\/p>\n                        <input type=\"text\" id=\"fname\" name=\"fullname\" value=\"\" placeholder=\"Ex: Alex Popescu\">\n                        <p>Phone number<\/p>\n                        <input type=\"text\" id=\"phone\" name=\"telefon\" value=\"\" maxlength=\"10\" placeholder=\"ex. 07xxxxxxxx\">\n                    <\/div>\n                    <input type=\"hidden\" name=\"g-recaptcha-response\" id=\"g-recaptcha-response\">\n                    <input type=\"submit\" class=\"global-button global-button-white next-button\" value=\"Submit\">\n                <\/form>\n                <div class=\"smartmeter-response hidden\"><\/div>\n                <button class=\"global-button global-button-white next-button hidden\" id=\"btn-retry\">Retry<\/button>\n            <\/div>\n        <\/div>\n    <\/div>\n<\/section><\/div>\n\n\n\n<div class=\"wp-block-column is-layout-flow wp-block-column-is-layout-flow\" style=\"flex-basis:30%\"><section id=\"\" class=\"block-textbanner\">\n    <div class=\"column-blocks\">\n\n<h2 class=\"wp-block-heading\" id=\"h-planned-outages\">Planned outages<\/h2>\n\n\n\n<p>Check the planned outages for the upcoming period.<\/p>\n\n\n\n<div class=\"wp-block-button global-button-box global-button-custom\"><a class=\"wp-block-button__link wp-element-button\" href=\"https:\/\/www.reteleelectrice.ro\/en\/?page_id=18914\">Find out more<\/a><\/div>\n\n<\/div>\n<\/section><\/div>\n<\/div>\n\n<\/div>\n<\/section>\n\n<section id=\"\" class=\"block-whitecontainer\">\n    <div id=\"page-wrap\">\n        <div class=\"tabs\">\n            <div class=\"acf-innerblocks-container\">\n\n<p>The cause of the outage may be accidental. Or \u2018unexpected,\u2019 as we call it. Accidental outages are often caused by faults in our installations and equipment due to severe weather conditions (heatwaves, blizzards, heavy rain, storms), unauthorized excavations, exceptionally high electricity consumption in certain periods (especially summer and winter), or electricity theft.<\/p>\n\n\n\n<div style=\"height:16px\" aria-hidden=\"true\" class=\"wp-block-spacer\"><\/div>\n\n\n\n<p>Your home or business may also experience a planned power outage due to network modernization or maintenance. Find out more about planned power outages <a href=\"https:\/\/www.reteleelectrice.ro\/en\/?page_id=18914\">here<\/a>.<\/p>\n\n\n\n<div style=\"height:16px\" aria-hidden=\"true\" class=\"wp-block-spacer\"><\/div>\n\n\n\n<p>If you want to report a power outage at your home or office, call us at the following numbers:<\/p>\n\n\n\n<p><\/p>\n\n\n\n<div style=\"height:58px\" aria-hidden=\"true\" class=\"wp-block-spacer\"><\/div>\n\n\n\n<h4 class=\"wp-block-heading has-foreground-color has-text-color has-link-color wp-elements-4667e140ebb5f13e33b05c49966b7e71\" id=\"h-24-7-fault-reporting\" style=\"font-size:32px\">24\/7 Fault Reporting<\/h4>\n\n\n\n<div class=\"wp-block-columns is-layout-flex wp-container-core-columns-is-layout-28f84493 wp-block-columns-is-layout-flex\">\n<div class=\"wp-block-column first-column has-border-color has-off-white-border-color is-layout-flow wp-block-column-is-layout-flow\" style=\"flex-basis:66%\">\n<p style=\"font-size:20px\">TelVerde Numbers<\/p>\n\n\n\n<p class=\"has-foreground-color has-text-color has-link-color wp-elements-2aee0793abc2e6692f0ed31e964a6fa8\" style=\"font-size:14px\">toll-free telephone numbers for the territory of Romania<\/p>\n<\/div>\n<\/div>\n\n\n\n<div class=\"wp-block-columns is-layout-flex wp-container-core-columns-is-layout-4b25895d wp-block-columns-is-layout-flex\" style=\"padding-top:16px;padding-bottom:16px\">\n<div class=\"wp-block-column first-column has-border-color has-off-white-border-color has-off-white-background-color has-background is-layout-flow wp-block-column-is-layout-flow\" style=\"flex-basis:20%\">\n<p class=\"has-primary-color has-text-color has-link-color wp-elements-01a74e7b3b06684260972ca87c4ab2c9\" style=\"padding-top:16px;font-size:18px\">Banat:<\/p>\n\n\n\n<p style=\"font-size:24px\">0800 070 444<\/p>\n<\/div>\n\n\n\n<div class=\"wp-block-column first-column has-border-color has-off-white-border-color has-off-white-background-color has-background is-layout-flow wp-block-column-is-layout-flow\" style=\"flex-basis:20%\">\n<p class=\"has-primary-color has-text-color has-link-color wp-elements-8631cd01e98d820dbcade57dd34ab9a9\" style=\"padding-top:16px;font-size:18px\">Dobrogea:<\/p>\n\n\n\n<p style=\"font-size:24px\">0800 070 555<\/p>\n<\/div>\n\n\n\n<div class=\"wp-block-column first-column has-border-color has-off-white-border-color has-off-white-background-color has-background is-layout-flow wp-block-column-is-layout-flow\" style=\"flex-basis:20%\">\n<p class=\"has-primary-color has-text-color has-link-color wp-elements-f5124282670a41b5632c031f27ed778b\" style=\"padding-top:16px;font-size:18px\">Muntenia:<\/p>\n\n\n\n<p style=\"font-size:24px\">0800 070 888<\/p>\n<\/div>\n<\/div>\n\n\n\n<hr class=\"wp-block-separator has-text-color has-light-grey-color has-alpha-channel-opacity has-light-grey-background-color has-background is-style-wide\">\n\n\n\n<div style=\"height:10px\" aria-hidden=\"true\" class=\"wp-block-spacer\"><\/div>\n\n\n\n<div class=\"wp-block-columns is-layout-flex wp-container-core-columns-is-layout-28f84493 wp-block-columns-is-layout-flex\">\n<div class=\"wp-block-column first-column has-border-color has-off-white-border-color is-layout-flow wp-block-column-is-layout-flow\" style=\"flex-basis:66%\">\n<p style=\"font-size:20px\">Standard-rate numbers<\/p>\n<\/div>\n<\/div>\n\n\n\n<div class=\"wp-block-columns is-layout-flex wp-container-core-columns-is-layout-143fdc38 wp-block-columns-is-layout-flex\" style=\"padding-top:16px\">\n<div class=\"wp-block-column first-column has-border-color has-off-white-border-color has-off-white-background-color has-background is-layout-flow wp-block-column-is-layout-flow\" style=\"flex-basis:33%\">\n<p class=\"has-primary-color has-text-color has-link-color wp-elements-01a74e7b3b06684260972ca87c4ab2c9\" style=\"padding-top:16px;font-size:18px\">Banat:<\/p>\n\n\n\n<p class=\"has-foreground-color has-text-color has-link-color wp-elements-83cc96321bd70c657d8422719e469e05\" style=\"font-size:16px\">(Arad, Cara\u0219-Severin, Hunedoara, Timi\u0219)<\/p>\n\n\n\n<p style=\"font-size:24px\">County prefix + 929<\/p>\n<\/div>\n\n\n\n<div class=\"wp-block-column first-column has-border-color has-off-white-border-color has-off-white-background-color has-background is-layout-flow wp-block-column-is-layout-flow\" style=\"flex-basis:33%\">\n<p class=\"has-primary-color has-text-color has-link-color wp-elements-8631cd01e98d820dbcade57dd34ab9a9\" style=\"padding-top:16px;font-size:18px\">Dobrogea:<\/p>\n\n\n\n<p class=\"has-foreground-color has-text-color has-link-color wp-elements-197ee651525ffa98f19857ffb7b0d54c\" style=\"font-size:16px\">(C\u0103l\u0103ra\u0219i, Constan\u021ba, Ialomi\u021ba, Tulcea)<\/p>\n\n\n\n<p style=\"font-size:24px\">County prefix + 929<\/p>\n<\/div>\n\n\n\n<div class=\"wp-block-column first-column has-border-color has-off-white-border-color has-off-white-background-color has-background is-layout-flow wp-block-column-is-layout-flow\" style=\"flex-basis:33%\">\n<p class=\"has-primary-color has-text-color has-link-color wp-elements-f5124282670a41b5632c031f27ed778b\" style=\"padding-top:16px;font-size:18px\">Muntenia:<\/p>\n\n\n\n<p class=\"has-foreground-color has-text-color has-link-color wp-elements-90ba96d9e5c58ee1d1ee7bc37c0695d8\" style=\"font-size:16px\">(Bucharest, Ilfov, Giurgiu)<\/p>\n\n\n\n<p style=\"font-size:24px\">021 9291<\/p>\n<\/div>\n<\/div>\n\n<\/div> \n        <\/div>\n    <\/div>\n<\/section>\n\n\n<div style=\"height:16px\" aria-hidden=\"true\" class=\"wp-block-spacer\"><\/div>\n\n\n\n<div class=\"wp-block-columns is-layout-flex wp-container-core-columns-is-layout-28f84493 wp-block-columns-is-layout-flex\">\n<div class=\"wp-block-column is-layout-flow wp-block-column-is-layout-flow\" style=\"flex-basis:66.66%\">\n<h2 class=\"wp-block-heading\" id=\"h-map-of-planned-and-accidental-outages\">Map of planned and accidental outages<\/h2>\n\n\n\n<div style=\"height:8px\" aria-hidden=\"true\" class=\"wp-block-spacer\"><\/div>\n\n\n\n<p>Below, you will find a map displaying both planned and accidental outages (if any), as recorded in our IT systems. The information on the map is updated every 15 minutes.<\/p>\n<\/div>\n<\/div>\n\n\n<section id=\"\" class=\"block-custommap\">\n    <iframe class=\"custom-map\" src=\"https:\/\/edmro.maps.arcgis.com\/apps\/webappviewer\/index.html?id=2cd727b1ddb84896a8cb6dc6245af3e5\"><\/iframe>\n<\/section>\n\n\n<div style=\"height:32px\" aria-hidden=\"true\" class=\"wp-block-spacer\"><\/div>\n\n\n\n<h2 class=\"wp-block-heading\" id=\"h-table-of-planned-and-accidental-outages\">Table of planned and accidental outages<\/h2>\n\n\n\n<div style=\"height:16px\" aria-hidden=\"true\" class=\"wp-block-spacer\"><\/div>\n\n\n\n<p>Details about the most recent planned and accidental outages can also be found in the table below.<\/p>\n\n\n\n<input type=\"hidden\" id=\"show_columns_csv\" value='[\"NAME_LOCALITATE\",\"NAME_PROVINCE\",\"OUTAGE_DATE\",\"EXPECTED_RESUPPLY_DATE_RU\",\"OUTAGE_TYPE_RU\"]'>\n<input type=\"hidden\" id=\"show_columns_xml\" value=\"null\">\n<input type=\"hidden\" id=\"edited_columns\" value='{\"OUTAGE_DATE\":\"Date and time of outage\",\"NAME_PROVINCE\":\"County\",\"NAME_LOCALITATE\":\"Area\",\"OUTAGE_TYPE_RU\":\"Outage type\",\"EXPECTED_RESUPPLY_DATE_RU\":\"Expected resupply date\"}'>\n<input type=\"hidden\" id=\"fileFormatValue\" value=\"CSV\">\n<input type=\"hidden\" id=\"admin_url\" value=\"https:\/\/www.reteleelectrice.ro\/wp-admin\/admin-ajax.php\">\n<section class=\"block-s3table wp-block-table\">\n    <div id=\"acf-data\" data-filtreaza=\"null\" data-nicio-info=\"null\">\n    <\/div>\n    <div class=\"block-filter\">\n        <div class=\"show-filter\" id=\"apply\">\n            <div class=\"icon-filter\"><\/div>\n            <p>Filters<\/p>\n        <\/div>\n        <div class=\"container-filter\">\n            <div class=\"title-filtre\"><h3>Filters<\/h3><\/div>\n            <div class=\"filter-container-s3\" id=\"filter-container-s3\"><\/div>\n        <\/div>\n        <div class=\"apply-reset-container\">\n            <div class=\"apply-filter\" id=\"apply-filters-button\">\n                <p>Apply<\/p>\n            <\/div>\n            <div class=\"apply-filter-reset\" id=\"reset-filters-s3\"><div class=\"reset-title\">Reset filters<\/div><\/div>\n        <\/div>\n    <\/div>\n        <div id=\"loading\">Loading\u2026<\/div>\n    <table id=\"dataTable\" class=\"custom-table\">\n        <thead>\n        <\/thead>\n        <tbody>\n        <\/tbody>\n    <\/table>\n    <div id=\"pagination\"><\/div>\n<\/section>\n<\/body>","protected":false},"excerpt":{"rendered":"<p>Did your TV turn off, the outlets stop working, and the lights won\u2019t turn on? If that\u2019s the case, it means the space you are in\u2014at home or at the office\u2014is experiencing a power outage.<\/p>\n","protected":false},"author":5,"featured_media":0,"parent":0,"menu_order":0,"comment_status":"closed","ping_status":"closed","template":"","meta":{"_acf_changed":false,"footnotes":""},"class_list":["post-18923","page","type-page","status-publish","hentry"],"acf":[],"yoast_head":"<!-- This site is optimized with the Yoast SEO Premium plugin v23.1 (Yoast SEO v27.1.1) - https:\/\/yoast.com\/product\/yoast-seo-premium-wordpress\/ -->\n<title>Power outages | Retele Electrice<\/title>\n<meta name=\"description\" content=\"Electricity supply may be interrupted due to a planned outage by Retele Electrice Romania or an incident in the network.\" \/>\n<meta name=\"robots\" content=\"index, follow, max-snippet:-1, max-image-preview:large, max-video-preview:-1\" \/>\n<link rel=\"canonical\" href=\"https:\/\/www.reteleelectrice.ro\/en\/outages\/\" \/>\n<meta property=\"og:locale\" content=\"en_US\" \/>\n<meta property=\"og:type\" content=\"article\" \/>\n<meta property=\"og:title\" content=\"Power outages | Re\u021bele Electrice\" \/>\n<meta property=\"og:description\" content=\"Electricity supply may be interrupted due to a planned outage by Re\u021bele Electrice Rom\u00e2nia or an incident in the network.\" \/>\n<meta property=\"og:url\" content=\"https:\/\/www.reteleelectrice.ro\/en\/outages\/\" \/>\n<meta property=\"og:site_name\" content=\"reteleelectrice\" \/>\n<meta property=\"article:modified_time\" content=\"2025-09-18T12:11:58+00:00\" \/>\n<meta property=\"og:image\" content=\"https:\/\/www.reteleelectrice.ro\/wp-content\/uploads\/intreruperi-in-alimentarea-cu-energie-electrica.webp\" \/>\n\t<meta property=\"og:image:width\" content=\"920\" \/>\n\t<meta property=\"og:image:height\" content=\"400\" \/>\n\t<meta property=\"og:image:type\" content=\"image\/webp\" \/>\n<meta name=\"twitter:card\" content=\"summary_large_image\" \/>\n<meta name=\"twitter:title\" content=\"Power outages | Re\u021bele Electrice\" \/>\n<meta name=\"twitter:description\" content=\"Electricity supply may be interrupted due to a planned outage by Re\u021bele Electrice Rom\u00e2nia or an incident in the network.\" \/>\n<meta name=\"twitter:label1\" content=\"Est. reading time\" \/>\n\t<meta name=\"twitter:data1\" content=\"2 minutes\" \/>\n<script type=\"application\/ld+json\" class=\"yoast-schema-graph\">{\"@context\":\"https:\/\/schema.org\",\"@graph\":[{\"@type\":\"WebPage\",\"@id\":\"https:\/\/www.reteleelectrice.ro\/en\/outages\/\",\"url\":\"https:\/\/www.reteleelectrice.ro\/en\/outages\/\",\"name\":\"Power outages | Retele Electrice\",\"isPartOf\":{\"@id\":\"https:\/\/www.reteleelectrice.ro\/#website\"},\"datePublished\":\"2024-08-08T09:50:16+00:00\",\"dateModified\":\"2025-09-18T12:11:58+00:00\",\"description\":\"Electricity supply may be interrupted due to a planned outage by Retele Electrice Romania or an incident in the network.\",\"breadcrumb\":{\"@id\":\"https:\/\/www.reteleelectrice.ro\/en\/outages\/#breadcrumb\"},\"inLanguage\":\"en-US\",\"potentialAction\":[{\"@type\":\"ReadAction\",\"target\":[\"https:\/\/www.reteleelectrice.ro\/en\/outages\/\"]}]},{\"@type\":\"BreadcrumbList\",\"@id\":\"https:\/\/www.reteleelectrice.ro\/en\/outages\/#breadcrumb\",\"itemListElement\":[{\"@type\":\"ListItem\",\"position\":1,\"name\":\"Home\",\"item\":\"https:\/\/www.reteleelectrice.ro\/en\/\"},{\"@type\":\"ListItem\",\"position\":2,\"name\":\"Power outages\"}]},{\"@type\":\"WebSite\",\"@id\":\"https:\/\/www.reteleelectrice.ro\/#website\",\"url\":\"https:\/\/www.reteleelectrice.ro\/\",\"name\":\"reteleelectrice\",\"description\":\"\",\"potentialAction\":[{\"@type\":\"SearchAction\",\"target\":{\"@type\":\"EntryPoint\",\"urlTemplate\":\"https:\/\/www.reteleelectrice.ro\/?s={search_term_string}\"},\"query-input\":{\"@type\":\"PropertyValueSpecification\",\"valueRequired\":true,\"valueName\":\"search_term_string\"}}],\"inLanguage\":\"en-US\"}]}<\/script>\n<!-- \/ Yoast SEO Premium plugin. -->","yoast_head_json":{"title":"Power outages | Retele Electrice","description":"Electricity supply may be interrupted due to a planned outage by Retele Electrice Romania or an incident in the network.","robots":{"index":"index","follow":"follow","max-snippet":"max-snippet:-1","max-image-preview":"max-image-preview:large","max-video-preview":"max-video-preview:-1"},"canonical":"https:\/\/www.reteleelectrice.ro\/en\/outages\/","og_locale":"en_US","og_type":"article","og_title":"Power outages | Re\u021bele Electrice","og_description":"Electricity supply may be interrupted due to a planned outage by Re\u021bele Electrice Rom\u00e2nia or an incident in the network.","og_url":"https:\/\/www.reteleelectrice.ro\/en\/outages\/","og_site_name":"reteleelectrice","article_modified_time":"2025-09-18T12:11:58+00:00","og_image":[{"width":920,"height":400,"url":"https:\/\/www.reteleelectrice.ro\/wp-content\/uploads\/intreruperi-in-alimentarea-cu-energie-electrica.webp","type":"image\/webp"}],"twitter_card":"summary_large_image","twitter_title":"Power outages | Re\u021bele Electrice","twitter_description":"Electricity supply may be interrupted due to a planned outage by Re\u021bele Electrice Rom\u00e2nia or an incident in the network.","twitter_misc":{"Est. reading time":"2 minutes"},"schema":{"@context":"https:\/\/schema.org","@graph":[{"@type":"WebPage","@id":"https:\/\/www.reteleelectrice.ro\/en\/outages\/","url":"https:\/\/www.reteleelectrice.ro\/en\/outages\/","name":"Power outages | Retele Electrice","isPartOf":{"@id":"https:\/\/www.reteleelectrice.ro\/#website"},"datePublished":"2024-08-08T09:50:16+00:00","dateModified":"2025-09-18T12:11:58+00:00","description":"Electricity supply may be interrupted due to a planned outage by Retele Electrice Romania or an incident in the network.","breadcrumb":{"@id":"https:\/\/www.reteleelectrice.ro\/en\/outages\/#breadcrumb"},"inLanguage":"en-US","potentialAction":[{"@type":"ReadAction","target":["https:\/\/www.reteleelectrice.ro\/en\/outages\/"]}]},{"@type":"BreadcrumbList","@id":"https:\/\/www.reteleelectrice.ro\/en\/outages\/#breadcrumb","itemListElement":[{"@type":"ListItem","position":1,"name":"Home","item":"https:\/\/www.reteleelectrice.ro\/en\/"},{"@type":"ListItem","position":2,"name":"Power outages"}]},{"@type":"WebSite","@id":"https:\/\/www.reteleelectrice.ro\/#website","url":"https:\/\/www.reteleelectrice.ro\/","name":"reteleelectrice","description":"","potentialAction":[{"@type":"SearchAction","target":{"@type":"EntryPoint","urlTemplate":"https:\/\/www.reteleelectrice.ro\/?s={search_term_string}"},"query-input":{"@type":"PropertyValueSpecification","valueRequired":true,"valueName":"search_term_string"}}],"inLanguage":"en-US"}]}},"parsely":{"version":"1.1.0","canonical_url":"https:\/\/reteleelectrice.ro\/en\/outages\/","smart_links":{"inbound":0,"outbound":0},"traffic_boost_suggestions_count":0,"meta":{"@context":"https:\/\/schema.org","@type":"WebPage","headline":"Power outages","url":"http:\/\/www.reteleelectrice.ro\/en\/outages\/","mainEntityOfPage":{"@type":"WebPage","@id":"http:\/\/www.reteleelectrice.ro\/en\/outages\/"},"thumbnailUrl":"","image":{"@type":"ImageObject","url":""},"articleSection":"Uncategorized","author":[{"@type":"Person","name":"valexe"}],"creator":["valexe"],"publisher":{"@type":"Organization","name":"reteleelectrice","logo":""},"keywords":[],"dateCreated":"2024-08-08T09:50:16Z","datePublished":"2024-08-08T09:50:16Z","dateModified":"2025-09-18T12:11:58Z"},"rendered":"<script type=\"application\/ld+json\" class=\"wp-parsely-metadata\">{\"@context\":\"https:\\\/\\\/schema.org\",\"@type\":\"WebPage\",\"headline\":\"Power outages\",\"url\":\"http:\\\/\\\/www.reteleelectrice.ro\\\/en\\\/outages\\\/\",\"mainEntityOfPage\":{\"@type\":\"WebPage\",\"@id\":\"http:\\\/\\\/www.reteleelectrice.ro\\\/en\\\/outages\\\/\"},\"thumbnailUrl\":\"\",\"image\":{\"@type\":\"ImageObject\",\"url\":\"\"},\"articleSection\":\"Uncategorized\",\"author\":[{\"@type\":\"Person\",\"name\":\"valexe\"}],\"creator\":[\"valexe\"],\"publisher\":{\"@type\":\"Organization\",\"name\":\"reteleelectrice\",\"logo\":\"\"},\"keywords\":[],\"dateCreated\":\"2024-08-08T09:50:16Z\",\"datePublished\":\"2024-08-08T09:50:16Z\",\"dateModified\":\"2025-09-18T12:11:58Z\"}<\/script>","tracker_url":"https:\/\/cdn.parsely.com\/keys\/reteleelectrice.ro\/p.js"},"jetpack_sharing_enabled":true,"_links":{"self":[{"href":"https:\/\/www.reteleelectrice.ro\/en\/wp-json\/wp\/v2\/pages\/18923","targetHints":{"allow":["GET"]}}],"collection":[{"href":"https:\/\/www.reteleelectrice.ro\/en\/wp-json\/wp\/v2\/pages"}],"about":[{"href":"https:\/\/www.reteleelectrice.ro\/en\/wp-json\/wp\/v2\/types\/page"}],"author":[{"embeddable":true,"href":"https:\/\/www.reteleelectrice.ro\/en\/wp-json\/wp\/v2\/users\/5"}],"replies":[{"embeddable":true,"href":"https:\/\/www.reteleelectrice.ro\/en\/wp-json\/wp\/v2\/comments?post=18923"}],"version-history":[{"count":16,"href":"https:\/\/www.reteleelectrice.ro\/en\/wp-json\/wp\/v2\/pages\/18923\/revisions"}],"predecessor-version":[{"id":25400,"href":"https:\/\/www.reteleelectrice.ro\/en\/wp-json\/wp\/v2\/pages\/18923\/revisions\/25400"}],"wp:attachment":[{"href":"https:\/\/www.reteleelectrice.ro\/en\/wp-json\/wp\/v2\/media?parent=18923"}],"curies":[{"name":"wp","href":"https:\/\/api.w.org\/{rel}","templated":true}]}}