{"id":18800,"date":"2024-10-30T11:39:30","date_gmt":"2024-10-30T11:39:30","guid":{"rendered":"https:\/\/www.reteleelectrice.ro\/clienti\/"},"modified":"2025-07-16T12:41:31","modified_gmt":"2025-07-16T12:41:31","slug":"clients","status":"publish","type":"page","link":"https:\/\/www.reteleelectrice.ro\/en\/clients\/","title":{"rendered":"Our clients"},"content":{"rendered":"<body><section id=\"\" class=\"block-hero\">\n                    <div class=\"top-hero\">\n                <div class=\"left\">\n                                                                                    <h1 class=\"title-hero\">Our clients<\/h1>\n                                                                <div class=\"text-hero\"> Electricity distribution improves the communities in the areas where we operate.<\/div>\n                                                        <\/div>\n                        <div class=\"right\">\n                <img loading=\"lazy\" decoding=\"async\" width=\"920\" height=\"400\" src=\"https:\/\/www.reteleelectrice.ro\/wp-content\/uploads\/clientii-nostri.webp?w=920&amp;h=400&amp;crop=1\" class=\"attachment-hero size-hero\" alt=\"Client Re\u021bele Electrice.\" srcset=\"https:\/\/www.reteleelectrice.ro\/wp-content\/uploads\/clientii-nostri.webp 920w, https:\/\/www.reteleelectrice.ro\/wp-content\/uploads\/clientii-nostri.webp?resize=300,130 300w, https:\/\/www.reteleelectrice.ro\/wp-content\/uploads\/clientii-nostri.webp?resize=768,334 768w, https:\/\/www.reteleelectrice.ro\/wp-content\/uploads\/clientii-nostri.webp?resize=152,66 152w\" sizes=\"auto, (max-width: 920px) 100vw, 920px\">                <style type=\"text\/css\">\n                    @media only screen and (max-width: 1200px) {\n                        .block-hero .top-hero .main-slide .right img {\n                            object-position:\n                                                            % 0%;\n                        }\n                    }\n                <\/style>\n            <\/div>\n        <\/div>\n    <\/section>\n\n\n<section id=\"\" class=\"block-breadcrumbs\">\n    <ul id=\"breadcrumbs\" itemprop=\"breadcrumb\" class=\"breadcrumbs\"><li><a rel=\"home\" href=\"https:\/\/www.reteleelectrice.ro\/en\/\"><\/a><\/li><\/ul><\/section>\n\n\n<div style=\"height:32px\" aria-hidden=\"true\" class=\"wp-block-spacer\"><\/div>\n\n\n\n<div class=\"wp-block-columns is-layout-flex wp-container-core-columns-is-layout-28f84493 wp-block-columns-is-layout-flex\">\n<div class=\"wp-block-column is-layout-flow wp-block-column-is-layout-flow\" style=\"flex-basis:66.66%\">\n<p>We meet your needs through investments in network modernization and expansion, providing useful information about connection procedures and offering online services that accelerate electrification and the energy transition.<\/p>\n\n\n\n<p><\/p>\n<\/div>\n<\/div>\n\n\n    <section id=\"\" class=\"block-cardimage per-row-three\">\n                    <div class=\"card-image\">\n                <div class=\"image-cards\">\n                                        <img loading=\"lazy\" decoding=\"async\" width=\"392\" height=\"150\" src=\"https:\/\/www.reteleelectrice.ro\/wp-content\/uploads\/consumatori.webp?w=392&amp;h=150&amp;crop=1\" class=\"attachment-cardsthree size-cardsthree\" alt=\"Tat\u0103 \u0219i fiic\u0103 sub lumini de exterior.\" srcset=\"https:\/\/www.reteleelectrice.ro\/wp-content\/uploads\/consumatori.webp 392w, https:\/\/www.reteleelectrice.ro\/wp-content\/uploads\/consumatori.webp?resize=300,115 300w, https:\/\/www.reteleelectrice.ro\/wp-content\/uploads\/consumatori.webp?resize=172,66 172w\" sizes=\"auto, (max-width: 392px) 100vw, 392px\">                <\/div>\n                <div class=\"text-container-cards\">\n                                            <div class=\"title-text\">\n                                                            <h3 class=\"title-cards\">\n                                    Consumers                                <\/h3>\n                                                                                        <div class=\"text-cards\">\n                                    If you are one of our residential or business clients, this information is for you. Learn about the connection process, how we measure energy consumption, and the types of requests you can submit to us.                                <\/div>\n                                                    <\/div>\n                                                                <a class=\"global-button global-button-transparent button-arrow-transparent\" href=\"\/clients\/consumers\/\" title=\"Read more \" target=\"_self\">\n                               Read more                         <\/a> \n                                        <\/div>\n            <\/div>\n                    <div class=\"card-image\">\n                <div class=\"image-cards\">\n                                        <img loading=\"lazy\" decoding=\"async\" width=\"400\" height=\"150\" src=\"https:\/\/www.reteleelectrice.ro\/wp-content\/uploads\/producatori_cbcac2.webp?w=400&amp;h=150&amp;crop=1\" class=\"attachment-cardsthree size-cardsthree\" alt=\"Turbine de v\u00e2nt care produc energie regenerabil\u0103.\">                <\/div>\n                <div class=\"text-container-cards\">\n                                            <div class=\"title-text\">\n                                                            <h3 class=\"title-cards\">\n                                    Producers                                <\/h3>\n                                                                                        <div class=\"text-cards\">\n                                    Find out what services we offer to energy producers and how you can benefit from them \u2013 covering everything from the steps of the connection to the power grid process to legislation and procedures, whether you operate a wind or solar power plant or generate energy from other renewable sources.                                <\/div>\n                                                    <\/div>\n                                                                <a class=\"global-button global-button-transparent button-arrow-transparent\" href=\"\/clients\/producers\/\" title=\"Read more \" target=\"_self\">\n                               Read more                         <\/a> \n                                        <\/div>\n            <\/div>\n                    <div class=\"card-image\">\n                <div class=\"image-cards\">\n                                        <img loading=\"lazy\" decoding=\"async\" width=\"392\" height=\"150\" src=\"https:\/\/www.reteleelectrice.ro\/wp-content\/uploads\/dezvoltatori.webp?w=392&amp;h=150&amp;crop=1\" class=\"attachment-cardsthree size-cardsthree\" alt=\"Complex reziden\u021bial modern\" srcset=\"https:\/\/www.reteleelectrice.ro\/wp-content\/uploads\/dezvoltatori.webp 392w, https:\/\/www.reteleelectrice.ro\/wp-content\/uploads\/dezvoltatori.webp?resize=300,115 300w, https:\/\/www.reteleelectrice.ro\/wp-content\/uploads\/dezvoltatori.webp?resize=172,66 172w\" sizes=\"auto, (max-width: 392px) 100vw, 392px\">                <\/div>\n                <div class=\"text-container-cards\">\n                                            <div class=\"title-text\">\n                                                            <h3 class=\"title-cards\">\n                                    Developers                                <\/h3>\n                                                                                        <div class=\"text-cards\">\n                                    Discover the services we offer to developers and how you can take advantage of them \u2013 whether you are developing residential complexes, business buildings, or commercial centers.                                <\/div>\n                                                    <\/div>\n                                                                <a class=\"global-button global-button-transparent button-arrow-transparent\" href=\"\/clients\/developers\/\" title=\"Read more \" target=\"_self\">\n                               Read more                         <\/a> \n                                        <\/div>\n            <\/div>\n                    <div class=\"card-image\">\n                <div class=\"image-cards\">\n                                        <img loading=\"lazy\" decoding=\"async\" width=\"392\" height=\"150\" src=\"https:\/\/www.reteleelectrice.ro\/wp-content\/uploads\/furnizori.webp?w=392&amp;h=150&amp;crop=1\" class=\"attachment-cardsthree size-cardsthree\" alt=\"B\u0103rbat care lucreaz\u0103 pe laptop \u00eentr-un birou modern.\" srcset=\"https:\/\/www.reteleelectrice.ro\/wp-content\/uploads\/furnizori.webp 392w, https:\/\/www.reteleelectrice.ro\/wp-content\/uploads\/furnizori.webp?resize=300,115 300w, https:\/\/www.reteleelectrice.ro\/wp-content\/uploads\/furnizori.webp?resize=172,66 172w\" sizes=\"auto, (max-width: 392px) 100vw, 392px\">                <\/div>\n                <div class=\"text-container-cards\">\n                                            <div class=\"title-text\">\n                                                            <h3 class=\"title-cards\">\n                                    Suppliers                                <\/h3>\n                                                                                        <div class=\"text-cards\">\n                                    We recognize the important role you play in the national energy system and provide you with essential information about connection, measurement, and customer consumption habits.                                <\/div>\n                                                    <\/div>\n                                                                <a class=\"global-button global-button-transparent button-arrow-transparent\" href=\"\/clients\/suppliers\/\" title=\"Read more \" target=\"_self\">\n                               Read more                         <\/a> \n                                        <\/div>\n            <\/div>\n                    <div class=\"card-image\">\n                <div class=\"image-cards\">\n                                        <img loading=\"lazy\" decoding=\"async\" width=\"392\" height=\"150\" src=\"https:\/\/www.reteleelectrice.ro\/wp-content\/uploads\/prosumatori_ded89f.webp?w=392&amp;h=150&amp;crop=1\" class=\"attachment-cardsthree size-cardsthree\" alt=\"Cas\u0103 modern\u0103 din lemn, echipat\u0103 cu panouri solare pentru energie regenerabil\u0103.\" srcset=\"https:\/\/www.reteleelectrice.ro\/wp-content\/uploads\/prosumatori_ded89f.webp 392w, https:\/\/www.reteleelectrice.ro\/wp-content\/uploads\/prosumatori_ded89f.webp?resize=300,115 300w, https:\/\/www.reteleelectrice.ro\/wp-content\/uploads\/prosumatori_ded89f.webp?resize=172,66 172w\" sizes=\"auto, (max-width: 392px) 100vw, 392px\">                <\/div>\n                <div class=\"text-container-cards\">\n                                            <div class=\"title-text\">\n                                                            <h3 class=\"title-cards\">\n                                    Prosumers                                <\/h3>\n                                                                                        <div class=\"text-cards\">\n                                    We support the growth of prosumers, and if you have chosen to become an active participant in the national energy system, we provide all the necessary information for you to produce clean energy.                                <\/div>\n                                                    <\/div>\n                                                                <a class=\"global-button global-button-transparent button-arrow-transparent\" href=\"\/clients\/prosumers\/\" title=\"Read more \" target=\"_self\">\n                               Read more                         <\/a> \n                                        <\/div>\n            <\/div>\n            <\/section>\n<\/body>","protected":false},"excerpt":{"rendered":"<p>Electricity distribution improves the communities in the areas where we operate.<\/p>\n","protected":false},"author":7,"featured_media":9886,"parent":0,"menu_order":0,"comment_status":"closed","ping_status":"closed","template":"","meta":{"_acf_changed":false,"footnotes":""},"class_list":["post-18800","page","type-page","status-publish","has-post-thumbnail","hentry"],"acf":[],"yoast_head":"<!-- This site is optimized with the Yoast SEO Premium plugin v23.1 (Yoast SEO v27.1.1) - https:\/\/yoast.com\/product\/yoast-seo-premium-wordpress\/ -->\n<title>Our clients | Retele Electrice<\/title>\n<meta name=\"description\" content=\"Find out what services we offer our clients and how you can benefit from them.\" \/>\n<meta name=\"robots\" content=\"index, follow, max-snippet:-1, max-image-preview:large, max-video-preview:-1\" \/>\n<link rel=\"canonical\" href=\"https:\/\/www.reteleelectrice.ro\/en\/clients\/\" \/>\n<meta property=\"og:locale\" content=\"en_US\" \/>\n<meta property=\"og:type\" content=\"article\" \/>\n<meta property=\"og:title\" content=\"Our clients | Re\u021bele Electrice\" \/>\n<meta property=\"og:description\" content=\"Find out what services we offer our clients and how you can benefit from them.\" \/>\n<meta property=\"og:url\" content=\"https:\/\/www.reteleelectrice.ro\/en\/clients\/\" \/>\n<meta property=\"og:site_name\" content=\"reteleelectrice\" \/>\n<meta property=\"article:modified_time\" content=\"2025-07-16T12:41:31+00:00\" \/>\n<meta property=\"og:image\" content=\"https:\/\/www.reteleelectrice.ro\/wp-content\/uploads\/clientii-nostri.webp\" \/>\n\t<meta property=\"og:image:width\" content=\"920\" \/>\n\t<meta property=\"og:image:height\" content=\"400\" \/>\n\t<meta property=\"og:image:type\" content=\"image\/webp\" \/>\n<meta name=\"twitter:card\" content=\"summary_large_image\" \/>\n<meta name=\"twitter:title\" content=\"Our clients | Re\u021bele Electrice\" \/>\n<meta name=\"twitter:description\" content=\"Find out what services we offer our clients and how you can benefit from them.\" \/>\n<meta name=\"twitter:label1\" content=\"Est. reading time\" \/>\n\t<meta name=\"twitter:data1\" content=\"1 minute\" \/>\n<script type=\"application\/ld+json\" class=\"yoast-schema-graph\">{\"@context\":\"https:\/\/schema.org\",\"@graph\":[{\"@type\":\"WebPage\",\"@id\":\"https:\/\/www.reteleelectrice.ro\/en\/clients\/\",\"url\":\"https:\/\/www.reteleelectrice.ro\/en\/clients\/\",\"name\":\"Our clients | Retele Electrice\",\"isPartOf\":{\"@id\":\"https:\/\/www.reteleelectrice.ro\/#website\"},\"primaryImageOfPage\":{\"@id\":\"https:\/\/www.reteleelectrice.ro\/en\/clients\/#primaryimage\"},\"image\":{\"@id\":\"https:\/\/www.reteleelectrice.ro\/en\/clients\/#primaryimage\"},\"thumbnailUrl\":\"https:\/\/www.reteleelectrice.ro\/wp-content\/uploads\/clientii-nostri.webp\",\"datePublished\":\"2024-10-30T11:39:30+00:00\",\"dateModified\":\"2025-07-16T12:41:31+00:00\",\"description\":\"Find out what services we offer our clients and how you can benefit from them.\",\"breadcrumb\":{\"@id\":\"https:\/\/www.reteleelectrice.ro\/en\/clients\/#breadcrumb\"},\"inLanguage\":\"en-US\",\"potentialAction\":[{\"@type\":\"ReadAction\",\"target\":[\"https:\/\/www.reteleelectrice.ro\/en\/clients\/\"]}]},{\"@type\":\"ImageObject\",\"inLanguage\":\"en-US\",\"@id\":\"https:\/\/www.reteleelectrice.ro\/en\/clients\/#primaryimage\",\"url\":\"https:\/\/www.reteleelectrice.ro\/wp-content\/uploads\/clientii-nostri.webp\",\"contentUrl\":\"https:\/\/www.reteleelectrice.ro\/wp-content\/uploads\/clientii-nostri.webp\",\"width\":920,\"height\":400,\"caption\":\"Customer of Re\u021bele Electrice.\"},{\"@type\":\"BreadcrumbList\",\"@id\":\"https:\/\/www.reteleelectrice.ro\/en\/clients\/#breadcrumb\",\"itemListElement\":[{\"@type\":\"ListItem\",\"position\":1,\"name\":\"Home\",\"item\":\"https:\/\/www.reteleelectrice.ro\/en\/\"},{\"@type\":\"ListItem\",\"position\":2,\"name\":\"Our clients\"}]},{\"@type\":\"WebSite\",\"@id\":\"https:\/\/www.reteleelectrice.ro\/#website\",\"url\":\"https:\/\/www.reteleelectrice.ro\/\",\"name\":\"reteleelectrice\",\"description\":\"\",\"potentialAction\":[{\"@type\":\"SearchAction\",\"target\":{\"@type\":\"EntryPoint\",\"urlTemplate\":\"https:\/\/www.reteleelectrice.ro\/?s={search_term_string}\"},\"query-input\":{\"@type\":\"PropertyValueSpecification\",\"valueRequired\":true,\"valueName\":\"search_term_string\"}}],\"inLanguage\":\"en-US\"}]}<\/script>\n<!-- \/ Yoast SEO Premium plugin. -->","yoast_head_json":{"title":"Our clients | Retele Electrice","description":"Find out what services we offer our clients and how you can benefit from them.","robots":{"index":"index","follow":"follow","max-snippet":"max-snippet:-1","max-image-preview":"max-image-preview:large","max-video-preview":"max-video-preview:-1"},"canonical":"https:\/\/www.reteleelectrice.ro\/en\/clients\/","og_locale":"en_US","og_type":"article","og_title":"Our clients | Re\u021bele Electrice","og_description":"Find out what services we offer our clients and how you can benefit from them.","og_url":"https:\/\/www.reteleelectrice.ro\/en\/clients\/","og_site_name":"reteleelectrice","article_modified_time":"2025-07-16T12:41:31+00:00","og_image":[{"width":920,"height":400,"url":"https:\/\/www.reteleelectrice.ro\/wp-content\/uploads\/clientii-nostri.webp","type":"image\/webp"}],"twitter_card":"summary_large_image","twitter_title":"Our clients | Re\u021bele Electrice","twitter_description":"Find out what services we offer our clients and how you can benefit from them.","twitter_misc":{"Est. reading time":"1 minute"},"schema":{"@context":"https:\/\/schema.org","@graph":[{"@type":"WebPage","@id":"https:\/\/www.reteleelectrice.ro\/en\/clients\/","url":"https:\/\/www.reteleelectrice.ro\/en\/clients\/","name":"Our clients | Retele Electrice","isPartOf":{"@id":"https:\/\/www.reteleelectrice.ro\/#website"},"primaryImageOfPage":{"@id":"https:\/\/www.reteleelectrice.ro\/en\/clients\/#primaryimage"},"image":{"@id":"https:\/\/www.reteleelectrice.ro\/en\/clients\/#primaryimage"},"thumbnailUrl":"https:\/\/www.reteleelectrice.ro\/wp-content\/uploads\/clientii-nostri.webp","datePublished":"2024-10-30T11:39:30+00:00","dateModified":"2025-07-16T12:41:31+00:00","description":"Find out what services we offer our clients and how you can benefit from them.","breadcrumb":{"@id":"https:\/\/www.reteleelectrice.ro\/en\/clients\/#breadcrumb"},"inLanguage":"en-US","potentialAction":[{"@type":"ReadAction","target":["https:\/\/www.reteleelectrice.ro\/en\/clients\/"]}]},{"@type":"ImageObject","inLanguage":"en-US","@id":"https:\/\/www.reteleelectrice.ro\/en\/clients\/#primaryimage","url":"https:\/\/www.reteleelectrice.ro\/wp-content\/uploads\/clientii-nostri.webp","contentUrl":"https:\/\/www.reteleelectrice.ro\/wp-content\/uploads\/clientii-nostri.webp","width":920,"height":400,"caption":"Customer of Re\u021bele Electrice."},{"@type":"BreadcrumbList","@id":"https:\/\/www.reteleelectrice.ro\/en\/clients\/#breadcrumb","itemListElement":[{"@type":"ListItem","position":1,"name":"Home","item":"https:\/\/www.reteleelectrice.ro\/en\/"},{"@type":"ListItem","position":2,"name":"Our clients"}]},{"@type":"WebSite","@id":"https:\/\/www.reteleelectrice.ro\/#website","url":"https:\/\/www.reteleelectrice.ro\/","name":"reteleelectrice","description":"","potentialAction":[{"@type":"SearchAction","target":{"@type":"EntryPoint","urlTemplate":"https:\/\/www.reteleelectrice.ro\/?s={search_term_string}"},"query-input":{"@type":"PropertyValueSpecification","valueRequired":true,"valueName":"search_term_string"}}],"inLanguage":"en-US"}]}},"parsely":{"version":"1.1.0","canonical_url":"https:\/\/reteleelectrice.ro\/en\/clients\/","smart_links":{"inbound":0,"outbound":0},"traffic_boost_suggestions_count":0,"meta":{"@context":"https:\/\/schema.org","@type":"WebPage","headline":"Our clients","url":"http:\/\/www.reteleelectrice.ro\/en\/clients\/","mainEntityOfPage":{"@type":"WebPage","@id":"http:\/\/www.reteleelectrice.ro\/en\/clients\/"},"thumbnailUrl":"https:\/\/www.reteleelectrice.ro\/wp-content\/uploads\/clientii-nostri.webp?w=150&h=150&crop=1","image":{"@type":"ImageObject","url":"https:\/\/www.reteleelectrice.ro\/wp-content\/uploads\/clientii-nostri.webp"},"articleSection":"Uncategorized","author":[{"@type":"Person","name":"Zvetlana Zaharia"}],"creator":["Zvetlana Zaharia"],"publisher":{"@type":"Organization","name":"reteleelectrice","logo":""},"keywords":[],"dateCreated":"2024-10-30T11:39:30Z","datePublished":"2024-10-30T11:39:30Z","dateModified":"2025-07-16T12:41:31Z"},"rendered":"<script type=\"application\/ld+json\" class=\"wp-parsely-metadata\">{\"@context\":\"https:\\\/\\\/schema.org\",\"@type\":\"WebPage\",\"headline\":\"Our clients\",\"url\":\"http:\\\/\\\/www.reteleelectrice.ro\\\/en\\\/clients\\\/\",\"mainEntityOfPage\":{\"@type\":\"WebPage\",\"@id\":\"http:\\\/\\\/www.reteleelectrice.ro\\\/en\\\/clients\\\/\"},\"thumbnailUrl\":\"https:\\\/\\\/www.reteleelectrice.ro\\\/wp-content\\\/uploads\\\/clientii-nostri.webp?w=150&h=150&crop=1\",\"image\":{\"@type\":\"ImageObject\",\"url\":\"https:\\\/\\\/www.reteleelectrice.ro\\\/wp-content\\\/uploads\\\/clientii-nostri.webp\"},\"articleSection\":\"Uncategorized\",\"author\":[{\"@type\":\"Person\",\"name\":\"Zvetlana Zaharia\"}],\"creator\":[\"Zvetlana Zaharia\"],\"publisher\":{\"@type\":\"Organization\",\"name\":\"reteleelectrice\",\"logo\":\"\"},\"keywords\":[],\"dateCreated\":\"2024-10-30T11:39:30Z\",\"datePublished\":\"2024-10-30T11:39:30Z\",\"dateModified\":\"2025-07-16T12:41:31Z\"}<\/script>","tracker_url":"https:\/\/cdn.parsely.com\/keys\/reteleelectrice.ro\/p.js"},"jetpack_sharing_enabled":true,"_links":{"self":[{"href":"https:\/\/www.reteleelectrice.ro\/en\/wp-json\/wp\/v2\/pages\/18800","targetHints":{"allow":["GET"]}}],"collection":[{"href":"https:\/\/www.reteleelectrice.ro\/en\/wp-json\/wp\/v2\/pages"}],"about":[{"href":"https:\/\/www.reteleelectrice.ro\/en\/wp-json\/wp\/v2\/types\/page"}],"author":[{"embeddable":true,"href":"https:\/\/www.reteleelectrice.ro\/en\/wp-json\/wp\/v2\/users\/7"}],"replies":[{"embeddable":true,"href":"https:\/\/www.reteleelectrice.ro\/en\/wp-json\/wp\/v2\/comments?post=18800"}],"version-history":[{"count":3,"href":"https:\/\/www.reteleelectrice.ro\/en\/wp-json\/wp\/v2\/pages\/18800\/revisions"}],"predecessor-version":[{"id":20443,"href":"https:\/\/www.reteleelectrice.ro\/en\/wp-json\/wp\/v2\/pages\/18800\/revisions\/20443"}],"wp:featuredmedia":[{"embeddable":true,"href":"https:\/\/www.reteleelectrice.ro\/en\/wp-json\/wp\/v2\/media\/9886"}],"wp:attachment":[{"href":"https:\/\/www.reteleelectrice.ro\/en\/wp-json\/wp\/v2\/media?parent=18800"}],"curies":[{"name":"wp","href":"https:\/\/api.w.org\/{rel}","templated":true}]}}