{"id":18683,"date":"2024-10-24T11:11:26","date_gmt":"2024-10-24T11:11:26","guid":{"rendered":"https:\/\/www.reteleelectrice.ro\/diferente-distribuitor-furnizor\/"},"modified":"2025-07-25T12:28:46","modified_gmt":"2025-07-25T12:28:46","slug":"distributor-supplier-differences","status":"publish","type":"page","link":"https:\/\/www.reteleelectrice.ro\/en\/information\/distributor-supplier-differences\/","title":{"rendered":"What is the difference between an electricity distributor and a supplier?"},"content":{"rendered":"<body><section id=\"\" class=\"block-hero\">\n                    <div class=\"top-hero\">\n                <div class=\"left\">\n                                                                                    <h1 class=\"title-hero\">What is the difference between an electricity distributor and a supplier?<\/h1>\n                                                                <div class=\"text-hero\"> We are an electricity distributor, and we deliver electricity to your home or office through low, medium, or high-voltage networks.<\/div>\n                                                        <\/div>\n                        <div class=\"right\">\n                <img loading=\"lazy\" decoding=\"async\" width=\"920\" height=\"400\" src=\"https:\/\/www.reteleelectrice.ro\/wp-content\/uploads\/care-este-diferenta-dintre-un-distribuitor-de-energie-electrica-si-un-furnizor.webp?w=920&amp;h=400&amp;crop=1\" class=\"attachment-hero size-hero\" alt=\"St\u00e2lpi de \u00eenalt\u0103 tensiune \u00eentr-o zona agricol\u0103 \u00eentins\u0103.\" srcset=\"https:\/\/www.reteleelectrice.ro\/wp-content\/uploads\/care-este-diferenta-dintre-un-distribuitor-de-energie-electrica-si-un-furnizor.webp 920w, https:\/\/www.reteleelectrice.ro\/wp-content\/uploads\/care-este-diferenta-dintre-un-distribuitor-de-energie-electrica-si-un-furnizor.webp?resize=300,130 300w, https:\/\/www.reteleelectrice.ro\/wp-content\/uploads\/care-este-diferenta-dintre-un-distribuitor-de-energie-electrica-si-un-furnizor.webp?resize=768,334 768w, https:\/\/www.reteleelectrice.ro\/wp-content\/uploads\/care-este-diferenta-dintre-un-distribuitor-de-energie-electrica-si-un-furnizor.webp?resize=152,66 152w\" sizes=\"auto, (max-width: 920px) 100vw, 920px\">                <style type=\"text\/css\">\n                    @media only screen and (max-width: 1200px) {\n                        .block-hero .top-hero .main-slide .right img {\n                            object-position:\n                                                            % 0%;\n                        }\n                    }\n                <\/style>\n            <\/div>\n        <\/div>\n    <\/section>\n\n\n<section id=\"\" class=\"block-breadcrumbs\">\n    <ul id=\"breadcrumbs\" itemprop=\"breadcrumb\" class=\"breadcrumbs\"><li><a rel=\"home\" href=\"https:\/\/www.reteleelectrice.ro\/en\/\"><\/a><\/li><\/ul><\/section>\n\n<section id=\"\" class=\"block-whitecontainer\">\n    <div id=\"page-wrap\">\n        <div class=\"tabs\">\n            <div class=\"acf-innerblocks-container\">\n\n<h4 class=\"wp-block-heading\" id=\"h-an-electricity-distributor-is-responsible-for-everything-related-to-the-power-grid\">An electricity distributor is responsible for everything related to the power grid:<\/h4>\n\n\n\n<div style=\"height:16px\" aria-hidden=\"true\" class=\"wp-block-spacer\"><\/div>\n\n\n    <section id=\"\" class=\"block-benefits\">\n                <div class=\"benefits-list\">\n                                <div class=\"banefit\">\n                        <span class=\"icon\"><\/span>\n                        <span class=\"text\">Expanding the power grid by connecting new consumers.<\/span>\n                    <\/div>\n                                                <div class=\"banefit\">\n                        <span class=\"icon\"><\/span>\n                        <span class=\"text\">Maintenance, investments for modernization.<\/span>\n                    <\/div>\n                                                <div class=\"banefit\">\n                        <span class=\"icon\"><\/span>\n                        <span class=\"text\">Interventions in the grid during power outages.<\/span>\n                    <\/div>\n                                                <div class=\"banefit\">\n                        <span class=\"icon\"><\/span>\n                        <span class=\"text\">Installing meters and measuring consumption.<\/span>\n                    <\/div>\n                                    <\/div>\n    <\/section>\n\n<\/div> \n        <\/div>\n    <\/div>\n<\/section>\n\n<section id=\"\" class=\"block-whitecontainer\">\n    <div id=\"page-wrap\">\n        <div class=\"tabs\">\n            <div class=\"acf-innerblocks-container\">\n\n<div class=\"wp-block-columns is-layout-flex wp-container-core-columns-is-layout-28f84493 wp-block-columns-is-layout-flex\">\n<div class=\"wp-block-column is-layout-flow wp-block-column-is-layout-flow\" style=\"flex-basis:66.66%\">\n<p style=\"padding-bottom:16px\">There are several power grid operators nationwide, and each covers one or more regions. For example, we operate in Banat (Arad, Cara\u0219-Severin, Hunedoara, and Timi\u0219 counties), Muntenia (Bucharest, Ilfov, and Giurgiu counties), and Dobrogea (C\u0103l\u0103ra\u0219i, Constan\u021ba, Ialomi\u021ba, and Tulcea counties).<\/p>\n\n\n\n<p style=\"padding-bottom:16px\">If you live in another county, you need to contact the power grid operator in that area. It\u2019s important to know that you cannot change your electricity distributor. The network in a county\u2014composed of transformer stations, poles, underground and overhead cables, meters, telecontrol systems, and more\u2014is the responsibility of a single power grid operator.<\/p>\n\n\n\n<p style=\"padding-bottom:16px\">As a power grid operator, we ensure that you have electricity at home or in the office with as few and as short interruptions as possible. To use the electricity we bring near your home or business, you need to sign a supply contract with a supplier. The supplier you choose will, in turn, sign a contract with the distribution operator in your area.<\/p>\n\n\n\n<figure class=\"wp-block-embed is-type-video is-provider-youtube wp-block-embed-youtube wp-embed-aspect-16-9 wp-has-aspect-ratio\"><div class=\"wp-block-embed__wrapper\">\n<iframe loading=\"lazy\" title=\"Drumul energiei\" width=\"500\" height=\"281\" src=\"https:\/\/www.youtube.com\/embed\/aL6KMnWWjnM?feature=oembed\" frameborder=\"0\" allow=\"accelerometer; autoplay; clipboard-write; encrypted-media; gyroscope; picture-in-picture; web-share\" referrerpolicy=\"strict-origin-when-cross-origin\" allowfullscreen><\/iframe>\n<\/div><\/figure>\n<\/div>\n\n\n\n<div class=\"wp-block-column is-layout-flow wp-block-column-is-layout-flow\" style=\"flex-basis:33.33%\"><\/div>\n<\/div>\n\n<\/div> \n        <\/div>\n    <\/div>\n<\/section>\n\n<section id=\"\" class=\"block-columncontainer \">\n    <div class=\"column-blocks\">\n\n<div class=\"wp-block-columns is-layout-flex wp-container-core-columns-is-layout-28f84493 wp-block-columns-is-layout-flex\">\n<div class=\"wp-block-column first-column is-layout-flow wp-block-column-is-layout-flow\" style=\"flex-basis:66.6%\" id=\"h-getinfo\"><script>\n    window.getInfoTranslations = {\n        mandatory: null,\n        podFormat: null,\n        phoneRO: null,\n        noSpacesOnly: null,\n        mintwo: null    };\n<\/script>\n<section id=\"\" class=\"block-getinfo whoisyoursupplier\">\n    <div>\n                    <div class=\"informations\">\n                <div class=\"image\"><\/div>\n                <div class=\"text-area\">\n                                            Your electricity supplier                                                                <p>\n                            Enter the POD code of your consumption point to find out who your electricity supplier is.                        <\/p>\n                                    <\/div>\n            <\/div>\n            <\/div>\n\n    <div>\n                    <div class=\"pod\">\n                <p>POD<\/p>\n                <div class=\"tooltip\">\n                    <div class=\"tooltip-text\">\n                        <p>The POD is an identification code for your electricity consumption point as it appears in the distributor\u2019s records. Its format varies depending on your electricity distributor. You can find the POD on the bill you receive from your electricity supplier.<\/p>\n                    <\/div>\n                <\/div>\n            <\/div>\n        \n        <form action=\"https:\/\/www.reteleelectrice.ro\/wp-admin\/admin-ajax.php\" method=\"POST\" id=\"CustomGetInfoForm\" class=\"designform\" enctype=\"multipart\/form-data\">\n            <input type=\"hidden\" name=\"action\" value=\"global_get_info_form\">\n            <input type=\"hidden\" name=\"select_form_get_info\" value=\"whoisyoursupplier\">\n            <input type=\"hidden\" name=\"second_form_succes_message_info\" value=\"\">\n            <input type=\"hidden\" name=\"second_form_fail_message_info\" value=\"\">\n            <input type=\"hidden\" name=\"title_get_info\" value=\"Your electricity supplier\">\n            <div class=\"input-box\">\n                <input type=\"text\" class=\"getinfo-pod\" placeholder=\"POD\" value=\"\" name=\"getinfo_pod\" data-error-pod=\"error\">\n            <\/div>\n            <input type=\"hidden\" name=\"g-recaptcha-response\" id=\"g-recaptcha-response\">\n            <input type=\"submit\" class=\"global-button global-button-white next-button\" value=\"Submit\">\n        <\/form>\n    <\/div>\n    <div class=\"response-popup\">\n        <div class=\"container\">\n            <div class=\"close\"><\/div>\n            <div id=\"response_getinfo\"><\/div>\n            <div class=\"smartmeter hidden\">\n                <form action=\"https:\/\/www.reteleelectrice.ro\/wp-admin\/admin-ajax.php\" method=\"POST\" id=\"CustomInstallSmartMeterForm\" class=\"designform\" enctype=\"multipart\/form-data\">\n                    <input type=\"hidden\" name=\"action\" value=\"global_find_out_info_pod\">\n                    <h3>Smart meter installation appointment<\/h3>\n                    <p class=\"custom-message\">A traditional meter is currently installed at your address, and this year a smart meter will be installed.<\/p><br>\n                    <p>Based on the submitted POD, you have the option to schedule a smart meter installation. Please fill in the fields below if you would like a Re\u021bele Electrice representative to contact you to arrange the details.<\/p>\n                    <div class=\"input-box\">\n                        <p>POD<\/p>\n                        <input type=\"text\" class=\"getinfo-pod\" placeholder=\"POD\" value=\"\" name=\"getinfo_pod\" data-error-pod=\"error\">\n                        <p>Name and surname<\/p>\n                        <input type=\"text\" id=\"fname\" name=\"fullname\" value=\"\" placeholder=\"Ex: Alex Popescu\">\n                        <p>Phone number<\/p>\n                        <input type=\"text\" id=\"phone\" name=\"telefon\" value=\"\" maxlength=\"10\" placeholder=\"ex. 07xxxxxxxx\">\n                    <\/div>\n                    <input type=\"hidden\" name=\"g-recaptcha-response\" id=\"g-recaptcha-response\">\n                    <input type=\"submit\" class=\"global-button global-button-white next-button\" value=\"Submit\">\n                <\/form>\n                <div class=\"smartmeter-response hidden\"><\/div>\n                <button class=\"global-button global-button-white next-button hidden\" id=\"btn-retry\">Retry<\/button>\n            <\/div>\n        <\/div>\n    <\/div>\n<\/section><\/div>\n\n\n\n<div class=\"wp-block-column second-column is-layout-flow wp-block-column-is-layout-flow\"><section id=\"\" class=\"block-textbanner\">\n    <div class=\"column-blocks\">\n\n<h2 class=\"wp-block-heading\" id=\"h-how-do-we-measure-electricity-consumption\">How do we measure electricity consumption?<\/h2>\n\n\n\n<p>Find out how the smart meter works, how we read the meter, and what the periodic replacement process involves.<\/p>\n\n\n\n<div class=\"wp-block-button global-button-box is-style-white global-button-custom\"><a class=\"wp-block-button__link wp-element-button\" href=\"https:\/\/www.reteleelectrice.ro\/en\/measurement\/how-do-we-measure\/\">Learn more<\/a><\/div>\n\n<\/div>\n<\/section><\/div>\n<\/div>\n\n<\/div>\n<\/section>\n\n<section id=\"\" class=\"block-whitecontainer\">\n    <div id=\"page-wrap\">\n        <div class=\"tabs\">\n            <div class=\"acf-innerblocks-container\">\n\n<div class=\"wp-block-columns is-layout-flex wp-container-core-columns-is-layout-28f84493 wp-block-columns-is-layout-flex\">\n<div class=\"wp-block-column is-layout-flow wp-block-column-is-layout-flow\" style=\"flex-basis:66.66%\">\n<p><\/p>\n\n\n\n<p>Your supplier will send you monthly bills for your electricity consumption. You can also purchase certain products and services from your supplier, such as air conditioning units or emergency interventions if, for example, you need an electrician. Unlike distribution activities, supply is not limited to specific areas of the country, and you can change your supplier at any time, no matter where you live.<\/p>\n\n\n\n<div style=\"height:16px\" aria-hidden=\"true\" class=\"wp-block-spacer\"><\/div>\n\n\n\n<p><\/p>\n\n\n\n<p>Apart from the electricity distributor and supplier, other key players in the national energy system, besides consumers, are: producers (such as wind farms, photovoltaic plants, hydropower plants, nuclear plants, and others), the national carrier (Transelectrica), and the markets where energy is sold, managed by OPCOM (the energy exchange) and the Commodity Exchange.<\/p>\n\n\n\n<div style=\"height:16px\" aria-hidden=\"true\" class=\"wp-block-spacer\"><\/div>\n\n\n\n<figure class=\"wp-block-image size-large\"><img loading=\"lazy\" decoding=\"async\" width=\"920\" height=\"400\" src=\"http:\/\/www.reteleelectrice.ro\/wp-content\/uploads\/distribuitorului-de-energie-electrica-si-furnizorul.webp?w=920\" alt=\"\" class=\"wp-image-6750\" srcset=\"https:\/\/www.reteleelectrice.ro\/wp-content\/uploads\/distribuitorului-de-energie-electrica-si-furnizorul.webp 920w, https:\/\/www.reteleelectrice.ro\/wp-content\/uploads\/distribuitorului-de-energie-electrica-si-furnizorul.webp?resize=300,130 300w, https:\/\/www.reteleelectrice.ro\/wp-content\/uploads\/distribuitorului-de-energie-electrica-si-furnizorul.webp?resize=768,334 768w, https:\/\/www.reteleelectrice.ro\/wp-content\/uploads\/distribuitorului-de-energie-electrica-si-furnizorul.webp?resize=152,66 152w\" sizes=\"auto, (max-width: 920px) 100vw, 920px\" \/><\/figure>\n<\/div>\n\n\n\n<div class=\"wp-block-column is-layout-flow wp-block-column-is-layout-flow\" style=\"flex-basis:33.33%\"><\/div>\n<\/div>\n\n<\/div> \n        <\/div>\n    <\/div>\n<\/section><\/body>","protected":false},"excerpt":{"rendered":"<p>Find out the differences between electricity distributors and suppliers.<\/p>\n","protected":false},"author":10,"featured_media":0,"parent":18819,"menu_order":0,"comment_status":"closed","ping_status":"closed","template":"","meta":{"_acf_changed":false,"footnotes":""},"class_list":["post-18683","page","type-page","status-publish","hentry"],"acf":[],"yoast_head":"<!-- This site is optimized with the Yoast SEO Premium plugin v23.1 (Yoast SEO v27.1.1) - https:\/\/yoast.com\/product\/yoast-seo-premium-wordpress\/ -->\n<title>Electricity distributors versus energy suppliers | Retele Electrice<\/title>\n<meta name=\"description\" content=\"Find out the differences between electricity distributors and suppliers.\" \/>\n<meta name=\"robots\" content=\"index, follow, max-snippet:-1, max-image-preview:large, max-video-preview:-1\" \/>\n<link rel=\"canonical\" href=\"https:\/\/www.reteleelectrice.ro\/en\/information\/distributor-supplier-differences\/\" \/>\n<meta property=\"og:locale\" content=\"en_US\" \/>\n<meta property=\"og:type\" content=\"article\" \/>\n<meta property=\"og:title\" content=\"Electricity distributors versus energy suppliers | Re\u021bele Electrice\" \/>\n<meta property=\"og:description\" content=\"Find out the differences between electricity distributors and suppliers.\" \/>\n<meta property=\"og:url\" content=\"https:\/\/www.reteleelectrice.ro\/en\/information\/distributor-supplier-differences\/\" \/>\n<meta property=\"og:site_name\" content=\"reteleelectrice\" \/>\n<meta property=\"article:modified_time\" content=\"2025-07-25T12:28:46+00:00\" \/>\n<meta property=\"og:image\" content=\"http:\/\/www.reteleelectrice.ro\/wp-content\/uploads\/distribuitorului-de-energie-electrica-si-furnizorul.webp?w=920\" \/>\n<meta name=\"twitter:card\" content=\"summary_large_image\" \/>\n<meta name=\"twitter:title\" content=\"The difference between electricity distributors and suppliers | Re\u021bele Electrice\" \/>\n<meta name=\"twitter:description\" content=\"Find out the differences between electricity distributors and suppliers.\" \/>\n<meta name=\"twitter:label1\" content=\"Est. reading time\" \/>\n\t<meta name=\"twitter:data1\" content=\"2 minutes\" \/>\n<script type=\"application\/ld+json\" class=\"yoast-schema-graph\">{\"@context\":\"https:\/\/schema.org\",\"@graph\":[{\"@type\":\"WebPage\",\"@id\":\"https:\/\/www.reteleelectrice.ro\/en\/information\/distributor-supplier-differences\/\",\"url\":\"https:\/\/www.reteleelectrice.ro\/en\/information\/distributor-supplier-differences\/\",\"name\":\"Electricity distributors versus energy suppliers | Retele Electrice\",\"isPartOf\":{\"@id\":\"https:\/\/www.reteleelectrice.ro\/#website\"},\"primaryImageOfPage\":{\"@id\":\"https:\/\/www.reteleelectrice.ro\/en\/information\/distributor-supplier-differences\/#primaryimage\"},\"image\":{\"@id\":\"https:\/\/www.reteleelectrice.ro\/en\/information\/distributor-supplier-differences\/#primaryimage\"},\"thumbnailUrl\":\"http:\/\/www.reteleelectrice.ro\/wp-content\/uploads\/distribuitorului-de-energie-electrica-si-furnizorul.webp?w=920\",\"datePublished\":\"2024-10-24T11:11:26+00:00\",\"dateModified\":\"2025-07-25T12:28:46+00:00\",\"description\":\"Find out the differences between electricity distributors and suppliers.\",\"breadcrumb\":{\"@id\":\"https:\/\/www.reteleelectrice.ro\/en\/information\/distributor-supplier-differences\/#breadcrumb\"},\"inLanguage\":\"en-US\",\"potentialAction\":[{\"@type\":\"ReadAction\",\"target\":[\"https:\/\/www.reteleelectrice.ro\/en\/information\/distributor-supplier-differences\/\"]}]},{\"@type\":\"ImageObject\",\"inLanguage\":\"en-US\",\"@id\":\"https:\/\/www.reteleelectrice.ro\/en\/information\/distributor-supplier-differences\/#primaryimage\",\"url\":\"http:\/\/www.reteleelectrice.ro\/wp-content\/uploads\/distribuitorului-de-energie-electrica-si-furnizorul.webp?w=920\",\"contentUrl\":\"http:\/\/www.reteleelectrice.ro\/wp-content\/uploads\/distribuitorului-de-energie-electrica-si-furnizorul.webp?w=920\"},{\"@type\":\"BreadcrumbList\",\"@id\":\"https:\/\/www.reteleelectrice.ro\/en\/information\/distributor-supplier-differences\/#breadcrumb\",\"itemListElement\":[{\"@type\":\"ListItem\",\"position\":1,\"name\":\"Home\",\"item\":\"https:\/\/www.reteleelectrice.ro\/en\/\"},{\"@type\":\"ListItem\",\"position\":2,\"name\":\"Information\",\"item\":\"https:\/\/www.reteleelectrice.ro\/en\/information\/\"},{\"@type\":\"ListItem\",\"position\":3,\"name\":\"What is the difference between an electricity distributor and a supplier?\"}]},{\"@type\":\"WebSite\",\"@id\":\"https:\/\/www.reteleelectrice.ro\/#website\",\"url\":\"https:\/\/www.reteleelectrice.ro\/\",\"name\":\"reteleelectrice\",\"description\":\"\",\"potentialAction\":[{\"@type\":\"SearchAction\",\"target\":{\"@type\":\"EntryPoint\",\"urlTemplate\":\"https:\/\/www.reteleelectrice.ro\/?s={search_term_string}\"},\"query-input\":{\"@type\":\"PropertyValueSpecification\",\"valueRequired\":true,\"valueName\":\"search_term_string\"}}],\"inLanguage\":\"en-US\"}]}<\/script>\n<!-- \/ Yoast SEO Premium plugin. -->","yoast_head_json":{"title":"Electricity distributors versus energy suppliers | Retele Electrice","description":"Find out the differences between electricity distributors and suppliers.","robots":{"index":"index","follow":"follow","max-snippet":"max-snippet:-1","max-image-preview":"max-image-preview:large","max-video-preview":"max-video-preview:-1"},"canonical":"https:\/\/www.reteleelectrice.ro\/en\/information\/distributor-supplier-differences\/","og_locale":"en_US","og_type":"article","og_title":"Electricity distributors versus energy suppliers | Re\u021bele Electrice","og_description":"Find out the differences between electricity distributors and suppliers.","og_url":"https:\/\/www.reteleelectrice.ro\/en\/information\/distributor-supplier-differences\/","og_site_name":"reteleelectrice","article_modified_time":"2025-07-25T12:28:46+00:00","og_image":[{"url":"http:\/\/www.reteleelectrice.ro\/wp-content\/uploads\/distribuitorului-de-energie-electrica-si-furnizorul.webp?w=920","type":"","width":"","height":""}],"twitter_card":"summary_large_image","twitter_title":"The difference between electricity distributors and suppliers | Re\u021bele Electrice","twitter_description":"Find out the differences between electricity distributors and suppliers.","twitter_misc":{"Est. reading time":"2 minutes"},"schema":{"@context":"https:\/\/schema.org","@graph":[{"@type":"WebPage","@id":"https:\/\/www.reteleelectrice.ro\/en\/information\/distributor-supplier-differences\/","url":"https:\/\/www.reteleelectrice.ro\/en\/information\/distributor-supplier-differences\/","name":"Electricity distributors versus energy suppliers | Retele Electrice","isPartOf":{"@id":"https:\/\/www.reteleelectrice.ro\/#website"},"primaryImageOfPage":{"@id":"https:\/\/www.reteleelectrice.ro\/en\/information\/distributor-supplier-differences\/#primaryimage"},"image":{"@id":"https:\/\/www.reteleelectrice.ro\/en\/information\/distributor-supplier-differences\/#primaryimage"},"thumbnailUrl":"http:\/\/www.reteleelectrice.ro\/wp-content\/uploads\/distribuitorului-de-energie-electrica-si-furnizorul.webp?w=920","datePublished":"2024-10-24T11:11:26+00:00","dateModified":"2025-07-25T12:28:46+00:00","description":"Find out the differences between electricity distributors and suppliers.","breadcrumb":{"@id":"https:\/\/www.reteleelectrice.ro\/en\/information\/distributor-supplier-differences\/#breadcrumb"},"inLanguage":"en-US","potentialAction":[{"@type":"ReadAction","target":["https:\/\/www.reteleelectrice.ro\/en\/information\/distributor-supplier-differences\/"]}]},{"@type":"ImageObject","inLanguage":"en-US","@id":"https:\/\/www.reteleelectrice.ro\/en\/information\/distributor-supplier-differences\/#primaryimage","url":"http:\/\/www.reteleelectrice.ro\/wp-content\/uploads\/distribuitorului-de-energie-electrica-si-furnizorul.webp?w=920","contentUrl":"http:\/\/www.reteleelectrice.ro\/wp-content\/uploads\/distribuitorului-de-energie-electrica-si-furnizorul.webp?w=920"},{"@type":"BreadcrumbList","@id":"https:\/\/www.reteleelectrice.ro\/en\/information\/distributor-supplier-differences\/#breadcrumb","itemListElement":[{"@type":"ListItem","position":1,"name":"Home","item":"https:\/\/www.reteleelectrice.ro\/en\/"},{"@type":"ListItem","position":2,"name":"Information","item":"https:\/\/www.reteleelectrice.ro\/en\/information\/"},{"@type":"ListItem","position":3,"name":"What is the difference between an electricity distributor and a supplier?"}]},{"@type":"WebSite","@id":"https:\/\/www.reteleelectrice.ro\/#website","url":"https:\/\/www.reteleelectrice.ro\/","name":"reteleelectrice","description":"","potentialAction":[{"@type":"SearchAction","target":{"@type":"EntryPoint","urlTemplate":"https:\/\/www.reteleelectrice.ro\/?s={search_term_string}"},"query-input":{"@type":"PropertyValueSpecification","valueRequired":true,"valueName":"search_term_string"}}],"inLanguage":"en-US"}]}},"parsely":{"version":"1.1.0","canonical_url":"https:\/\/reteleelectrice.ro\/en\/information\/distributor-supplier-differences\/","smart_links":{"inbound":0,"outbound":0},"traffic_boost_suggestions_count":0,"meta":{"@context":"https:\/\/schema.org","@type":"WebPage","headline":"What is the difference between an electricity distributor and a supplier?","url":"http:\/\/www.reteleelectrice.ro\/en\/information\/distributor-supplier-differences\/","mainEntityOfPage":{"@type":"WebPage","@id":"http:\/\/www.reteleelectrice.ro\/en\/information\/distributor-supplier-differences\/"},"thumbnailUrl":"","image":{"@type":"ImageObject","url":""},"articleSection":"Uncategorized","author":[{"@type":"Person","name":"Andreea Sauciuc"}],"creator":["Andreea Sauciuc"],"publisher":{"@type":"Organization","name":"reteleelectrice","logo":""},"keywords":[],"dateCreated":"2024-10-24T11:11:26Z","datePublished":"2024-10-24T11:11:26Z","dateModified":"2025-07-25T12:28:46Z"},"rendered":"<script type=\"application\/ld+json\" class=\"wp-parsely-metadata\">{\"@context\":\"https:\\\/\\\/schema.org\",\"@type\":\"WebPage\",\"headline\":\"What is the difference between an electricity distributor and a supplier?\",\"url\":\"http:\\\/\\\/www.reteleelectrice.ro\\\/en\\\/information\\\/distributor-supplier-differences\\\/\",\"mainEntityOfPage\":{\"@type\":\"WebPage\",\"@id\":\"http:\\\/\\\/www.reteleelectrice.ro\\\/en\\\/information\\\/distributor-supplier-differences\\\/\"},\"thumbnailUrl\":\"\",\"image\":{\"@type\":\"ImageObject\",\"url\":\"\"},\"articleSection\":\"Uncategorized\",\"author\":[{\"@type\":\"Person\",\"name\":\"Andreea Sauciuc\"}],\"creator\":[\"Andreea Sauciuc\"],\"publisher\":{\"@type\":\"Organization\",\"name\":\"reteleelectrice\",\"logo\":\"\"},\"keywords\":[],\"dateCreated\":\"2024-10-24T11:11:26Z\",\"datePublished\":\"2024-10-24T11:11:26Z\",\"dateModified\":\"2025-07-25T12:28:46Z\"}<\/script>","tracker_url":"https:\/\/cdn.parsely.com\/keys\/reteleelectrice.ro\/p.js"},"jetpack_sharing_enabled":true,"_links":{"self":[{"href":"https:\/\/www.reteleelectrice.ro\/en\/wp-json\/wp\/v2\/pages\/18683","targetHints":{"allow":["GET"]}}],"collection":[{"href":"https:\/\/www.reteleelectrice.ro\/en\/wp-json\/wp\/v2\/pages"}],"about":[{"href":"https:\/\/www.reteleelectrice.ro\/en\/wp-json\/wp\/v2\/types\/page"}],"author":[{"embeddable":true,"href":"https:\/\/www.reteleelectrice.ro\/en\/wp-json\/wp\/v2\/users\/10"}],"replies":[{"embeddable":true,"href":"https:\/\/www.reteleelectrice.ro\/en\/wp-json\/wp\/v2\/comments?post=18683"}],"version-history":[{"count":9,"href":"https:\/\/www.reteleelectrice.ro\/en\/wp-json\/wp\/v2\/pages\/18683\/revisions"}],"predecessor-version":[{"id":22307,"href":"https:\/\/www.reteleelectrice.ro\/en\/wp-json\/wp\/v2\/pages\/18683\/revisions\/22307"}],"up":[{"embeddable":true,"href":"https:\/\/www.reteleelectrice.ro\/en\/wp-json\/wp\/v2\/pages\/18819"}],"wp:attachment":[{"href":"https:\/\/www.reteleelectrice.ro\/en\/wp-json\/wp\/v2\/media?parent=18683"}],"curies":[{"name":"wp","href":"https:\/\/api.w.org\/{rel}","templated":true}]}}