{"id":18487,"date":"2024-10-30T14:38:56","date_gmt":"2024-10-30T14:38:56","guid":{"rendered":"https:\/\/www.reteleelectrice.ro\/furnizori\/"},"modified":"2025-09-18T07:21:17","modified_gmt":"2025-09-18T07:21:17","slug":"suppliers","status":"publish","type":"page","link":"https:\/\/www.reteleelectrice.ro\/en\/clients\/suppliers\/","title":{"rendered":"Electricity suppliers"},"content":{"rendered":"<body><p><!--  ADD patern code from wp code editor --><\/p>\n\n    <section id=\"\" class=\"block-hero\">\n                    <div class=\"top-hero\">\n                <div class=\"left\">\n                                                                                    <h1 class=\"title-hero\">Electricity suppliers<\/h1>\n                                                                <div class=\"text-hero\"> We value your role as energy suppliers in the national energy system and provide you essential information about connection to the power grid, measurement, and your customers\u2019 consumption habits.<\/div>\n                                                        <\/div>\n                        <div class=\"right\">\n                <img loading=\"lazy\" decoding=\"async\" width=\"920\" height=\"400\" src=\"https:\/\/www.reteleelectrice.ro\/wp-content\/uploads\/furnizori_153484.webp?w=920&amp;h=400&amp;crop=1\" class=\"attachment-hero size-hero\" alt=\"B\u0103rbat care lucreaz\u0103 pe laptop \u00eentr-un birou modern.\" srcset=\"https:\/\/www.reteleelectrice.ro\/wp-content\/uploads\/furnizori_153484.webp 920w, https:\/\/www.reteleelectrice.ro\/wp-content\/uploads\/furnizori_153484.webp?resize=300,130 300w, https:\/\/www.reteleelectrice.ro\/wp-content\/uploads\/furnizori_153484.webp?resize=768,334 768w, https:\/\/www.reteleelectrice.ro\/wp-content\/uploads\/furnizori_153484.webp?resize=152,66 152w\" sizes=\"auto, (max-width: 920px) 100vw, 920px\">                <style type=\"text\/css\">\n                    @media only screen and (max-width: 1200px) {\n                        .block-hero .top-hero .main-slide .right img {\n                            object-position:\n                                                            % 0%;\n                        }\n                    }\n                <\/style>\n            <\/div>\n        <\/div>\n    <\/section>\n\n\n<section id=\"\" class=\"block-breadcrumbs\">\n    <ul id=\"breadcrumbs\" itemprop=\"breadcrumb\" class=\"breadcrumbs\"><li><a rel=\"home\" href=\"https:\/\/www.reteleelectrice.ro\/en\/\"><\/a><\/li><\/ul><\/section>\n\n\n<div class=\"wp-block-group is-content-justification-left is-layout-constrained wp-container-core-group-is-layout-6235accf wp-block-group-is-layout-constrained\">\n<p><\/p>\n\n\n\n<h2 class=\"wp-block-heading\" id=\"h-online-service\">Online service<\/h2>\n<\/div>\n\n\n\n<p><\/p>\n\n\n\n<p>Modify, activate, or cancel your customers\u2019 energy distribution contracts directly from your online account, where you\u2019ll find many other useful services. Create an online account <a href=\"https:\/\/contulmeu.reteleelectrice.ro\/PEDRO_SiteLogin\">here<\/a>.<\/p>\n\n\n\n<p><\/p>\n\n\n    <section id=\"\" class=\"block-cardimage per-row-three\">\n                    <div class=\"card-image\">\n                <div class=\"image-cards\">\n                                        <img loading=\"lazy\" decoding=\"async\" width=\"392\" height=\"150\" src=\"https:\/\/www.reteleelectrice.ro\/wp-content\/uploads\/racordarea-la-reteaua-electrica-de-distributie_fd7e30.webp?w=392&amp;h=150&amp;crop=1\" class=\"attachment-cardsthree size-cardsthree\" alt=\"Cuplu care se relaxeaz\u0103 \u00eentr-un living confortabil, iluminat ambiental eficient.\" srcset=\"https:\/\/www.reteleelectrice.ro\/wp-content\/uploads\/racordarea-la-reteaua-electrica-de-distributie_fd7e30.webp 392w, https:\/\/www.reteleelectrice.ro\/wp-content\/uploads\/racordarea-la-reteaua-electrica-de-distributie_fd7e30.webp?resize=300,115 300w, https:\/\/www.reteleelectrice.ro\/wp-content\/uploads\/racordarea-la-reteaua-electrica-de-distributie_fd7e30.webp?resize=172,66 172w\" sizes=\"auto, (max-width: 392px) 100vw, 392px\">                <\/div>\n                <div class=\"text-container-cards\">\n                                            <div class=\"title-text\">\n                                                            <h3 class=\"title-cards\">\n                                    Connection to the power grid                                <\/h3>\n                                                                                        <div class=\"text-cards\">\n                                    Find out how you can assist your customers who wish to connect to our power grid.                                <\/div>\n                                                    <\/div>\n                                                                <a class=\"global-button global-button-transparent button-arrow-transparent\" href=\"https:\/\/www.reteleelectrice.ro\/en\/connection-to-the-grid\" title=\"Read more\" target=\"_self\">\n                               Read more                        <\/a> \n                                        <\/div>\n            <\/div>\n                    <div class=\"card-image\">\n                <div class=\"image-cards\">\n                                        <img loading=\"lazy\" decoding=\"async\" width=\"392\" height=\"150\" src=\"https:\/\/www.reteleelectrice.ro\/wp-content\/uploads\/masurarea-consumului-de-energie.webp?w=392&amp;h=150&amp;crop=1\" class=\"attachment-cardsthree size-cardsthree\" alt=\"Tehnician electric verificand un contor inteligent intr-un panou de distributie\" srcset=\"https:\/\/www.reteleelectrice.ro\/wp-content\/uploads\/masurarea-consumului-de-energie.webp 392w, https:\/\/www.reteleelectrice.ro\/wp-content\/uploads\/masurarea-consumului-de-energie.webp?resize=300,115 300w, https:\/\/www.reteleelectrice.ro\/wp-content\/uploads\/masurarea-consumului-de-energie.webp?resize=172,66 172w\" sizes=\"auto, (max-width: 392px) 100vw, 392px\">                <\/div>\n                <div class=\"text-container-cards\">\n                                            <div class=\"title-text\">\n                                                            <h3 class=\"title-cards\">\n                                    Meter                                <\/h3>\n                                                                                        <div class=\"text-cards\">\n                                    Learn about meter reading and verification, how you can access your consumption data, or the steps required to relocate meters.                                <\/div>\n                                                    <\/div>\n                                                                <a class=\"global-button global-button-transparent button-arrow-transparent\" href=\"https:\/\/www.reteleelectrice.ro\/en\/measurement\" title=\"Read more\" target=\"_self\">\n                               Read more                        <\/a> \n                                        <\/div>\n            <\/div>\n                    <div class=\"card-image\">\n                <div class=\"image-cards\">\n                                        <img loading=\"lazy\" decoding=\"async\" width=\"392\" height=\"150\" src=\"https:\/\/www.reteleelectrice.ro\/wp-content\/uploads\/cereri-si-documente_e73410.webp?w=392&amp;h=150&amp;crop=1\" class=\"attachment-cardsthree size-cardsthree\" alt=\"Persoan\u0103 care completeaz\u0103 sau descarc\u0103 online cereri \u0219i documente din sec\u021biunea dedicat\u0103 a distribuitorului.\" srcset=\"https:\/\/www.reteleelectrice.ro\/wp-content\/uploads\/cereri-si-documente_e73410.webp 392w, https:\/\/www.reteleelectrice.ro\/wp-content\/uploads\/cereri-si-documente_e73410.webp?resize=300,115 300w, https:\/\/www.reteleelectrice.ro\/wp-content\/uploads\/cereri-si-documente_e73410.webp?resize=172,66 172w\" sizes=\"auto, (max-width: 392px) 100vw, 392px\">                <\/div>\n                <div class=\"text-container-cards\">\n                                            <div class=\"title-text\">\n                                                            <h3 class=\"title-cards\">\n                                    Claims                                <\/h3>\n                                                                                        <div class=\"text-cards\">\n                                    We provide you with claims and documents that you can use in your relationship with us, the electricity distributor.                                <\/div>\n                                                    <\/div>\n                                                                <a class=\"global-button global-button-transparent button-arrow-transparent\" href=\"https:\/\/www.reteleelectrice.ro\/en\/requests-documents\" title=\"Read more\" target=\"_self\">\n                               Read more                        <\/a> \n                                        <\/div>\n            <\/div>\n                    <div class=\"card-image\">\n                <div class=\"image-cards\">\n                                        <img loading=\"lazy\" decoding=\"async\" width=\"392\" height=\"150\" src=\"https:\/\/www.reteleelectrice.ro\/wp-content\/uploads\/acordarea-compensatiilor.webp?w=392&amp;h=150&amp;crop=1\" class=\"attachment-cardsthree size-cardsthree\" alt=\"B\u0103rbat care lucreaz\u0103 de acas\u0103, \u00eentr-un living modern.\" srcset=\"https:\/\/www.reteleelectrice.ro\/wp-content\/uploads\/acordarea-compensatiilor.webp 392w, https:\/\/www.reteleelectrice.ro\/wp-content\/uploads\/acordarea-compensatiilor.webp?resize=300,115 300w, https:\/\/www.reteleelectrice.ro\/wp-content\/uploads\/acordarea-compensatiilor.webp?resize=172,66 172w\" sizes=\"auto, (max-width: 392px) 100vw, 392px\">                <\/div>\n                <div class=\"text-container-cards\">\n                                            <div class=\"title-text\">\n                                                            <h3 class=\"title-cards\">\n                                    Compensations and reimbursements                                <\/h3>\n                                                                                        <div class=\"text-cards\">\n                                    Find details about the compensations and reimbursements that consumers may receive.                                <\/div>\n                                                    <\/div>\n                                                                <a class=\"global-button global-button-transparent button-arrow-transparent\" href=\"https:\/\/www.reteleelectrice.ro\/en\/information\/performance-standard\" title=\"Read more\" target=\"_self\">\n                               Read more                        <\/a> \n                                        <\/div>\n            <\/div>\n                    <div class=\"card-image\">\n                <div class=\"image-cards\">\n                                        <img loading=\"lazy\" decoding=\"async\" width=\"392\" height=\"150\" src=\"https:\/\/www.reteleelectrice.ro\/wp-content\/uploads\/legislatie-si-proceduri_7e4c43.webp?w=392&amp;h=150&amp;crop=1\" class=\"attachment-cardsthree size-cardsthree\" alt=\"Semnare contract \u00eentr-un mediu de afaceri.\" srcset=\"https:\/\/www.reteleelectrice.ro\/wp-content\/uploads\/legislatie-si-proceduri_7e4c43.webp 392w, https:\/\/www.reteleelectrice.ro\/wp-content\/uploads\/legislatie-si-proceduri_7e4c43.webp?resize=300,115 300w, https:\/\/www.reteleelectrice.ro\/wp-content\/uploads\/legislatie-si-proceduri_7e4c43.webp?resize=172,66 172w\" sizes=\"auto, (max-width: 392px) 100vw, 392px\">                <\/div>\n                <div class=\"text-container-cards\">\n                                            <div class=\"title-text\">\n                                                            <h3 class=\"title-cards\">\n                                    Legislation and procedures                                <\/h3>\n                                                                                        <div class=\"text-cards\">\n                                    Stay up to date with the laws, orders, decisions, and procedures we follow.                                <\/div>\n                                                    <\/div>\n                                                                <a class=\"global-button global-button-transparent button-arrow-transparent\" href=\"https:\/\/www.reteleelectrice.ro\/en\/information\/law-procedures\" title=\"Read more\" target=\"_self\">\n                               Read more                        <\/a> \n                                        <\/div>\n            <\/div>\n                    <div class=\"card-image\">\n                <div class=\"image-cards\">\n                                        <img loading=\"lazy\" decoding=\"async\" width=\"392\" height=\"150\" src=\"https:\/\/www.reteleelectrice.ro\/wp-content\/uploads\/profiluri-de-consum_be3ad2.webp?w=392&amp;h=150&amp;crop=1\" class=\"attachment-cardsthree size-cardsthree\" alt=\"Profiluri de consum - Brut\u0103rie.\" srcset=\"https:\/\/www.reteleelectrice.ro\/wp-content\/uploads\/profiluri-de-consum_be3ad2.webp 392w, https:\/\/www.reteleelectrice.ro\/wp-content\/uploads\/profiluri-de-consum_be3ad2.webp?resize=300,115 300w, https:\/\/www.reteleelectrice.ro\/wp-content\/uploads\/profiluri-de-consum_be3ad2.webp?resize=172,66 172w\" sizes=\"auto, (max-width: 392px) 100vw, 392px\">                <\/div>\n                <div class=\"text-container-cards\">\n                                            <div class=\"title-text\">\n                                                            <h3 class=\"title-cards\">\n                                    Consumption profiles                                <\/h3>\n                                                                                        <div class=\"text-cards\">\n                                    We assist you with customized consumption profiles for different types of customers.                                <\/div>\n                                                    <\/div>\n                                                                <a class=\"global-button global-button-transparent button-arrow-transparent\" href=\"https:\/\/www.reteleelectrice.ro\/en\/information\/consumption-profiles\" title=\"Read more\" target=\"_self\">\n                               Read more                        <\/a> \n                                        <\/div>\n            <\/div>\n            <\/section>\n<\/body>","protected":false},"excerpt":{"rendered":"<p>Find essential information about connection, measurement, and consumption habits for homes and businesses.<\/p>\n","protected":false},"author":15,"featured_media":9966,"parent":18800,"menu_order":0,"comment_status":"closed","ping_status":"closed","template":"","meta":{"_acf_changed":false,"footnotes":""},"class_list":["post-18487","page","type-page","status-publish","has-post-thumbnail","hentry"],"acf":[],"yoast_head":"<!-- This site is optimized with the Yoast SEO Premium plugin v23.1 (Yoast SEO v27.1.1) - https:\/\/yoast.com\/product\/yoast-seo-premium-wordpress\/ -->\n<title>Useful information for electricity suppliers | Retele Electrice<\/title>\n<meta name=\"description\" content=\"Find essential information about connection, measurement, and consumption habits for homes and businesses.\" \/>\n<meta name=\"robots\" content=\"index, follow, max-snippet:-1, max-image-preview:large, max-video-preview:-1\" \/>\n<link rel=\"canonical\" href=\"https:\/\/www.reteleelectrice.ro\/en\/clients\/suppliers\/\" \/>\n<meta property=\"og:locale\" content=\"en_US\" \/>\n<meta property=\"og:type\" content=\"article\" \/>\n<meta property=\"og:title\" content=\"Useful information for electricity suppliers | Re\u021bele Electrice\" \/>\n<meta property=\"og:description\" content=\"Find essential information about connection, measurement, and consumption habits for homes and businesses.\" \/>\n<meta property=\"og:url\" content=\"https:\/\/www.reteleelectrice.ro\/en\/clients\/suppliers\/\" \/>\n<meta property=\"og:site_name\" content=\"reteleelectrice\" \/>\n<meta property=\"article:modified_time\" content=\"2025-09-18T07:21:17+00:00\" \/>\n<meta property=\"og:image\" content=\"https:\/\/www.reteleelectrice.ro\/wp-content\/uploads\/furnizori_153484.webp\" \/>\n\t<meta property=\"og:image:width\" content=\"920\" \/>\n\t<meta property=\"og:image:height\" content=\"400\" \/>\n\t<meta property=\"og:image:type\" content=\"image\/webp\" \/>\n<meta name=\"twitter:card\" content=\"summary_large_image\" \/>\n<meta name=\"twitter:title\" content=\"Useful information for electricity suppliers | Re\u021bele Electrice\" \/>\n<meta name=\"twitter:description\" content=\"Find essential information about connection, measurement, and consumption habits for homes and businesses.\" \/>\n<meta name=\"twitter:label1\" content=\"Est. reading time\" \/>\n\t<meta name=\"twitter:data1\" content=\"1 minute\" \/>\n<script type=\"application\/ld+json\" class=\"yoast-schema-graph\">{\"@context\":\"https:\/\/schema.org\",\"@graph\":[{\"@type\":\"WebPage\",\"@id\":\"https:\/\/www.reteleelectrice.ro\/en\/clients\/suppliers\/\",\"url\":\"https:\/\/www.reteleelectrice.ro\/en\/clients\/suppliers\/\",\"name\":\"Useful information for electricity suppliers | Retele Electrice\",\"isPartOf\":{\"@id\":\"https:\/\/www.reteleelectrice.ro\/#website\"},\"primaryImageOfPage\":{\"@id\":\"https:\/\/www.reteleelectrice.ro\/en\/clients\/suppliers\/#primaryimage\"},\"image\":{\"@id\":\"https:\/\/www.reteleelectrice.ro\/en\/clients\/suppliers\/#primaryimage\"},\"thumbnailUrl\":\"https:\/\/www.reteleelectrice.ro\/wp-content\/uploads\/furnizori_153484.webp\",\"datePublished\":\"2024-10-30T14:38:56+00:00\",\"dateModified\":\"2025-09-18T07:21:17+00:00\",\"description\":\"Find essential information about connection, measurement, and consumption habits for homes and businesses.\",\"breadcrumb\":{\"@id\":\"https:\/\/www.reteleelectrice.ro\/en\/clients\/suppliers\/#breadcrumb\"},\"inLanguage\":\"en-US\",\"potentialAction\":[{\"@type\":\"ReadAction\",\"target\":[\"https:\/\/www.reteleelectrice.ro\/en\/clients\/suppliers\/\"]}]},{\"@type\":\"ImageObject\",\"inLanguage\":\"en-US\",\"@id\":\"https:\/\/www.reteleelectrice.ro\/en\/clients\/suppliers\/#primaryimage\",\"url\":\"https:\/\/www.reteleelectrice.ro\/wp-content\/uploads\/furnizori_153484.webp\",\"contentUrl\":\"https:\/\/www.reteleelectrice.ro\/wp-content\/uploads\/furnizori_153484.webp\",\"width\":920,\"height\":400,\"caption\":\"Man working on a laptop in a modern office.\"},{\"@type\":\"BreadcrumbList\",\"@id\":\"https:\/\/www.reteleelectrice.ro\/en\/clients\/suppliers\/#breadcrumb\",\"itemListElement\":[{\"@type\":\"ListItem\",\"position\":1,\"name\":\"Home\",\"item\":\"https:\/\/www.reteleelectrice.ro\/en\/\"},{\"@type\":\"ListItem\",\"position\":2,\"name\":\"Our clients\",\"item\":\"https:\/\/www.reteleelectrice.ro\/en\/clients\/\"},{\"@type\":\"ListItem\",\"position\":3,\"name\":\"Electricity suppliers\"}]},{\"@type\":\"WebSite\",\"@id\":\"https:\/\/www.reteleelectrice.ro\/#website\",\"url\":\"https:\/\/www.reteleelectrice.ro\/\",\"name\":\"reteleelectrice\",\"description\":\"\",\"potentialAction\":[{\"@type\":\"SearchAction\",\"target\":{\"@type\":\"EntryPoint\",\"urlTemplate\":\"https:\/\/www.reteleelectrice.ro\/?s={search_term_string}\"},\"query-input\":{\"@type\":\"PropertyValueSpecification\",\"valueRequired\":true,\"valueName\":\"search_term_string\"}}],\"inLanguage\":\"en-US\"}]}<\/script>\n<!-- \/ Yoast SEO Premium plugin. -->","yoast_head_json":{"title":"Useful information for electricity suppliers | Retele Electrice","description":"Find essential information about connection, measurement, and consumption habits for homes and businesses.","robots":{"index":"index","follow":"follow","max-snippet":"max-snippet:-1","max-image-preview":"max-image-preview:large","max-video-preview":"max-video-preview:-1"},"canonical":"https:\/\/www.reteleelectrice.ro\/en\/clients\/suppliers\/","og_locale":"en_US","og_type":"article","og_title":"Useful information for electricity suppliers | Re\u021bele Electrice","og_description":"Find essential information about connection, measurement, and consumption habits for homes and businesses.","og_url":"https:\/\/www.reteleelectrice.ro\/en\/clients\/suppliers\/","og_site_name":"reteleelectrice","article_modified_time":"2025-09-18T07:21:17+00:00","og_image":[{"width":920,"height":400,"url":"https:\/\/www.reteleelectrice.ro\/wp-content\/uploads\/furnizori_153484.webp","type":"image\/webp"}],"twitter_card":"summary_large_image","twitter_title":"Useful information for electricity suppliers | Re\u021bele Electrice","twitter_description":"Find essential information about connection, measurement, and consumption habits for homes and businesses.","twitter_misc":{"Est. reading time":"1 minute"},"schema":{"@context":"https:\/\/schema.org","@graph":[{"@type":"WebPage","@id":"https:\/\/www.reteleelectrice.ro\/en\/clients\/suppliers\/","url":"https:\/\/www.reteleelectrice.ro\/en\/clients\/suppliers\/","name":"Useful information for electricity suppliers | Retele Electrice","isPartOf":{"@id":"https:\/\/www.reteleelectrice.ro\/#website"},"primaryImageOfPage":{"@id":"https:\/\/www.reteleelectrice.ro\/en\/clients\/suppliers\/#primaryimage"},"image":{"@id":"https:\/\/www.reteleelectrice.ro\/en\/clients\/suppliers\/#primaryimage"},"thumbnailUrl":"https:\/\/www.reteleelectrice.ro\/wp-content\/uploads\/furnizori_153484.webp","datePublished":"2024-10-30T14:38:56+00:00","dateModified":"2025-09-18T07:21:17+00:00","description":"Find essential information about connection, measurement, and consumption habits for homes and businesses.","breadcrumb":{"@id":"https:\/\/www.reteleelectrice.ro\/en\/clients\/suppliers\/#breadcrumb"},"inLanguage":"en-US","potentialAction":[{"@type":"ReadAction","target":["https:\/\/www.reteleelectrice.ro\/en\/clients\/suppliers\/"]}]},{"@type":"ImageObject","inLanguage":"en-US","@id":"https:\/\/www.reteleelectrice.ro\/en\/clients\/suppliers\/#primaryimage","url":"https:\/\/www.reteleelectrice.ro\/wp-content\/uploads\/furnizori_153484.webp","contentUrl":"https:\/\/www.reteleelectrice.ro\/wp-content\/uploads\/furnizori_153484.webp","width":920,"height":400,"caption":"Man working on a laptop in a modern office."},{"@type":"BreadcrumbList","@id":"https:\/\/www.reteleelectrice.ro\/en\/clients\/suppliers\/#breadcrumb","itemListElement":[{"@type":"ListItem","position":1,"name":"Home","item":"https:\/\/www.reteleelectrice.ro\/en\/"},{"@type":"ListItem","position":2,"name":"Our clients","item":"https:\/\/www.reteleelectrice.ro\/en\/clients\/"},{"@type":"ListItem","position":3,"name":"Electricity suppliers"}]},{"@type":"WebSite","@id":"https:\/\/www.reteleelectrice.ro\/#website","url":"https:\/\/www.reteleelectrice.ro\/","name":"reteleelectrice","description":"","potentialAction":[{"@type":"SearchAction","target":{"@type":"EntryPoint","urlTemplate":"https:\/\/www.reteleelectrice.ro\/?s={search_term_string}"},"query-input":{"@type":"PropertyValueSpecification","valueRequired":true,"valueName":"search_term_string"}}],"inLanguage":"en-US"}]}},"parsely":{"version":"1.1.0","canonical_url":"https:\/\/reteleelectrice.ro\/en\/clients\/suppliers\/","smart_links":{"inbound":0,"outbound":0},"traffic_boost_suggestions_count":0,"meta":{"@context":"https:\/\/schema.org","@type":"WebPage","headline":"Electricity suppliers","url":"http:\/\/www.reteleelectrice.ro\/en\/clients\/suppliers\/","mainEntityOfPage":{"@type":"WebPage","@id":"http:\/\/www.reteleelectrice.ro\/en\/clients\/suppliers\/"},"thumbnailUrl":"https:\/\/www.reteleelectrice.ro\/wp-content\/uploads\/furnizori_153484.webp?w=150&h=150&crop=1","image":{"@type":"ImageObject","url":"https:\/\/www.reteleelectrice.ro\/wp-content\/uploads\/furnizori_153484.webp"},"articleSection":"Uncategorized","author":[{"@type":"Person","name":"Ancuta Ciocoiu"}],"creator":["Ancuta Ciocoiu"],"publisher":{"@type":"Organization","name":"reteleelectrice","logo":""},"keywords":[],"dateCreated":"2024-10-30T14:38:56Z","datePublished":"2024-10-30T14:38:56Z","dateModified":"2025-09-18T07:21:17Z"},"rendered":"<script type=\"application\/ld+json\" class=\"wp-parsely-metadata\">{\"@context\":\"https:\\\/\\\/schema.org\",\"@type\":\"WebPage\",\"headline\":\"Electricity suppliers\",\"url\":\"http:\\\/\\\/www.reteleelectrice.ro\\\/en\\\/clients\\\/suppliers\\\/\",\"mainEntityOfPage\":{\"@type\":\"WebPage\",\"@id\":\"http:\\\/\\\/www.reteleelectrice.ro\\\/en\\\/clients\\\/suppliers\\\/\"},\"thumbnailUrl\":\"https:\\\/\\\/www.reteleelectrice.ro\\\/wp-content\\\/uploads\\\/furnizori_153484.webp?w=150&h=150&crop=1\",\"image\":{\"@type\":\"ImageObject\",\"url\":\"https:\\\/\\\/www.reteleelectrice.ro\\\/wp-content\\\/uploads\\\/furnizori_153484.webp\"},\"articleSection\":\"Uncategorized\",\"author\":[{\"@type\":\"Person\",\"name\":\"Ancuta Ciocoiu\"}],\"creator\":[\"Ancuta Ciocoiu\"],\"publisher\":{\"@type\":\"Organization\",\"name\":\"reteleelectrice\",\"logo\":\"\"},\"keywords\":[],\"dateCreated\":\"2024-10-30T14:38:56Z\",\"datePublished\":\"2024-10-30T14:38:56Z\",\"dateModified\":\"2025-09-18T07:21:17Z\"}<\/script>","tracker_url":"https:\/\/cdn.parsely.com\/keys\/reteleelectrice.ro\/p.js"},"jetpack_sharing_enabled":true,"_links":{"self":[{"href":"https:\/\/www.reteleelectrice.ro\/en\/wp-json\/wp\/v2\/pages\/18487","targetHints":{"allow":["GET"]}}],"collection":[{"href":"https:\/\/www.reteleelectrice.ro\/en\/wp-json\/wp\/v2\/pages"}],"about":[{"href":"https:\/\/www.reteleelectrice.ro\/en\/wp-json\/wp\/v2\/types\/page"}],"author":[{"embeddable":true,"href":"https:\/\/www.reteleelectrice.ro\/en\/wp-json\/wp\/v2\/users\/15"}],"replies":[{"embeddable":true,"href":"https:\/\/www.reteleelectrice.ro\/en\/wp-json\/wp\/v2\/comments?post=18487"}],"version-history":[{"count":5,"href":"https:\/\/www.reteleelectrice.ro\/en\/wp-json\/wp\/v2\/pages\/18487\/revisions"}],"predecessor-version":[{"id":22886,"href":"https:\/\/www.reteleelectrice.ro\/en\/wp-json\/wp\/v2\/pages\/18487\/revisions\/22886"}],"up":[{"embeddable":true,"href":"https:\/\/www.reteleelectrice.ro\/en\/wp-json\/wp\/v2\/pages\/18800"}],"wp:featuredmedia":[{"embeddable":true,"href":"https:\/\/www.reteleelectrice.ro\/en\/wp-json\/wp\/v2\/media\/9966"}],"wp:attachment":[{"href":"https:\/\/www.reteleelectrice.ro\/en\/wp-json\/wp\/v2\/media?parent=18487"}],"curies":[{"name":"wp","href":"https:\/\/api.w.org\/{rel}","templated":true}]}}