{"id":18484,"date":"2024-10-30T14:12:07","date_gmt":"2024-10-30T14:12:07","guid":{"rendered":"https:\/\/www.reteleelectrice.ro\/producatori\/"},"modified":"2025-07-16T12:41:34","modified_gmt":"2025-07-16T12:41:34","slug":"producers","status":"publish","type":"page","link":"https:\/\/www.reteleelectrice.ro\/en\/clients\/producers\/","title":{"rendered":"Energy producers"},"content":{"rendered":"<body><p><!--  ADD patern code from wp code editor --><\/p>\n\n    <section id=\"\" class=\"block-hero\">\n                    <div class=\"top-hero\">\n                <div class=\"left\">\n                                                                                    <h1 class=\"title-hero\">Energy producers<\/h1>\n                                                                <div class=\"text-hero\"> Find out about the services we offer to energy producers and how you can benefit from them \u2013 from the steps of the connection to the power grid process to the legislation and procedures to follow, whether you have a wind farm, a photovoltaic power plant, or produce energy from other renewable sources.<\/div>\n                                                        <\/div>\n                        <div class=\"right\">\n                <img loading=\"lazy\" decoding=\"async\" width=\"920\" height=\"400\" src=\"https:\/\/www.reteleelectrice.ro\/wp-content\/uploads\/producatori_cbcac2.webp?w=920&amp;h=400&amp;crop=1\" class=\"attachment-hero size-hero\" alt=\"Turbine de v\u00e2nt care produc energie regenerabil\u0103.\" srcset=\"https:\/\/www.reteleelectrice.ro\/wp-content\/uploads\/producatori_cbcac2.webp 920w, https:\/\/www.reteleelectrice.ro\/wp-content\/uploads\/producatori_cbcac2.webp?resize=300,130 300w, https:\/\/www.reteleelectrice.ro\/wp-content\/uploads\/producatori_cbcac2.webp?resize=768,334 768w, https:\/\/www.reteleelectrice.ro\/wp-content\/uploads\/producatori_cbcac2.webp?resize=152,66 152w\" sizes=\"auto, (max-width: 920px) 100vw, 920px\">                <style type=\"text\/css\">\n                    @media only screen and (max-width: 1200px) {\n                        .block-hero .top-hero .main-slide .right img {\n                            object-position:\n                                                            % 0%;\n                        }\n                    }\n                <\/style>\n            <\/div>\n        <\/div>\n    <\/section>\n\n\n<section id=\"\" class=\"block-breadcrumbs\">\n    <ul id=\"breadcrumbs\" itemprop=\"breadcrumb\" class=\"breadcrumbs\"><li><a rel=\"home\" href=\"https:\/\/www.reteleelectrice.ro\/en\/\"><\/a><\/li><\/ul><\/section>\n\n    <section id=\"\" class=\"block-cardimage per-row-three\">\n                    <div class=\"card-image\">\n                <div class=\"image-cards\">\n                                        <img loading=\"lazy\" decoding=\"async\" width=\"392\" height=\"150\" src=\"https:\/\/www.reteleelectrice.ro\/wp-content\/uploads\/producatori_1cf682.webp?w=392&amp;h=150&amp;crop=1\" class=\"attachment-cardsthree size-cardsthree\" alt=\"Parc de turbine eoliene.\" srcset=\"https:\/\/www.reteleelectrice.ro\/wp-content\/uploads\/producatori_1cf682.webp 392w, https:\/\/www.reteleelectrice.ro\/wp-content\/uploads\/producatori_1cf682.webp?resize=300,115 300w, https:\/\/www.reteleelectrice.ro\/wp-content\/uploads\/producatori_1cf682.webp?resize=172,66 172w\" sizes=\"auto, (max-width: 392px) 100vw, 392px\">                <\/div>\n                <div class=\"text-container-cards\">\n                                            <div class=\"title-text\">\n                                                            <h3 class=\"title-cards\">\n                                    Connection to the grid                                <\/h3>\n                                                                                        <div class=\"text-cards\">\n                                    The connection of photovoltaic power plants, wind farms, or hydropower plants to the distribution network is essential for the stability and sustainable development of the energy system. Learn how you can connect as an energy producer to our distribution network.                                <\/div>\n                                                    <\/div>\n                                                                <a class=\"global-button global-button-transparent button-arrow-transparent\" href=\"https:\/\/www.reteleelectrice.ro\/en\/connection-to-the-grid\/producer\" title=\"Read more\" target=\"_self\">\n                               Read more                        <\/a> \n                                        <\/div>\n            <\/div>\n                    <div class=\"card-image\">\n                <div class=\"image-cards\">\n                                        <img loading=\"lazy\" decoding=\"async\" width=\"392\" height=\"150\" src=\"https:\/\/www.reteleelectrice.ro\/wp-content\/uploads\/acordarea-compensatiilor.webp?w=392&amp;h=150&amp;crop=1\" class=\"attachment-cardsthree size-cardsthree\" alt=\"B\u0103rbat care lucreaz\u0103 de acas\u0103, \u00eentr-un living modern.\" srcset=\"https:\/\/www.reteleelectrice.ro\/wp-content\/uploads\/acordarea-compensatiilor.webp 392w, https:\/\/www.reteleelectrice.ro\/wp-content\/uploads\/acordarea-compensatiilor.webp?resize=300,115 300w, https:\/\/www.reteleelectrice.ro\/wp-content\/uploads\/acordarea-compensatiilor.webp?resize=172,66 172w\" sizes=\"auto, (max-width: 392px) 100vw, 392px\">                <\/div>\n                <div class=\"text-container-cards\">\n                                            <div class=\"title-text\">\n                                                            <h3 class=\"title-cards\">\n                                    Compensation grants                                <\/h3>\n                                                                                        <div class=\"text-cards\">\n                                    Discover the compensations you are entitled to as an energy producer if we fail to meet the performance standard indicators!                                <\/div>\n                                                    <\/div>\n                                                                <a class=\"global-button global-button-transparent button-arrow-transparent\" href=\"https:\/\/www.reteleelectrice.ro\/en\/information\/performance-standard\/compensations\" title=\"Read more\" target=\"_self\">\n                               Read more                        <\/a> \n                                        <\/div>\n            <\/div>\n                    <div class=\"card-image\">\n                <div class=\"image-cards\">\n                                        <img loading=\"lazy\" decoding=\"async\" width=\"392\" height=\"150\" src=\"https:\/\/www.reteleelectrice.ro\/wp-content\/uploads\/legislatie-si-proceduri_7e4c43.webp?w=392&amp;h=150&amp;crop=1\" class=\"attachment-cardsthree size-cardsthree\" alt=\"Semnare contract \u00eentr-un mediu de afaceri.\" srcset=\"https:\/\/www.reteleelectrice.ro\/wp-content\/uploads\/legislatie-si-proceduri_7e4c43.webp 392w, https:\/\/www.reteleelectrice.ro\/wp-content\/uploads\/legislatie-si-proceduri_7e4c43.webp?resize=300,115 300w, https:\/\/www.reteleelectrice.ro\/wp-content\/uploads\/legislatie-si-proceduri_7e4c43.webp?resize=172,66 172w\" sizes=\"auto, (max-width: 392px) 100vw, 392px\">                <\/div>\n                <div class=\"text-container-cards\">\n                                            <div class=\"title-text\">\n                                                            <h3 class=\"title-cards\">\n                                    Legislation and procedures                                <\/h3>\n                                                                                        <div class=\"text-cards\">\n                                    Our activity as a distribution operator is regulated by competent authorities as well as internal procedures. Learn more by reading the legislation underpinning our services.                                <\/div>\n                                                    <\/div>\n                                                                <a class=\"global-button global-button-transparent button-arrow-transparent\" href=\"https:\/\/www.reteleelectrice.ro\/en\/information\/law-procedures\" title=\"Read more\" target=\"_self\">\n                               Read more                        <\/a> \n                                        <\/div>\n            <\/div>\n            <\/section>\n\n\n\n<p><\/p>\n<\/body>","protected":false},"excerpt":{"rendered":"<p>Find out about the services we offer to energy producers and how you can benefit from them.<\/p>\n","protected":false},"author":15,"featured_media":11447,"parent":18800,"menu_order":0,"comment_status":"closed","ping_status":"closed","template":"","meta":{"_acf_changed":false,"footnotes":""},"class_list":["post-18484","page","type-page","status-publish","has-post-thumbnail","hentry"],"acf":[],"yoast_head":"<!-- This site is optimized with the Yoast SEO Premium plugin v23.1 (Yoast SEO v27.1.1) - https:\/\/yoast.com\/product\/yoast-seo-premium-wordpress\/ -->\n<title>Energy producers | Retele Electrice<\/title>\n<meta name=\"description\" content=\"Find out about the services we offer to energy producers and how you can benefit from them.\" \/>\n<meta name=\"robots\" content=\"index, follow, max-snippet:-1, max-image-preview:large, max-video-preview:-1\" \/>\n<link rel=\"canonical\" href=\"https:\/\/www.reteleelectrice.ro\/en\/clients\/producers\/\" \/>\n<meta property=\"og:locale\" content=\"en_US\" \/>\n<meta property=\"og:type\" content=\"article\" \/>\n<meta property=\"og:title\" content=\"Energy producers | Re\u021bele Electrice\" \/>\n<meta property=\"og:description\" content=\"Find out about the services we offer to energy producers and how you can benefit from them.\" \/>\n<meta property=\"og:url\" content=\"https:\/\/www.reteleelectrice.ro\/en\/clients\/producers\/\" \/>\n<meta property=\"og:site_name\" content=\"reteleelectrice\" \/>\n<meta property=\"article:modified_time\" content=\"2025-07-16T12:41:34+00:00\" \/>\n<meta property=\"og:image\" content=\"https:\/\/www.reteleelectrice.ro\/wp-content\/uploads\/producatori_cbcac2.webp\" \/>\n\t<meta property=\"og:image:width\" content=\"920\" \/>\n\t<meta property=\"og:image:height\" content=\"400\" \/>\n\t<meta property=\"og:image:type\" content=\"image\/webp\" \/>\n<meta name=\"twitter:card\" content=\"summary_large_image\" \/>\n<meta name=\"twitter:title\" content=\"Energy producers | Re\u021bele Electrice\" \/>\n<meta name=\"twitter:description\" content=\"Find out about the services we offer to energy producers and how you can benefit from them.\" \/>\n<meta name=\"twitter:label1\" content=\"Est. reading time\" \/>\n\t<meta name=\"twitter:data1\" content=\"1 minute\" \/>\n<script type=\"application\/ld+json\" class=\"yoast-schema-graph\">{\"@context\":\"https:\/\/schema.org\",\"@graph\":[{\"@type\":\"WebPage\",\"@id\":\"https:\/\/www.reteleelectrice.ro\/en\/clients\/producers\/\",\"url\":\"https:\/\/www.reteleelectrice.ro\/en\/clients\/producers\/\",\"name\":\"Energy producers | Retele Electrice\",\"isPartOf\":{\"@id\":\"https:\/\/www.reteleelectrice.ro\/#website\"},\"primaryImageOfPage\":{\"@id\":\"https:\/\/www.reteleelectrice.ro\/en\/clients\/producers\/#primaryimage\"},\"image\":{\"@id\":\"https:\/\/www.reteleelectrice.ro\/en\/clients\/producers\/#primaryimage\"},\"thumbnailUrl\":\"https:\/\/www.reteleelectrice.ro\/wp-content\/uploads\/producatori_cbcac2.webp\",\"datePublished\":\"2024-10-30T14:12:07+00:00\",\"dateModified\":\"2025-07-16T12:41:34+00:00\",\"description\":\"Find out about the services we offer to energy producers and how you can benefit from them.\",\"breadcrumb\":{\"@id\":\"https:\/\/www.reteleelectrice.ro\/en\/clients\/producers\/#breadcrumb\"},\"inLanguage\":\"en-US\",\"potentialAction\":[{\"@type\":\"ReadAction\",\"target\":[\"https:\/\/www.reteleelectrice.ro\/en\/clients\/producers\/\"]}]},{\"@type\":\"ImageObject\",\"inLanguage\":\"en-US\",\"@id\":\"https:\/\/www.reteleelectrice.ro\/en\/clients\/producers\/#primaryimage\",\"url\":\"https:\/\/www.reteleelectrice.ro\/wp-content\/uploads\/producatori_cbcac2.webp\",\"contentUrl\":\"https:\/\/www.reteleelectrice.ro\/wp-content\/uploads\/producatori_cbcac2.webp\",\"width\":920,\"height\":400,\"caption\":\"Wind turbines producing renewable energy.\"},{\"@type\":\"BreadcrumbList\",\"@id\":\"https:\/\/www.reteleelectrice.ro\/en\/clients\/producers\/#breadcrumb\",\"itemListElement\":[{\"@type\":\"ListItem\",\"position\":1,\"name\":\"Home\",\"item\":\"https:\/\/www.reteleelectrice.ro\/en\/\"},{\"@type\":\"ListItem\",\"position\":2,\"name\":\"Our clients\",\"item\":\"https:\/\/www.reteleelectrice.ro\/en\/clients\/\"},{\"@type\":\"ListItem\",\"position\":3,\"name\":\"Energy producers\"}]},{\"@type\":\"WebSite\",\"@id\":\"https:\/\/www.reteleelectrice.ro\/#website\",\"url\":\"https:\/\/www.reteleelectrice.ro\/\",\"name\":\"reteleelectrice\",\"description\":\"\",\"potentialAction\":[{\"@type\":\"SearchAction\",\"target\":{\"@type\":\"EntryPoint\",\"urlTemplate\":\"https:\/\/www.reteleelectrice.ro\/?s={search_term_string}\"},\"query-input\":{\"@type\":\"PropertyValueSpecification\",\"valueRequired\":true,\"valueName\":\"search_term_string\"}}],\"inLanguage\":\"en-US\"}]}<\/script>\n<!-- \/ Yoast SEO Premium plugin. -->","yoast_head_json":{"title":"Energy producers | Retele Electrice","description":"Find out about the services we offer to energy producers and how you can benefit from them.","robots":{"index":"index","follow":"follow","max-snippet":"max-snippet:-1","max-image-preview":"max-image-preview:large","max-video-preview":"max-video-preview:-1"},"canonical":"https:\/\/www.reteleelectrice.ro\/en\/clients\/producers\/","og_locale":"en_US","og_type":"article","og_title":"Energy producers | Re\u021bele Electrice","og_description":"Find out about the services we offer to energy producers and how you can benefit from them.","og_url":"https:\/\/www.reteleelectrice.ro\/en\/clients\/producers\/","og_site_name":"reteleelectrice","article_modified_time":"2025-07-16T12:41:34+00:00","og_image":[{"width":920,"height":400,"url":"https:\/\/www.reteleelectrice.ro\/wp-content\/uploads\/producatori_cbcac2.webp","type":"image\/webp"}],"twitter_card":"summary_large_image","twitter_title":"Energy producers | Re\u021bele Electrice","twitter_description":"Find out about the services we offer to energy producers and how you can benefit from them.","twitter_misc":{"Est. reading time":"1 minute"},"schema":{"@context":"https:\/\/schema.org","@graph":[{"@type":"WebPage","@id":"https:\/\/www.reteleelectrice.ro\/en\/clients\/producers\/","url":"https:\/\/www.reteleelectrice.ro\/en\/clients\/producers\/","name":"Energy producers | Retele Electrice","isPartOf":{"@id":"https:\/\/www.reteleelectrice.ro\/#website"},"primaryImageOfPage":{"@id":"https:\/\/www.reteleelectrice.ro\/en\/clients\/producers\/#primaryimage"},"image":{"@id":"https:\/\/www.reteleelectrice.ro\/en\/clients\/producers\/#primaryimage"},"thumbnailUrl":"https:\/\/www.reteleelectrice.ro\/wp-content\/uploads\/producatori_cbcac2.webp","datePublished":"2024-10-30T14:12:07+00:00","dateModified":"2025-07-16T12:41:34+00:00","description":"Find out about the services we offer to energy producers and how you can benefit from them.","breadcrumb":{"@id":"https:\/\/www.reteleelectrice.ro\/en\/clients\/producers\/#breadcrumb"},"inLanguage":"en-US","potentialAction":[{"@type":"ReadAction","target":["https:\/\/www.reteleelectrice.ro\/en\/clients\/producers\/"]}]},{"@type":"ImageObject","inLanguage":"en-US","@id":"https:\/\/www.reteleelectrice.ro\/en\/clients\/producers\/#primaryimage","url":"https:\/\/www.reteleelectrice.ro\/wp-content\/uploads\/producatori_cbcac2.webp","contentUrl":"https:\/\/www.reteleelectrice.ro\/wp-content\/uploads\/producatori_cbcac2.webp","width":920,"height":400,"caption":"Wind turbines producing renewable energy."},{"@type":"BreadcrumbList","@id":"https:\/\/www.reteleelectrice.ro\/en\/clients\/producers\/#breadcrumb","itemListElement":[{"@type":"ListItem","position":1,"name":"Home","item":"https:\/\/www.reteleelectrice.ro\/en\/"},{"@type":"ListItem","position":2,"name":"Our clients","item":"https:\/\/www.reteleelectrice.ro\/en\/clients\/"},{"@type":"ListItem","position":3,"name":"Energy producers"}]},{"@type":"WebSite","@id":"https:\/\/www.reteleelectrice.ro\/#website","url":"https:\/\/www.reteleelectrice.ro\/","name":"reteleelectrice","description":"","potentialAction":[{"@type":"SearchAction","target":{"@type":"EntryPoint","urlTemplate":"https:\/\/www.reteleelectrice.ro\/?s={search_term_string}"},"query-input":{"@type":"PropertyValueSpecification","valueRequired":true,"valueName":"search_term_string"}}],"inLanguage":"en-US"}]}},"parsely":{"version":"1.1.0","canonical_url":"https:\/\/reteleelectrice.ro\/en\/clients\/producers\/","smart_links":{"inbound":0,"outbound":0},"traffic_boost_suggestions_count":0,"meta":{"@context":"https:\/\/schema.org","@type":"WebPage","headline":"Energy producers","url":"http:\/\/www.reteleelectrice.ro\/en\/clients\/producers\/","mainEntityOfPage":{"@type":"WebPage","@id":"http:\/\/www.reteleelectrice.ro\/en\/clients\/producers\/"},"thumbnailUrl":"https:\/\/www.reteleelectrice.ro\/wp-content\/uploads\/producatori_cbcac2.webp?w=150&h=150&crop=1","image":{"@type":"ImageObject","url":"https:\/\/www.reteleelectrice.ro\/wp-content\/uploads\/producatori_cbcac2.webp"},"articleSection":"Uncategorized","author":[{"@type":"Person","name":"Ancuta Ciocoiu"}],"creator":["Ancuta Ciocoiu"],"publisher":{"@type":"Organization","name":"reteleelectrice","logo":""},"keywords":[],"dateCreated":"2024-10-30T14:12:07Z","datePublished":"2024-10-30T14:12:07Z","dateModified":"2025-07-16T12:41:34Z"},"rendered":"<script type=\"application\/ld+json\" class=\"wp-parsely-metadata\">{\"@context\":\"https:\\\/\\\/schema.org\",\"@type\":\"WebPage\",\"headline\":\"Energy producers\",\"url\":\"http:\\\/\\\/www.reteleelectrice.ro\\\/en\\\/clients\\\/producers\\\/\",\"mainEntityOfPage\":{\"@type\":\"WebPage\",\"@id\":\"http:\\\/\\\/www.reteleelectrice.ro\\\/en\\\/clients\\\/producers\\\/\"},\"thumbnailUrl\":\"https:\\\/\\\/www.reteleelectrice.ro\\\/wp-content\\\/uploads\\\/producatori_cbcac2.webp?w=150&h=150&crop=1\",\"image\":{\"@type\":\"ImageObject\",\"url\":\"https:\\\/\\\/www.reteleelectrice.ro\\\/wp-content\\\/uploads\\\/producatori_cbcac2.webp\"},\"articleSection\":\"Uncategorized\",\"author\":[{\"@type\":\"Person\",\"name\":\"Ancuta Ciocoiu\"}],\"creator\":[\"Ancuta Ciocoiu\"],\"publisher\":{\"@type\":\"Organization\",\"name\":\"reteleelectrice\",\"logo\":\"\"},\"keywords\":[],\"dateCreated\":\"2024-10-30T14:12:07Z\",\"datePublished\":\"2024-10-30T14:12:07Z\",\"dateModified\":\"2025-07-16T12:41:34Z\"}<\/script>","tracker_url":"https:\/\/cdn.parsely.com\/keys\/reteleelectrice.ro\/p.js"},"jetpack_sharing_enabled":true,"_links":{"self":[{"href":"https:\/\/www.reteleelectrice.ro\/en\/wp-json\/wp\/v2\/pages\/18484","targetHints":{"allow":["GET"]}}],"collection":[{"href":"https:\/\/www.reteleelectrice.ro\/en\/wp-json\/wp\/v2\/pages"}],"about":[{"href":"https:\/\/www.reteleelectrice.ro\/en\/wp-json\/wp\/v2\/types\/page"}],"author":[{"embeddable":true,"href":"https:\/\/www.reteleelectrice.ro\/en\/wp-json\/wp\/v2\/users\/15"}],"replies":[{"embeddable":true,"href":"https:\/\/www.reteleelectrice.ro\/en\/wp-json\/wp\/v2\/comments?post=18484"}],"version-history":[{"count":3,"href":"https:\/\/www.reteleelectrice.ro\/en\/wp-json\/wp\/v2\/pages\/18484\/revisions"}],"predecessor-version":[{"id":20407,"href":"https:\/\/www.reteleelectrice.ro\/en\/wp-json\/wp\/v2\/pages\/18484\/revisions\/20407"}],"up":[{"embeddable":true,"href":"https:\/\/www.reteleelectrice.ro\/en\/wp-json\/wp\/v2\/pages\/18800"}],"wp:featuredmedia":[{"embeddable":true,"href":"https:\/\/www.reteleelectrice.ro\/en\/wp-json\/wp\/v2\/media\/11447"}],"wp:attachment":[{"href":"https:\/\/www.reteleelectrice.ro\/en\/wp-json\/wp\/v2\/media?parent=18484"}],"curies":[{"name":"wp","href":"https:\/\/api.w.org\/{rel}","templated":true}]}}